{"id":2895,"date":"2021-05-04T03:01:35","date_gmt":"2021-05-04T01:01:35","guid":{"rendered":"https:\/\/chartreux.org\/moines\/?page_id=2895"},"modified":"2021-11-24T20:49:48","modified_gmt":"2021-11-24T19:49:48","slug":"vita-spirituale","status":"publish","type":"page","link":"https:\/\/chartreux.org\/moines\/it\/vita-spirituale\/","title":{"rendered":"Vita spirituale"},"content":{"rendered":"\n<div class=\"wp-block-columns is-layout-flex wp-container-core-columns-is-layout-9d6595d7 wp-block-columns-is-layout-flex\">\n<div class=\"wp-block-column is-layout-flow wp-block-column-is-layout-flow\" style=\"flex-basis:66.66%\">\n<p><\/p>\n<div id=\"toc_container\">\n<ul class=\"toc_list\">\n  <li><a href=\"#1\">1\u00b0 panello : L&rsquo;orientamento fondamentale<\/a><\/li>\n  <li><a href=\"#2\">2\u00b0 panello : Il luogo della purificazione<\/a><\/li>\n  <li><a href=\"#3\">3\u00b0 panello : L&rsquo;opera della grazia<\/a><\/li>\n<\/ul>\n<\/div>\n<\/div>\n\n\n\n<div class=\"wp-block-column is-layout-flow wp-block-column-is-layout-flow\" style=\"flex-basis:33.33%\"><\/div>\n<\/div>\n\n\n\n<h3 class=\"has-text-align-center wp-block-heading\" id=\"1\">Trittico<br><br>1\u00b0 pannello : L&rsquo;orientamento fondamentale<\/h3>\n\n\n\n<p>Il cuore della vita cristiana \u00e8 l&rsquo;amore: di Dio e degli uomini. Ci\u00f2 pu\u00f2 incarnarsi in una vita di apostolato attivo, ma anche in quella di uomini e donne che si consacrano a Dio nella vita puramente contemplativa.<\/p>\n\n\n\n<div class=\"wp-block-image\"><figure class=\"alignleft size-large is-resized\"><img decoding=\"async\" src=\"https:\/\/chartreux.org\/moines\/wp-content\/uploads\/2021\/01\/2-P1010039-768x1024.jpg\" alt=\"\" class=\"wp-image-1322\" width=\"416\" height=\"555\" srcset=\"https:\/\/chartreux.org\/moines\/wp-content\/uploads\/2021\/01\/2-P1010039-768x1024.jpg 768w, https:\/\/chartreux.org\/moines\/wp-content\/uploads\/2021\/01\/2-P1010039-225x300.jpg 225w, https:\/\/chartreux.org\/moines\/wp-content\/uploads\/2021\/01\/2-P1010039-1152x1536.jpg 1152w, https:\/\/chartreux.org\/moines\/wp-content\/uploads\/2021\/01\/2-P1010039.jpg 1536w\" sizes=\"(max-width: 416px) 100vw, 416px\" \/><\/figure><\/div>\n\n\n\n<p>Dio chiama liberamente. \u00c8 un invito intimo a condividere con lui tutta la sua vita, a seguirlo da vicino. E questo a volte si impone in modo ineludibile e radicale: <em>\u00a0\u00bb Mi hai sedotto, Signore, e io mi sono lasciato sedurre; mi hai fatto forza e hai prevalso \u00a0\u00bb <\/em>(Ger 20,7). Chi ha sperimentato l&rsquo;amore di Dio, desiderer\u00e0 rispondere al suo amore.<\/p>\n\n\n\n<p>Una comunit\u00e0 certosina \u00e8 una piccola famiglia raccolta in una medesima chiamata. Raggruppati sotto un priore, i monaci vivono quasi sempre in solitudine, celebrando insieme la Santa Eucaristia ed il canto dei Vespri e dell\u2019Ufficio Notturno. In cella, nelle obbedienze o nei campi, essi perseguono instancabilmente la loro ricerca di quel Dio che li ha condotti insieme nel deserto.<\/p>\n\n\n\n<p>Assetati dei vasti spazi della libert\u00e0 interiore, sono entrati in solitudine. Le privazioni abbracciate hanno l&rsquo;unico scopo di renderli pi\u00f9 disponibili all&rsquo;Assoluto di Dio ed alla carit\u00e0 di Cristo. Radicati nella stabilit\u00e0 monastica e lontani dal mondo, conducono una vita povera e semplice. Sottomessi in tutto e celibi, ad imitazione di Cristo loro Maestro, sono fatti spazio di ricettivit\u00e0 al mistero di salvezza.<\/p>\n\n\n\n<p>Quotidianamente, pongono orecchio attento alla chiamata di Cristo, crescendo sempre pi\u00f9 nella sua comunione. La Parola di Dio riempie il loro silenzio. Attraverso lo spogliamento ed un\u2019ascesi coraggiosa, sono solidali con tutti coloro che stanno lottando, ovunque si trovino. Camminano in ascolto del cuore umano lungo orizzonti sempre pi\u00f9 remoti, tenendo accesa la fiamma della fede e della carit\u00e0` e contemplando il mistero dell\u2019uomo alla luce del crocifisso risorto, speranza della gloria. <\/p>\n\n\n\n<p>Nel cuore dell\u2019umanit\u00e0, sebbene nascosti al mondo, gli ricordano le sue origini divine ed il destino spirituale racchiuso in ogni uomo; sono, cos\u00ec, custodi fedeli della dignit\u00e0 e della libert\u00e0 della persona. Accesi del desiderio dell&rsquo;Eterno, camminano un esodo tanto vasto, quanto circoscritto nella finitudine dell\u2019eremo: reclusi in una cella, fioriscono liberi nel Cuore di Dio.<\/p>\n\n\n\n<h3 class=\"has-text-align-center wp-block-heading\" id=\"2\"><br>2\u00b0 pannello : Il luogo della purificazione<\/h3>\n\n\n\n<p><em>\u00ab\u00a0Dio resiste ai superbi, ma d\u00e0 grazia agli umili\u00a0\u00bb<\/em> (1Pt 5,5). Il deserto \u00e8 un fuoco purificatore.<\/p>\n\n\n\n<p><a href=\"#toc_container\" class=\"returnToTop\"> Torna all\u2019inizio! \u2191 <\/a><\/p>\n\n\n\n<p>Nella solitudine, tutto ci\u00f2 che siamo veramente viene a galla. Tutta la bassezza che abbiamo permesso si insinuasse in noi, diviene manifesta, tutto il male che c&rsquo;\u00e8 in noi \u00e8 rivelato. Scopriamo la nostra miseria, la nostra profonda debolezza, la nostra viscerale impotenza. <\/p>\n\n\n\n<div class=\"wp-block-image\"><figure class=\"alignright size-large is-resized\"><img decoding=\"async\" src=\"https:\/\/chartreux.org\/moines\/wp-content\/uploads\/2020\/11\/Ser-Brun-c-1.jpg\" alt=\"\" class=\"wp-image-885\" width=\"322\" height=\"577\" srcset=\"https:\/\/chartreux.org\/moines\/wp-content\/uploads\/2020\/11\/Ser-Brun-c-1.jpg 481w, https:\/\/chartreux.org\/moines\/wp-content\/uploads\/2020\/11\/Ser-Brun-c-1-167x300.jpg 167w\" sizes=\"(max-width: 322px) 100vw, 322px\" \/><figcaption> <br><\/figcaption><\/figure><\/div>\n\n\n\n<p>Qui non \u00e8 possibile camuffare i artifici che usiamo per nascondere quegli aspetti di noi stessi che non ci piacciono e che sono particolarmente lontani dal desiderio di Colui che vede tutto e penetra tutto. Diventa evidente che ci giustifichiamo troppo facilmente considerando i nostri difetti come tratti del carattere.<\/p>\n\n\n\n<p>Qui diventiamo vulnerabili. Il deserto non offre via di fuga. Non vi troveremo distrazione sufficiente, delle scuse. Ci scopriremo invece faccia a faccia con la profonda realt\u00e0 di chi noi siamo. Non sar\u00e0 possibile distogliere lo sguardo.<\/p>\n\n\n\n<p>Le false costruzioni cederanno e, con esse, i muri di difesa. Perch\u00e9 chi pu\u00f2 dire veramente quante volte cerchiamo di ingannare noi stessi, assai pi\u00f9 anche degli altri? La pretesa di conoscere le realt\u00e0 divine si dissolve, di fronte a Colui che rimane il Completamente Altro. <\/p>\n\n\n\n<p>\u00c8 un sentiero ripido, al buio, a tentoni, guidato dalla sola fede. Ma un sentiero di verit\u00e0. Tutte le sicurezze personali rimarranno avvigliate ai rovi della via, lasciandoci con quest\u2019 unica certezza: da noi stessi, non possiamo fare nulla.<\/p>\n\n\n\n<p>Era qui, in fine, che Dio ci attendeva, poich\u00e9` solo il vaso vuoto potr\u00e0 essere ricolmato. Desiderando riempirci di S\u00e9, egli ci spoglier\u00e0 di tutto il resto. Proprio a partire dalla nostra miseria, la sua mano operer\u00e0 meraviglie che rimarranno nascoste ai nostri stessi occhi. Tutta la nostra gioia sar\u00e0 quella di lasciarci trasformare da Colui il cui nome \u00e8: Amore.<\/p>\n\n\n\n<h3 class=\"has-text-align-center wp-block-heading\" id=\"3\"><br>3\u00b0 pannello : L&rsquo;opera della grazia<\/h3>\n\n\n\n<p>Il monaco cui \u00e8 stato dato di disprezzare il mondo e di disprezzare se stesso, a cui \u00e8 stato dato &#8211; in altre parole &#8211; di contare per nulla quanto non \u00e8, spogliato di se stesso, vede la Sapienza divina prendere il proprio posto. Ogni immagine creata ed ogni desiderio limitato essendo stati purificati nella prova, partecipa ora di quello specchio terso, di cui parla Salomone (Sap 7, 26). Il Padre vi si contempla, inondandolo della sua gloria e dell&rsquo;ardore del suo amore.<\/p>\n\n\n\n<p>Le \u00ab\u00a0devozioni\u00a0\u00bb, in cui le facolt\u00e0 dell&rsquo;anima sono pi\u00f9 o meno disperse all&rsquo;inizio di una vita di preghiera, assumono ora un significato unico. Le \u00ab\u00a0pratiche\u00a0\u00bb si riducono ad un unico atto, ricevuto piuttosto che prodotto, e di immenso valore, poich\u00e9 di ordine divino. \u00c8 lasciare che Dio viva in noi stessi. Possiamo chiamarla carit\u00e0, fede, fiducia, adorazione, ringraziamento. Tutte queste parole divengono sinonimi e come sostanze in accensione. Il cuore, abbagliato, \u00e8 fatto una cosa sola con l\u2019Amore.<\/p>\n\n\n\n<p>Quando la grazia ricostruisce in noi lo splendore della somiglianza divina, non solo riceviamo in noi stessi l&rsquo;abbondanza della vita trinitaria, ma possiamo condividere nel Corpo Mistico quella stessa carit\u00e0 che ora beviamo alla sua fonte.<\/p>\n\n\n\n<p>L&rsquo;uomo di preghiera, agendo solo in Dio e per Dio, \u00e8 posto al centro stesso dei cuori. Di li`, egli \u00e8 in comunione con tutti e condivide con tutti la pienezza di grazia di cui \u00e8 ricolmato. <em>\u00ab\u00a0Chi crede in me, dal suo seno sgorgheranno fiumi di acqua viva\u00a0\u00bb<\/em>, dice il Signore. <em>\u00a0\u00bb Questo egli disse \u00ab\u00a0<\/em>, aggiunge san Giovanni, <em>\u00a0\u00bb riferendosi allo Spirito che avrebbero ricevuto i credenti in lui \u00a0\u00bb <\/em>(Gv 7,38-39). Resi pienamente umani, vediamo l\u2019anelito dell\u2019uomo pienamente realizzato in noi stessi: uno con Cristo, diveniamo in qualche misura l&rsquo;Amato stesso, il desiderio delle colline eterne.<\/p>\n\n\n\n<p>Colui che \u00e9 perduto nel bacio dell&rsquo;essenza divina, si lascia generare con il Figlio secondo i desideri del Padre; partecipa della spirazione dello Spirito consolante, diventa lui stesso consolatore. Essi pu\u00f2 dare cos\u00ec alle anime, senza voltarsi indietro, la gioia eterna di cui \u00e9 ebbrio; il cuore fatto colmo della carit\u00e0 di Dio, illumina e riscalda il mondo.<\/p>\n\n\n\n<p>Senza dubbio, queste cose appariranno stolte alla saggezza del mondo: esso, irretito nel fuggevole, non comprende l\u2019eterno. Le vie del mondo non sono per\u00f2 le nostre, i nostri pensieri non sono i suoi. Ma ancora un po\u2019, e l&rsquo;attesa di tutta la creazione sar\u00e0 colmata, nella glorificazione dei figli di Dio.<\/p>\n\n\n\n<p>Per essere stabilito alla fonte di ogni fecondit\u00e0 &#8211; sulle vette della contemplazione &#8211; il solitario certosino sprofonda nel suo nulla, morendo dinanzi a se stesso e al mondo. Realizza cos\u00ec il suo meraviglioso ideale: vivere da Dio in solitudine.<\/p>\n\n\n\n<p><em>O Bonitas!<\/em><\/p>\n\n\n\n<div class=\"wp-block-image\"><figure class=\"aligncenter size-large\"><img decoding=\"async\" width=\"1024\" height=\"430\" src=\"https:\/\/chartreux.org\/moines\/wp-content\/uploads\/2020\/11\/PL-spaci8rec-1024x430.jpg\" alt=\"\" class=\"wp-image-888\" srcset=\"https:\/\/chartreux.org\/moines\/wp-content\/uploads\/2020\/11\/PL-spaci8rec-1024x430.jpg 1024w, https:\/\/chartreux.org\/moines\/wp-content\/uploads\/2020\/11\/PL-spaci8rec-300x126.jpg 300w, https:\/\/chartreux.org\/moines\/wp-content\/uploads\/2020\/11\/PL-spaci8rec-768x323.jpg 768w, https:\/\/chartreux.org\/moines\/wp-content\/uploads\/2020\/11\/PL-spaci8rec-1536x645.jpg 1536w, https:\/\/chartreux.org\/moines\/wp-content\/uploads\/2020\/11\/PL-spaci8rec.jpg 1638w\" sizes=\"(max-width: 1024px) 100vw, 1024px\" \/><\/figure><\/div>\n\n\n\n<p><a href=\"#toc_container\" class=\"returnToTop\"> Torna all\u2019inizio! \u2191 <\/a><\/p>\n","protected":false},"excerpt":{"rendered":"<p>1\u00b0 panello : L&rsquo;orientamento fondamentale 2\u00b0 panello : Il luogo della purificazione 3\u00b0 panello : L&rsquo;opera [&hellip;]<\/p>\n","protected":false},"author":1,"featured_media":0,"parent":0,"menu_order":0,"comment_status":"closed","ping_status":"closed","template":"template-full-width.php","meta":{"footnotes":""},"class_list":["post-2895","page","type-page","status-publish","hentry"],"_links":{"self":[{"href":"https:\/\/chartreux.org\/moines\/wp-json\/wp\/v2\/pages\/2895","targetHints":{"allow":["GET"]}}],"collection":[{"href":"https:\/\/chartreux.org\/moines\/wp-json\/wp\/v2\/pages"}],"about":[{"href":"https:\/\/chartreux.org\/moines\/wp-json\/wp\/v2\/types\/page"}],"author":[{"embeddable":true,"href":"https:\/\/chartreux.org\/moines\/wp-json\/wp\/v2\/users\/1"}],"replies":[{"embeddable":true,"href":"https:\/\/chartreux.org\/moines\/wp-json\/wp\/v2\/comments?post=2895"}],"version-history":[{"count":0,"href":"https:\/\/chartreux.org\/moines\/wp-json\/wp\/v2\/pages\/2895\/revisions"}],"wp:attachment":[{"href":"https:\/\/chartreux.org\/moines\/wp-json\/wp\/v2\/media?parent=2895"}],"curies":[{"name":"wp","href":"https:\/\/api.w.org\/{rel}","templated":true}]}}