{"id":2888,"date":"2021-05-04T02:48:31","date_gmt":"2021-05-04T00:48:31","guid":{"rendered":"https:\/\/chartreux.org\/moines\/?page_id=2888"},"modified":"2024-06-27T17:36:19","modified_gmt":"2024-06-27T15:36:19","slug":"liturgie","status":"publish","type":"page","link":"https:\/\/chartreux.org\/moines\/de\/liturgie\/","title":{"rendered":"Die Liturgie"},"content":{"rendered":"\n<div class=\"wp-block-columns is-layout-flex wp-container-core-columns-is-layout-9d6595d7 wp-block-columns-is-layout-flex\">\n<div class=\"wp-block-column is-layout-flow wp-block-column-is-layout-flow\">\n<p><\/p>\n<div id=\"toc_container\">\n<ul class=\"toc_list\">\n  <li><a href=\"#1\">1. Merkmale der kartusianischen Liturgie<\/a><\/li>\n  <li><a href=\"#2\">2. Das eucharistische Opfer<\/a><\/li>\n  <li><a href=\"#3\">3. Das Stundengebet<\/a><\/li>\n  <li><a href=\"#4\">4. Die Selige Jungfrau Maria<\/a><\/li>\n<li><a href=\"#5\">5. Anh\u00f6ren<\/a><\/li>\n<\/ul>\n<\/div>\n<\/div>\n\n\n\n<div class=\"wp-block-column is-layout-flow wp-block-column-is-layout-flow\">\n<figure class=\"wp-block-image size-large\"><img decoding=\"async\" width=\"1024\" height=\"753\" src=\"https:\/\/chartreux.org\/moines\/wp-content\/uploads\/2021\/01\/Off-nuit-03-1024x753.jpg\" alt=\"\" class=\"wp-image-1459\" srcset=\"https:\/\/chartreux.org\/moines\/wp-content\/uploads\/2021\/01\/Off-nuit-03-1024x753.jpg 1024w, https:\/\/chartreux.org\/moines\/wp-content\/uploads\/2021\/01\/Off-nuit-03-300x220.jpg 300w, https:\/\/chartreux.org\/moines\/wp-content\/uploads\/2021\/01\/Off-nuit-03-768x564.jpg 768w, https:\/\/chartreux.org\/moines\/wp-content\/uploads\/2021\/01\/Off-nuit-03.jpg 1464w\" sizes=\"(max-width: 1024px) 100vw, 1024px\" \/><\/figure>\n<\/div>\n<\/div>\n\n\n\n<h3 class=\"wp-block-heading\" id=\"1\">1. Merkmale der kartusianischen Liturgie<\/h3>\n\n\n\n<p>Nach den Worten von Guigo I., dem ersten Gesetzgeber der kartusianischen Berufung, ist die Liturgie der edelste Teil unseres Lebens. Die Liturgie der Kart\u00e4userm\u00f6nche ist gepr\u00e4gt von ihrer eremitischen Berufung. Der ihnen eigene gregorianische Gesang ist ein von Anfang an bewahrtes Element ihres Erbes; er f\u00f6rdert die Innerlichkeit und die geistige N\u00fcchternheit. Bald nach ihrer Ankunft im Tal der Chartreuse, bildeten der Heilige Bruno und seine Gef\u00e4hrten eine besondere Liturgie heraus, die ihrer eremitischen Berufung und ihrer geringen Anzahl angepasst war. Im Laufe der Jahrhunderte haben unsere V\u00e4ter darauf geachtet, diese Liturgie zu bewahren, die unserem einsamen und kontemplativen Leben eigen ist. Die Texte und Riten der kartusianischen Liturgie wurden nach den Richtlinien des Zweiten Vatikanischen Konzils \u00fcberarbeitet.<\/p>\n\n\n\n<p>Im Vergleich zur r\u00f6mischen Liturgie zeichnet sich der kartusianische Ritus durch gro\u00dfe Einfachheit und N\u00fcchternheit in den \u00e4u\u00dferen Formen aus, welche die Vereinigung der Seele mit Gott jenseits des Sichtbaren und F\u00fchlbaren beg\u00fcnstigen. Einige der Elemente, die unserer Liturgie eigen sind, sind: die vielen eingeschobenen Zeiten der Stille, das Verbot s\u00e4mtlicher Musikinstrumente, der n\u00fcchterne gregorianische Gesang, der Verzicht auf mehrstimmige Ges\u00e4nge. Fast alle der gesungenen Texte sind der Heiligen Schrift entnommen.<\/p>\n\n\n\n<h3 class=\"wp-block-heading\" id=\"2\">2. Das eucharistische Opfer<\/h3>\n\n\n\n<p>Die Feier des eucharistischen Opfers ist das Zentrum und der H\u00f6hepunkt des Gemeinschaftslebens: Jeden Tag versammeln sich die M\u00f6nche, um das Passah des Herrn zu feiern. Der Kart\u00e4userorden hat bis heute einen eigenen Messritus bewahrt, dessen Herkunft auf das 11. bis 12. Jahrhundert zur\u00fcckgeht; obgleich monastischen Ursprungs, ist er ein Zweig des r\u00f6mischen Ritus. An jenen Tagen, an denen das Kart\u00e4userleben einen gemeinschaftlichen Charakter annimmt, d. h. an Sonntagen und gro\u00dfen Festen, kann das Konventamt auch konzelebriert werden. An allen anderen Tagen steht nur ein Zelebrant am Altar, und das eucharistische Hochgebet wird mit leiser Stimme gesprochen. Die Gemeinschaft beteiligt sich an dieser eucharistischen Liturgie durch gregorianische Ges\u00e4nge, inneres Gebet und Kommunionempfang. Die eucharistischen Gaben werden stets mit dem Humerale zum Altar gebracht. Die Gemeinschaft prosterniert sich zur Anbetung w\u00e4hrend der Wandlung. Es ist charakteristisch f\u00fcr den Ritus der Kart\u00e4usermesse, dass der Priester fast immer allein im Altarraum ist (die anderen Diener ziehen sich zur\u00fcck, sobald ihr Dienst beendet ist), dass er seine Arme w\u00e4hrend des eucharistischen Hochgebetes in Kreuzesform ausgestreckt h\u00e4lt und dass es keinen Schlusssegen gibt. Vor der Messe \u2013 um sich vorzubereiten \u2013 und danach \u2013 um Dank zu sagen \u2013 prosterniert sich der Priester an den Stufen des Altars.<\/p>\n\n\n\n<div class=\"wp-block-columns is-layout-flex wp-container-core-columns-is-layout-9d6595d7 wp-block-columns-is-layout-flex\">\n<div class=\"wp-block-column is-layout-flow wp-block-column-is-layout-flow\" style=\"flex-basis:25%\">\n<figure class=\"wp-block-image size-large\"><img decoding=\"async\" width=\"679\" height=\"1024\" src=\"https:\/\/chartreux.org\/moines\/wp-content\/uploads\/2021\/02\/prost_priestTR-679x1024.jpg\" alt=\"\" class=\"wp-image-1741\" srcset=\"https:\/\/chartreux.org\/moines\/wp-content\/uploads\/2021\/02\/prost_priestTR-679x1024.jpg 679w, https:\/\/chartreux.org\/moines\/wp-content\/uploads\/2021\/02\/prost_priestTR-199x300.jpg 199w, https:\/\/chartreux.org\/moines\/wp-content\/uploads\/2021\/02\/prost_priestTR-768x1159.jpg 768w, https:\/\/chartreux.org\/moines\/wp-content\/uploads\/2021\/02\/prost_priestTR-1018x1536.jpg 1018w, https:\/\/chartreux.org\/moines\/wp-content\/uploads\/2021\/02\/prost_priestTR-1358x2048.jpg 1358w, https:\/\/chartreux.org\/moines\/wp-content\/uploads\/2021\/02\/prost_priestTR-scaled.jpg 1697w\" sizes=\"(max-width: 679px) 100vw, 679px\" \/><\/figure>\n<\/div>\n\n\n\n<div class=\"wp-block-column is-layout-flow wp-block-column-is-layout-flow\" style=\"flex-basis:50%\">\n<figure class=\"wp-block-image size-large\"><img decoding=\"async\" width=\"840\" height=\"633\" src=\"https:\/\/chartreux.org\/moines\/wp-content\/uploads\/2021\/05\/tamino230ret.jpg\" alt=\"\" class=\"wp-image-3124\" srcset=\"https:\/\/chartreux.org\/moines\/wp-content\/uploads\/2021\/05\/tamino230ret.jpg 840w, https:\/\/chartreux.org\/moines\/wp-content\/uploads\/2021\/05\/tamino230ret-300x226.jpg 300w, https:\/\/chartreux.org\/moines\/wp-content\/uploads\/2021\/05\/tamino230ret-768x579.jpg 768w\" sizes=\"(max-width: 840px) 100vw, 840px\" \/><\/figure>\n<\/div>\n\n\n\n<div class=\"wp-block-column is-layout-flow wp-block-column-is-layout-flow\" style=\"flex-basis:25%\">\n<figure class=\"wp-block-image size-large\"><img decoding=\"async\" width=\"683\" height=\"1024\" src=\"https:\/\/chartreux.org\/moines\/wp-content\/uploads\/2021\/05\/Montrieux-B-143.jpg\" alt=\"\" class=\"wp-image-3139\" srcset=\"https:\/\/chartreux.org\/moines\/wp-content\/uploads\/2021\/05\/Montrieux-B-143.jpg 683w, https:\/\/chartreux.org\/moines\/wp-content\/uploads\/2021\/05\/Montrieux-B-143-200x300.jpg 200w\" sizes=\"(max-width: 683px) 100vw, 683px\" \/><\/figure>\n<\/div>\n<\/div>\n\n\n\n<p>\u201e<em>W\u00e4hrend der stillen Zeiten innerhalb der Messe wird Raum gegeben zum Gebet und zur Betrachtung dessen, was sich da ereignet und vom Priester vollzogen wird, damit so alle teilnehmen am gegenw\u00e4rtigen Opfer, sowohl als Opfernde als auch durch geistige Anteilnahme. Wegen der einzigartigen Gegenwart der G\u00f6ttlichen Majest\u00e4t ist n\u00e4mlich kein Ort der Erde so geeignet und keine Zeit so g\u00fcnstig f\u00fcr das Gebet im Geist, wie es dort der Fall ist, wo jenes heilwirkende und heiligste Opfer Gott dargebracht wird.\u201c<\/em> (Statuten 57,9)<\/p>\n\n\n\n<p>Zu einem anderen Zeitpunkt (normalerweise im Anschluss an das Konventamt) zelebriert jeder Priesterm\u00f6nch die heiligen Messe allein in einer Kapelle, wo er sich die universelle Tragweite des eucharistischen Opfers zu eigen macht. Ein Augenblick voller Intensit\u00e4t und innerer Sammlung.<\/p>\n\n\n\n<p><a href=\"#toc_container\" class=\"returnToTop\"> zur\u00fcck nach oben \u2191 <\/a><\/p>\n\n\n\n<h3 class=\"wp-block-heading\" id=\"3\">3. Das Stundengebet<\/h3>\n\n\n\n<p>Ein weiterer markanter Punkt des liturgischen Tages sind die Matutin und Laudes, die mitten in der Nacht in der Kirche gefeiert werden: zwei oder drei Stunden lang, je nach Tag, wechseln sich Psalmengesang und Lesungen aus der Heiligen Schrift oder aus den Kirchenv\u00e4tern mit Zeiten der Stille und F\u00fcrbittgebeten ab. Den Kart\u00e4usern ist besonders an diesem langen Nachtoffizium gelegen, in dem jeder, vereint mit allen seinen Br\u00fcdern, aber dennoch auf ganz pers\u00f6nliche Weise, eine intensive und tiefe Gemeinschaft mit Gott leben kann.<\/p>\n\n\n\n<p>Der Gesang (Antiphonen, Responsorien, Hymnen, Proprium der Messe, Kyriale) wird immer in lateinischer Sprache gesungen, nach den dem Kart\u00e4userorden eigenen gregorianischen Melodien. Einige H\u00e4user des Ordens singen die Psalmodie in der Landessprache, andere auf Latein. Die Lesungen sind in der Landessprache. In der Zelle kann jeder w\u00e4hlen, ob er das Offizium auf Latein oder in der Landessprache rezitieren m\u00f6chte, je nach seiner pers\u00f6nlichen Neigung.<\/p>\n\n\n\n<div class=\"wp-block-columns is-layout-flex wp-container-core-columns-is-layout-9d6595d7 wp-block-columns-is-layout-flex\">\n<div class=\"wp-block-column is-layout-flow wp-block-column-is-layout-flow\">\n<figure class=\"wp-block-image size-large\"><img decoding=\"async\" width=\"489\" height=\"327\" src=\"https:\/\/chartreux.org\/moines\/wp-content\/uploads\/2021\/02\/XCopy-of-TR_MonkInCell-1.jpg\" alt=\"\" class=\"wp-image-1591\" srcset=\"https:\/\/chartreux.org\/moines\/wp-content\/uploads\/2021\/02\/XCopy-of-TR_MonkInCell-1.jpg 489w, https:\/\/chartreux.org\/moines\/wp-content\/uploads\/2021\/02\/XCopy-of-TR_MonkInCell-1-300x201.jpg 300w\" sizes=\"(max-width: 489px) 100vw, 489px\" \/><\/figure>\n<\/div>\n\n\n\n<div class=\"wp-block-column is-layout-flow wp-block-column-is-layout-flow\">\n<figure class=\"wp-block-image size-large\"><img decoding=\"async\" width=\"1024\" height=\"682\" src=\"https:\/\/chartreux.org\/moines\/wp-content\/uploads\/2021\/02\/PL-eglise-2-1024x682.jpg\" alt=\"\" class=\"wp-image-1587\" srcset=\"https:\/\/chartreux.org\/moines\/wp-content\/uploads\/2021\/02\/PL-eglise-2-1024x682.jpg 1024w, https:\/\/chartreux.org\/moines\/wp-content\/uploads\/2021\/02\/PL-eglise-2-300x200.jpg 300w, https:\/\/chartreux.org\/moines\/wp-content\/uploads\/2021\/02\/PL-eglise-2-768x512.jpg 768w, https:\/\/chartreux.org\/moines\/wp-content\/uploads\/2021\/02\/PL-eglise-2.jpg 1040w\" sizes=\"(max-width: 1024px) 100vw, 1024px\" \/><\/figure>\n<\/div>\n<\/div>\n\n\n\n<p>Gegen Ende des Tages treffen sich die M\u00f6nche erneut in der Kirche, um gemeinsam die Vesper zu singen. Die anderen Teile des Offiziums werden von jedem M\u00f6nch in seiner Zelle gebetet, au\u00dfer an Sonntagen und bestimmten Festtagen, an denen sie in der Kirche gesungen werden. Zus\u00e4tzlich zum kanonischen Offizium rezitieren die Kart\u00e4userm\u00f6nche in ihren Zellen t\u00e4glich das Offizium der Seligen Jungfrau Maria und einmal in der Woche ein besonderes Offizium f\u00fcr die Verstorbenen: Sie legen dann bei Gott F\u00fcrbitte ein, damit er alle, die dieses Leben verlassen haben, in sein ewiges Reich aufnehme.<\/p>\n\n\n\n<p>St\u00e4ndig w\u00e4hrend des Tages seine T\u00e4tigkeiten unterbrechen, um das Offizium zu verrichten \u2013 das ist eine unsch\u00e4tzbare Hilfe, um das Ziel des M\u00f6nchs zu erreichen, welches das immerw\u00e4hrende Gebet ist.<\/p>\n\n\n\n<h3 class=\"wp-block-heading\" id=\"4\">4. Die Selige Jungfrau Maria<\/h3>\n\n\n<div class=\"wp-block-image\">\n<figure class=\"alignleft size-large is-resized\"><img decoding=\"async\" width=\"703\" height=\"1024\" src=\"https:\/\/chartreux.org\/moines\/wp-content\/uploads\/2021\/01\/Virgen-del-Rosario-001-1-703x1024.jpg\" alt=\"\" class=\"wp-image-1335\" style=\"width:360px;height:522px\" srcset=\"https:\/\/chartreux.org\/moines\/wp-content\/uploads\/2021\/01\/Virgen-del-Rosario-001-1-703x1024.jpg 703w, https:\/\/chartreux.org\/moines\/wp-content\/uploads\/2021\/01\/Virgen-del-Rosario-001-1-206x300.jpg 206w, https:\/\/chartreux.org\/moines\/wp-content\/uploads\/2021\/01\/Virgen-del-Rosario-001-1-768x1119.jpg 768w, https:\/\/chartreux.org\/moines\/wp-content\/uploads\/2021\/01\/Virgen-del-Rosario-001-1.jpg 1039w\" sizes=\"(max-width: 703px) 100vw, 703px\" \/><figcaption class=\"wp-element-caption\"><em>Unsere Liebe Frau vom Rosenkranz<\/em>, Kartause von Miraflores<\/figcaption><\/figure>\n<\/div>\n\n\n<p>\u201e<em>Alle unsere Einsiedeleien sind zuerst der Ehre der seligen, allzeit reinen Jungfrau Maria und des heiligen Johannes des T\u00e4ufers geweiht, die wir als unsere Hauptpatrone im Himmel haben \u2026 Neben dem g\u00f6ttlichen Offizium haben uns unsere V\u00e4ter das Offizium der Seligen Jungfrau Maria \u00fcberliefert, dessen Horen f\u00fcr gew\u00f6hnlich der entsprechenden Hore des g\u00f6ttlichen Offiziums vorangehen. Durch dieses Gebet feiern wir das stets neue Geheimnis, durch das die Selige Jungfrau geistigerweise Christus in den Herzen gebiert\u201c<\/em> (Statuten 10,10 und 21,12). Neben diesem Ausdruck unserer Verehrung f\u00fcr sie, die wir die \u201eeinzigartige Mutter der Kart\u00e4user\u201c (<em>Mater singularis cartusiensium<\/em>) zu nennen pflegen, verehren und ehren wir sie, indem wir viermal am Tag (morgens, mittags, abends und am Ende der Laudes) den Angelus beten; wir rezitieren jedes Mal ein \u201eGegr\u00fc\u00dfet seist du, Maria\u201c, wenn wir in unsere Zelle zur\u00fcckkehren, und zwar in einem Raum, der eigens daf\u00fcr vorgesehen ist und deshalb \u201eAve Maria\u201c genannt wird. In allen H\u00e4usern des Ordens wird jede Woche im Konvent eine Marienmesse gefeiert, normalerweise am Samstag. Maria wird in unserer Professformel erw\u00e4hnt. \u00dcber diese Traditionen hinaus wird jeder dazu ermutigt, eine lebendige, kindliche und z\u00e4rtliche Beziehung zur Mutter des Herrn zu pflegen, da sie uns zu Jesus f\u00fchrt.<br>\u201eMaria, Sinnbild der Kirche, Braut ohne Falte und Makel, die, indem sie dich nachahmt, \u201ajungfr\u00e4ulich einen unversehrten Glauben, eine feste Hoffnung und eine aufrichtige Liebe bewahrt\u2018 (<em>Lumen Gentium, 64<\/em>), stehe den Personen des geweihten Lebens in ihrem Streben nach der ewigen und einzigen Seligkeit bei. (<em>Vita Consecrata, 112<\/em>)<\/p>\n\n\n\n<p>Dank der Liturgie bleibt die Kartause nicht ein Zusammenschluss von Einzelg\u00e4ngern, die voneinander isoliert sind, sondern wird zu einer echten monastischen Gemeinschaft, die das Geheimnis der Kirche zum Vorschein bringt und darin ihren Platz findet durch die Feier des Gottesdienstes.<\/p>\n\n\n\n<div class=\"wp-block-columns is-layout-flex wp-container-core-columns-is-layout-9d6595d7 wp-block-columns-is-layout-flex\">\n<div class=\"wp-block-column is-layout-flow wp-block-column-is-layout-flow\">\n<figure class=\"wp-block-image size-large\"><img decoding=\"async\" width=\"767\" height=\"1024\" src=\"https:\/\/chartreux.org\/moines\/wp-content\/uploads\/2021\/02\/EncensTR-767x1024.jpg\" alt=\"\" class=\"wp-image-1582\" srcset=\"https:\/\/chartreux.org\/moines\/wp-content\/uploads\/2021\/02\/EncensTR-767x1024.jpg 767w, https:\/\/chartreux.org\/moines\/wp-content\/uploads\/2021\/02\/EncensTR-225x300.jpg 225w, https:\/\/chartreux.org\/moines\/wp-content\/uploads\/2021\/02\/EncensTR-768x1025.jpg 768w, https:\/\/chartreux.org\/moines\/wp-content\/uploads\/2021\/02\/EncensTR-1151x1536.jpg 1151w, https:\/\/chartreux.org\/moines\/wp-content\/uploads\/2021\/02\/EncensTR-1535x2048.jpg 1535w, https:\/\/chartreux.org\/moines\/wp-content\/uploads\/2021\/02\/EncensTR-scaled.jpg 1919w\" sizes=\"(max-width: 767px) 100vw, 767px\" \/><figcaption class=\"wp-element-caption\"> <\/figcaption><\/figure>\n<\/div>\n\n\n\n<div class=\"wp-block-column is-layout-flow wp-block-column-is-layout-flow\">\n<figure class=\"wp-block-image size-large\"><img decoding=\"async\" width=\"554\" height=\"740\" src=\"https:\/\/chartreux.org\/moines\/wp-content\/uploads\/2021\/05\/missaconcelSJ-1.jpg\" alt=\"\" class=\"wp-image-3146\" srcset=\"https:\/\/chartreux.org\/moines\/wp-content\/uploads\/2021\/05\/missaconcelSJ-1.jpg 554w, https:\/\/chartreux.org\/moines\/wp-content\/uploads\/2021\/05\/missaconcelSJ-1-225x300.jpg 225w\" sizes=\"(max-width: 554px) 100vw, 554px\" \/><\/figure>\n<\/div>\n\n\n\n<div class=\"wp-block-column is-layout-flow wp-block-column-is-layout-flow\">\n<figure class=\"wp-block-image size-large\"><img decoding=\"async\" width=\"768\" height=\"1024\" src=\"https:\/\/chartreux.org\/moines\/wp-content\/uploads\/2021\/01\/2-Misa-y-otras-006-1-768x1024.jpg\" alt=\"\" class=\"wp-image-1420\" srcset=\"https:\/\/chartreux.org\/moines\/wp-content\/uploads\/2021\/01\/2-Misa-y-otras-006-1-768x1024.jpg 768w, https:\/\/chartreux.org\/moines\/wp-content\/uploads\/2021\/01\/2-Misa-y-otras-006-1-225x300.jpg 225w, https:\/\/chartreux.org\/moines\/wp-content\/uploads\/2021\/01\/2-Misa-y-otras-006-1-1152x1536.jpg 1152w, https:\/\/chartreux.org\/moines\/wp-content\/uploads\/2021\/01\/2-Misa-y-otras-006-1.jpg 1536w\" sizes=\"(max-width: 768px) 100vw, 768px\" \/><figcaption class=\"wp-element-caption\"> <\/figcaption><\/figure>\n<\/div>\n<\/div>\n\n\n\n<h3 class=\"wp-block-heading\" id=\"5\">5. Anh\u00f6ren<\/h3>\n\n\n\n<p>Einige St\u00fccke aus der Messe und den liturgischen Lesungen der Grande Chartreuse.<\/p>\n\n\n\n<figure class=\"wp-block-audio\"><audio controls src=\"https:\/\/chartreux.org\/moines\/wp-content\/uploads\/2024\/06\/Liturgie-G-Chartreux.mp3\"><\/audio><\/figure>\n\n\n\n<figure class=\"wp-block-image size-large\"><img decoding=\"async\" width=\"1000\" height=\"392\" src=\"https:\/\/chartreux.org\/moines\/wp-content\/uploads\/2021\/05\/TP1_4144long.jpg\" alt=\"\" class=\"wp-image-3151\" srcset=\"https:\/\/chartreux.org\/moines\/wp-content\/uploads\/2021\/05\/TP1_4144long.jpg 1000w, https:\/\/chartreux.org\/moines\/wp-content\/uploads\/2021\/05\/TP1_4144long-300x118.jpg 300w, https:\/\/chartreux.org\/moines\/wp-content\/uploads\/2021\/05\/TP1_4144long-768x301.jpg 768w\" sizes=\"(max-width: 1000px) 100vw, 1000px\" \/><\/figure>\n\n\n\n<p><a href=\"#toc_container\" class=\"returnToTop\"> zur\u00fcck nach oben \u2191 <\/a><\/p>\n","protected":false},"excerpt":{"rendered":"<p>1. Merkmale der kartusianischen Liturgie 2. Das eucharistische Opfer 3. Das Stundengebet 4. Die Selige Jungfrau [&hellip;]<\/p>\n","protected":false},"author":1,"featured_media":0,"parent":0,"menu_order":0,"comment_status":"closed","ping_status":"closed","template":"template-full-width.php","meta":{"footnotes":""},"class_list":["post-2888","page","type-page","status-publish","hentry"],"_links":{"self":[{"href":"https:\/\/chartreux.org\/moines\/wp-json\/wp\/v2\/pages\/2888","targetHints":{"allow":["GET"]}}],"collection":[{"href":"https:\/\/chartreux.org\/moines\/wp-json\/wp\/v2\/pages"}],"about":[{"href":"https:\/\/chartreux.org\/moines\/wp-json\/wp\/v2\/types\/page"}],"author":[{"embeddable":true,"href":"https:\/\/chartreux.org\/moines\/wp-json\/wp\/v2\/users\/1"}],"replies":[{"embeddable":true,"href":"https:\/\/chartreux.org\/moines\/wp-json\/wp\/v2\/comments?post=2888"}],"version-history":[{"count":1,"href":"https:\/\/chartreux.org\/moines\/wp-json\/wp\/v2\/pages\/2888\/revisions"}],"predecessor-version":[{"id":7136,"href":"https:\/\/chartreux.org\/moines\/wp-json\/wp\/v2\/pages\/2888\/revisions\/7136"}],"wp:attachment":[{"href":"https:\/\/chartreux.org\/moines\/wp-json\/wp\/v2\/media?parent=2888"}],"curies":[{"name":"wp","href":"https:\/\/api.w.org\/{rel}","templated":true}]}}