{"id":2874,"date":"2021-05-04T02:31:24","date_gmt":"2021-05-04T00:31:24","guid":{"rendered":"https:\/\/chartreux.org\/moines\/?page_id=2874"},"modified":"2021-12-07T10:06:00","modified_gmt":"2021-12-07T09:06:00","slug":"o-caminho-cartusiano","status":"publish","type":"page","link":"https:\/\/chartreux.org\/moines\/pt\/o-caminho-cartusiano\/","title":{"rendered":"O caminho Cartusiano"},"content":{"rendered":"\n<div class=\"wp-block-columns is-layout-flex wp-container-core-columns-is-layout-9d6595d7 wp-block-columns-is-layout-flex\">\n<div class=\"wp-block-column is-layout-flow wp-block-column-is-layout-flow\">\n<p><\/p>\n<div id=\"toc_container\">\n<ul class=\"toc_list\">\n  <li><a href=\"#1\">1. A finalidade<\/a><\/li>\n  <li><a href=\"#2\">2. A solid\u00e3o<\/a><\/li>\n  <li><a href=\"#3\">3. Uma comunh\u00e3o de solit\u00e1rios <\/a><\/li>\n  <li><a href=\"#4\">4. No cora\u00e7\u00e3o da Igreja e do mondo<\/a><\/li>\n<\/ul>\n<\/div>\n<\/div>\n\n\n\n<div class=\"wp-block-column is-layout-flow wp-block-column-is-layout-flow\">\n<blockquote class=\"wp-block-quote is-layout-flow wp-block-quote-is-layout-flow\"><p><strong><em>\u00ab\u00a0Separados de todos, estamos unidos com todos, pois \u00e9 em nome de todos que estamos na presen\u00e7a do Deus vivo.\u00a0\u00bb<\/em> (Estatutos 34.2)<\/strong><\/p><\/blockquote>\n<\/div>\n<\/div>\n\n\n\n<h3 class=\"wp-block-heading\" id=\"1\">1. A finalidade<\/h3>\n\n\n\n<p><em>O Bonitas!<\/em> \u00d3 Bondade de Deus! Tal foi o grito de euforia que jorrou do cora\u00e7\u00e3o de Bruno, inflamado de amor divino. O objetivo exclusivo do caminho cartusiano \u00e9 a <strong>contempla\u00e7\u00e3o<\/strong>: pelo poder do Esp\u00edrito, viver o mais continuadamente poss\u00edvel \u00e0 luz do amor de Deus por n\u00f3s, manifestado em Cristo. \u00c9 entrar numa rela\u00e7\u00e3o \u00edntima, profunda e cont\u00ednua com Deus a fim de \u00ab\u00a0descobrir a imensid\u00e3o do amor\u00a0\u00bb (Estatutos 35.1). Isto pressup\u00f5e em n\u00f3s pureza de cora\u00e7\u00e3o e caridade: \u00ab\u00a0Bem-aventurados os puros de cora\u00e7\u00e3o, porque ver\u00e3o a Deus\u00a0\u00bb (Mt 5,8). A tradi\u00e7\u00e3o mon\u00e1stica tamb\u00e9m chama a este objetivo ora\u00e7\u00e3o pura ou cont\u00ednua.<\/p>\n\n\n\n<p>Mas a entrada em repouso contemplativo pressup\u00f5e um longo percurso. O monge \u00ab\u00a0n\u00e3o pode entrar neste descanso sem passar pela prova de uma dura luta: s\u00e3o as austeridades a que se aplica como pessoa familiar da Cruz, ou as visitas do Senhor, que veio para o testar como ouro no fogo. Assim, purificado pela paci\u00eancia, alimentado e fortalecido pela medita\u00e7\u00e3o ass\u00eddua das Escrituras, introduzido pela gra\u00e7a do Esp\u00edrito Santo nas profundezas do seu cora\u00e7\u00e3o, ele ser\u00e1 doravante capaz n\u00e3o s\u00f3 de servir a Deus, mas tamb\u00e9m de aderir a Ele\u00a0\u00bb (Estatutos 3.2).<\/p>\n\n\n\n<p>Toda a vida mon\u00e1stica, portanto, consiste nesta caminhada para Deus, e todos os valores da nossa vida s\u00e3o dirigidos para este objetivo. Ajudam o monge a unificar a sua vida na caridade e introduzem-na nas profundezas do seu cora\u00e7\u00e3o. Na verdade, n\u00e3o \u00e9 este objetivo que nos distingue de outros monges contemplativos (beneditinos, cistercienses&#8230;), mas o caminho que tomamos. As caracter\u00edsticas essenciais do caminho cartusiano s\u00e3o: solid\u00e3o, uma certa dose de vida comunit\u00e1ria, e uma liturgia adaptada. Esta \u00e9 a espiritualidade do deserto.<\/p>\n\n\n\n<p>Partilhamos certos valores mon\u00e1sticos com os outros monges contemplativos, por exemplo: ascese (vig\u00edlias e jejuns), sil\u00eancio, trabalho, pobreza, castidade, obedi\u00eancia, escuta da Palavra, ora\u00e7\u00e3o regular, humildade. E temos outros valores que nos s\u00e3o pr\u00f3prios.<\/p>\n\n\n\n<div class=\"wp-block-image\"><figure class=\"aligncenter size-large is-resized\"><img decoding=\"async\" src=\"https:\/\/chartreux.org\/moines\/wp-content\/uploads\/2021\/02\/0X4A6854b.jpg\" alt=\"\" class=\"wp-image-1649\" width=\"535\" height=\"356\" srcset=\"https:\/\/chartreux.org\/moines\/wp-content\/uploads\/2021\/02\/0X4A6854b.jpg 940w, https:\/\/chartreux.org\/moines\/wp-content\/uploads\/2021\/02\/0X4A6854b-300x200.jpg 300w, https:\/\/chartreux.org\/moines\/wp-content\/uploads\/2021\/02\/0X4A6854b-768x512.jpg 768w\" sizes=\"(max-width: 535px) 100vw, 535px\" \/><\/figure><\/div>\n\n\n\n<h3 class=\"wp-block-heading\" id=\"2\">2. A solid\u00e3o<\/h3>\n\n\n\n<p>A primeira caracter\u00edstica essencial da nossa vida \u00e9 a voca\u00e7\u00e3o \u00e0 solid\u00e3o, \u00e0 qual estamos especialmente chamados. O monge cartuxo procura a Deus na solid\u00e3o. \u00ab&nbsp;O nosso principal empenho e a nossa voca\u00e7\u00e3o s\u00e3o principalmente a dedica\u00e7\u00e3o ao sil\u00eancio e \u00e0 solid\u00e3o da cela. Ela \u00e9 a terra santa, o lugar onde Deus e o seu servo se entret\u00eam em frequentes col\u00f3quios, como acontece entre amigos. Ali, frequentemente a alma fiel se une ao Verbo de Deus, a esposa ao Esposo, a terra ao c\u00e9u, o humano ao divino \u00bb (Estatutos 4.1). Por\u00e9m o cartuxo n\u00e3o escolheu a solid\u00e3o por si mesma, mas porque v\u00ea nela um excelente meio, para ele, para chegar a uma maior uni\u00e3o com Deus e com todos os homens. A solid\u00e3o cartusiana \u00e9 vivida a tr\u00eas n\u00edveis: a separa\u00e7\u00e3o do mundo, a guarda da cela e a solid\u00e3o interior ou do cora\u00e7\u00e3o.<\/p>\n\n\n\n<p>A separa\u00e7\u00e3o do mundo realiza-se pela clausura. S\u00f3 sa\u00edmos do mosteiro para o espaciamento (passeio semanal). N\u00e3o recebemos visitas e n\u00e3o exercemos nenhum apostolado no exterior. N\u00e3o temos nem r\u00e1dio nem televis\u00e3o no mosteiro. \u00c9 o Prior que recebe as not\u00edcias e transmite aos monges o que n\u00e3o devem ignorar. Assim se encontram reunidas as condi\u00e7\u00f5es necess\u00e1rias para que se desenvolva o sil\u00eancio interior que permite \u00e0 alma permanecer atenta \u00e0 presen\u00e7a de Deus.<\/p>\n\n\n\n<p>A cela \u00e9 uma ermida equipada para assegurar ao cartuxo uma solid\u00e3o t\u00e3o completa quanto poss\u00edvel, assegurando-lhe totalmente as necessidades da vida. Cada cela consiste numa vivenda de dois andares rodeada por um jardim, onde o monge permanece sozinho a maior parte do dia, durante toda a sua vida. \u00c9 por causa desta solid\u00e3o que cada uma das nossas casas \u00e9 chamada \u2018deserto\u2019 ou \u2018eremit\u00e9rio\u2019.<\/p>\n\n\n\n<p>A clausura e a guarda da cela apenas asseguram uma solid\u00e3o exterior. N\u00e3o \u00e9 mais que um primeiro passo que procura favorecer a solid\u00e3o interior, ou pureza do cora\u00e7\u00e3o: ter o seu esp\u00edrito afastado de tudo o que n\u00e3o \u00e9 Deus ou n\u00e3o conduz a Deus. \u00c9 neste n\u00edvel que o cartuxo encontra os caprichos da sua imagina\u00e7\u00e3o e as flutua\u00e7\u00f5es da sua sensibilidade. Enquanto o monge discute com o seu \u2018eu\u2019, as suas sensibilidades, os seus pensamentos in\u00fateis, os seus desejos irreais, ainda n\u00e3o est\u00e1 centrado em Deus. \u00c9 aqui que ele faz a experi\u00eancia da sua fragilidade e do poder do Esp\u00edrito e que aprende pouco a pouco \u00ab&nbsp;&#8230;o h\u00e1bito da escuta tranquila do cora\u00e7\u00e3o que permite a Deus penetrar nele por todos os caminhos e todos os acessos \u00bb (Estatutos 4.2).<\/p>\n\n\n\n<p><a href=\"#toc_container\" class=\"returnToTop\"> Voltar ao topo! \u2191 <\/a><\/p>\n\n\n\n<div class=\"wp-block-image\"><figure class=\"aligncenter size-large is-resized\"><img decoding=\"async\" src=\"https:\/\/chartreux.org\/moines\/wp-content\/uploads\/2021\/02\/0X4A6917-2.jpg\" alt=\"\" class=\"wp-image-1651\" width=\"779\" height=\"518\" srcset=\"https:\/\/chartreux.org\/moines\/wp-content\/uploads\/2021\/02\/0X4A6917-2-300x200.jpg 300w, https:\/\/chartreux.org\/moines\/wp-content\/uploads\/2021\/02\/0X4A6917-2-768x512.jpg 768w\" sizes=\"(max-width: 779px) 100vw, 779px\" \/><\/figure><\/div>\n\n\n\n<p>Acolhimento? As celebra\u00e7\u00f5es lit\u00fargicas na Chartreuse n\u00e3o t\u00eam uma finalidade pastoral. Isto explica porque \u00e9 que as pessoas de fora da Ordem n\u00e3o est\u00e3o autorizadas a participar nos cultos ou Missa celebrada na igreja dos nossos mosteiros. Devido \u00e0 nossa voca\u00e7\u00e3o de solid\u00e3o, o acolhimento \u00e9 limitado \u00e0s fam\u00edlias dos monges (dois dias por ano) e aos aspirantes \u00e0 nossa vida, a quem chamamos probantes.<\/p>\n\n\n\n<h3 class=\"wp-block-heading\" id=\"3\">3. Uma comunh\u00e3o de solit\u00e1rios<\/h3>\n\n\n\n<p>\u00ab\u00a0A gra\u00e7a do Esp\u00edrito Santo re\u00fane os solit\u00e1rios para fazer deles uma comunh\u00e3o no amor, \u00e0 imagem da Igreja, uma s\u00f3 e espalhada por toda a parte\u00a0\u00bb (Estatutos 21.1). A originalidade da cartuxa vem, em segundo lugar, da parte da vida comum que est\u00e1 indissoluvelmente ligada ao aspecto solit\u00e1rio. Foi o golpe de g\u00e9nio de S\u00e3o Bruno, inspirado pelo Esp\u00edrito Santo, ter sabido desde o in\u00edcio combinar uma justa propor\u00e7\u00e3o de vida solit\u00e1ria e comum, de modo a fazer da cartuxa uma comunh\u00e3o de pessoas solit\u00e1rias para Deus. Solid\u00e3o e vida fraterna equilibram-se mutuamente. A vida comum permite que o mosteiro funcione, mas \u00e9 tamb\u00e9m um elemento importante na verifica\u00e7\u00e3o da autenticidade da nossa caridade, pois de outra forma seria f\u00e1cil para os solit\u00e1rios viver na ilus\u00e3o. <\/p>\n\n\n\n<p>A vida comunit\u00e1ria toma forma diariamente atrav\u00e9s da liturgia cantada na igreja, um trabalho de equipa para a gl\u00f3ria de Deus. Em dias normais realiza-se tr\u00eas vezes por dia: reunimo-nos na igreja \u00e0 meia-noite para o longo culto noturno (que inclui Matinas e Laudes), para a Missa conventual de manh\u00e3, e para as V\u00e9speras \u00e0 tarde.<\/p>\n\n\n\n<div class=\"wp-block-image\"><figure class=\"aligncenter size-large is-resized\"><img decoding=\"async\" src=\"https:\/\/chartreux.org\/moines\/wp-content\/uploads\/2021\/01\/Marienau-Refectoire-1.jpg\" alt=\"\" class=\"wp-image-1445\" width=\"566\" height=\"318\" srcset=\"https:\/\/chartreux.org\/moines\/wp-content\/uploads\/2021\/01\/Marienau-Refectoire-1.jpg 1000w, https:\/\/chartreux.org\/moines\/wp-content\/uploads\/2021\/01\/Marienau-Refectoire-1-300x169.jpg 300w, https:\/\/chartreux.org\/moines\/wp-content\/uploads\/2021\/01\/Marienau-Refectoire-1-768x432.jpg 768w\" sizes=\"(max-width: 566px) 100vw, 566px\" \/><\/figure><\/div>\n\n\n\n<p>Os domingos e solenidades s\u00e3o dias mais comunit\u00e1rios: rezamos quase todos os of\u00edcios na igreja, tomamos juntos a refei\u00e7\u00e3o do meio-dia, em sil\u00eancio, no refeit\u00f3rio (escutando uma leitura) e de tarde temos a reuni\u00e3o no cap\u00edtulo, onde s\u00e3o tratadas as coisas de interesse comum, e a recrea\u00e7\u00e3o semanal. &nbsp;Al\u00e9m disso, no primeiro dia livre da semana tem lugar uma longa caminhada de cerca de quatro horas (o espaciamento), durante a qual podemos falar livremente, o que nos permite conhecer-nos melhor e ajudar-nos. Algumas vezes por ano tem lugar uma recrea\u00e7\u00e3o comum, onde padres, irm\u00e3os e novi\u00e7os se encontram juntos.<\/p>\n\n\n\n<p>Estas recrea\u00e7\u00f5es e espaciamentos destinam-se a manter o afeto m\u00fatuo e a promover a uni\u00e3o dos cora\u00e7\u00f5es, assegurando ao mesmo tempo um bom relaxamento f\u00edsico.<\/p>\n\n\n\n<div class=\"wp-block-columns is-layout-flex wp-container-core-columns-is-layout-9d6595d7 wp-block-columns-is-layout-flex\">\n<div class=\"wp-block-column is-layout-flow wp-block-column-is-layout-flow\" style=\"flex-basis:25%\">\n<figure class=\"wp-block-image size-large\"><img decoding=\"async\" width=\"496\" height=\"740\" src=\"https:\/\/chartreux.org\/moines\/wp-content\/uploads\/2021\/04\/2-paseo-pinos-2.jpg\" alt=\"\" class=\"wp-image-2844\" srcset=\"https:\/\/chartreux.org\/moines\/wp-content\/uploads\/2021\/04\/2-paseo-pinos-2.jpg 496w, https:\/\/chartreux.org\/moines\/wp-content\/uploads\/2021\/04\/2-paseo-pinos-2-201x300.jpg 201w\" sizes=\"(max-width: 496px) 100vw, 496px\" \/><\/figure>\n<\/div>\n\n\n\n<div class=\"wp-block-column is-layout-flow wp-block-column-is-layout-flow\" style=\"flex-basis:50%\">\n<figure class=\"wp-block-image size-large\"><img decoding=\"async\" width=\"740\" height=\"555\" src=\"https:\/\/chartreux.org\/moines\/wp-content\/uploads\/2021\/04\/Easter-2011-085.jpg\" alt=\"\" class=\"wp-image-2845\" srcset=\"https:\/\/chartreux.org\/moines\/wp-content\/uploads\/2021\/04\/Easter-2011-085.jpg 740w, https:\/\/chartreux.org\/moines\/wp-content\/uploads\/2021\/04\/Easter-2011-085-300x225.jpg 300w\" sizes=\"(max-width: 740px) 100vw, 740px\" \/><\/figure>\n<\/div>\n\n\n\n<div class=\"wp-block-column is-layout-flow wp-block-column-is-layout-flow\" style=\"flex-basis:25%\">\n<figure class=\"wp-block-image size-large\"><img decoding=\"async\" width=\"533\" height=\"800\" src=\"https:\/\/chartreux.org\/moines\/wp-content\/uploads\/2021\/04\/GC05.jpg\" alt=\"\" class=\"wp-image-2842\" srcset=\"https:\/\/chartreux.org\/moines\/wp-content\/uploads\/2021\/04\/GC05.jpg 533w, https:\/\/chartreux.org\/moines\/wp-content\/uploads\/2021\/04\/GC05-200x300.jpg 200w\" sizes=\"(max-width: 533px) 100vw, 533px\" \/><\/figure>\n<\/div>\n<\/div>\n\n\n\n<p class=\"has-vivid-cyan-blue-color has-text-color popmake-5932\"><strong>Perguntas frequentes<\/strong><\/p>\n\n\n\n<h3 class=\"wp-block-heading\" id=\"4\">4. No cora\u00e7\u00e3o da Igreja e do mondo<\/h3>\n\n\n\n<p><strong>O louvor<\/strong><br>\u00c9 entrando nas profundezas do seu cora\u00e7\u00e3o que o cartuxo solit\u00e1rio se torna, em Cristo, presente a todos os homens. Torna-se solit\u00e1rio porque quer ser solid\u00e1rio. Os Contemplativos est\u00e3o no cora\u00e7\u00e3o da Igreja. Cumprem uma fun\u00e7\u00e3o essencial da comunidade eclesial: a glorifica\u00e7\u00e3o de Deus. O cartuxo retira-se para o deserto sobretudo para adorar a Deus, para o louvar, para o contemplar, para se deixar seduzir por ele, para se entregar a ele, em nome de todos os homens. \u00c9 em nome de todos que ele \u00e9 mandatado pela Igreja para ser uma presen\u00e7a permanente em ora\u00e7\u00e3o.<\/p>\n\n\n\n<p><strong>A intercess\u00e3o<\/strong><br>A Igreja sempre reconheceu que os monges dedicados apenas \u00e0 contempla\u00e7\u00e3o t\u00eam um papel de intercess\u00e3o. Representando toda a cria\u00e7\u00e3o, todos os dias, em todos os of\u00edcios lit\u00fargicos e durante a celebra\u00e7\u00e3o da Eucaristia, rezam por todos os vivos e por todos os mortos.<\/p>\n\n\n\n<p><strong>A penit\u00eancia<\/strong><br>A abordagem asc\u00e9tica associa o monge cartuxo \u00e0 obra de Cristo para a salva\u00e7\u00e3o do mundo: \u00ab\u00a0Atrav\u00e9s da penit\u00eancia participamos na obra redentora de Cristo. Ele salvou o g\u00e9nero humano, cativo e escravizado pelo pecado, especialmente pela sua ora\u00e7\u00e3o ao Pai e pela sua imola\u00e7\u00e3o; esfor\u00e7ando-nos para sermos associados a este aspecto mais profundo da reden\u00e7\u00e3o, e apesar da nossa absten\u00e7\u00e3o da atividade vis\u00edvel, exercemos o apostolado de forma eminente\u00a0\u00bb (Estatutos 34.4).<\/p>\n\n\n\n<p><strong>Testemunho<\/strong><br>\u00ab\u00a0Pela nossa profiss\u00e3o, dirigimo-nos unicamente \u00c0quele que \u00e9, e damos testemunho ao mundo, demasiado absorvido pelas realidades da terra, de que, para al\u00e9m d&rsquo;Ele, n\u00e3o h\u00e1 Deus. A nossa vida mostra que os bens do c\u00e9u j\u00e1 est\u00e3o presentes aqui na terra; \u00e9 um pren\u00fancio da ressurrei\u00e7\u00e3o e uma antecipa\u00e7\u00e3o do universo renovado\u00a0\u00bb (Estatutos 34.3). Para a pessoa solit\u00e1ria, a apresenta\u00e7\u00e3o de tal testemunho n\u00e3o \u00e9 conseguida por palavras ou contato pessoal. S\u00f3 pela sua presen\u00e7a, o monge testemunha que Deus existe e que ele pode preencher uma vida e encher o cora\u00e7\u00e3o do homem. <\/p>\n\n\n\n<p class=\"has-text-align-center\">*<\/p>\n\n\n\n<p>O monge est\u00e1 ao servi\u00e7o dos homens, assumindo profunda e incessantemente perante Deus, esta humanidade ferida que ele carrega dentro de si. \u00datil, n\u00e3o no sentido em que o mundo d\u00e1 a esta palavra, mas na resson\u00e2ncia da vida divina no homem. O cartuxo destaca-se das coisas deste mundo para viver mais perto de Deus. Ele situa-se mais na ordem do ser (ser para Deus) do que na do fazer. O homem que vive em Deus e dele, traz consigo a humanidade porque <em>\u00ab\u00a0toda a alma que se eleva, eleva o mundo\u00a0\u00bb<\/em> (Vener\u00e1vel Isabel Leseur).<\/p>\n\n\n\n<div class=\"wp-block-image\"><figure class=\"aligncenter size-large is-resized\"><img decoding=\"async\" src=\"https:\/\/chartreux.org\/moines\/wp-content\/uploads\/2021\/01\/2-orando-019-768x1024.jpg\" alt=\"\" class=\"wp-image-1426\" width=\"517\" height=\"689\" srcset=\"https:\/\/chartreux.org\/moines\/wp-content\/uploads\/2021\/01\/2-orando-019-768x1024.jpg 768w, https:\/\/chartreux.org\/moines\/wp-content\/uploads\/2021\/01\/2-orando-019-225x300.jpg 225w, https:\/\/chartreux.org\/moines\/wp-content\/uploads\/2021\/01\/2-orando-019-1152x1536.jpg 1152w, https:\/\/chartreux.org\/moines\/wp-content\/uploads\/2021\/01\/2-orando-019.jpg 1536w\" sizes=\"(max-width: 517px) 100vw, 517px\" \/><\/figure><\/div>\n\n\n\n<p><a href=\"#toc_container\" class=\"returnToTop\"> Voltar ao topo! \u2191 <\/a><\/p>\n","protected":false},"excerpt":{"rendered":"<p>1. A finalidade 2. A solid\u00e3o 3. Uma comunh\u00e3o de solit\u00e1rios 4. No cora\u00e7\u00e3o da Igreja [&hellip;]<\/p>\n","protected":false},"author":1,"featured_media":0,"parent":0,"menu_order":0,"comment_status":"closed","ping_status":"closed","template":"template-full-width.php","meta":{"footnotes":""},"class_list":["post-2874","page","type-page","status-publish","hentry"],"_links":{"self":[{"href":"https:\/\/chartreux.org\/moines\/wp-json\/wp\/v2\/pages\/2874","targetHints":{"allow":["GET"]}}],"collection":[{"href":"https:\/\/chartreux.org\/moines\/wp-json\/wp\/v2\/pages"}],"about":[{"href":"https:\/\/chartreux.org\/moines\/wp-json\/wp\/v2\/types\/page"}],"author":[{"embeddable":true,"href":"https:\/\/chartreux.org\/moines\/wp-json\/wp\/v2\/users\/1"}],"replies":[{"embeddable":true,"href":"https:\/\/chartreux.org\/moines\/wp-json\/wp\/v2\/comments?post=2874"}],"version-history":[{"count":0,"href":"https:\/\/chartreux.org\/moines\/wp-json\/wp\/v2\/pages\/2874\/revisions"}],"wp:attachment":[{"href":"https:\/\/chartreux.org\/moines\/wp-json\/wp\/v2\/media?parent=2874"}],"curies":[{"name":"wp","href":"https:\/\/api.w.org\/{rel}","templated":true}]}}