{"id":2872,"date":"2021-05-04T02:29:10","date_gmt":"2021-05-04T00:29:10","guid":{"rendered":"https:\/\/chartreux.org\/moines\/?page_id=2872"},"modified":"2021-11-24T21:01:21","modified_gmt":"2021-11-24T20:01:21","slug":"vida-espiritual-2","status":"publish","type":"page","link":"https:\/\/chartreux.org\/moines\/pt\/vida-espiritual-2\/","title":{"rendered":"A vida espiritual"},"content":{"rendered":"\n<div class=\"wp-block-columns is-layout-flex wp-container-core-columns-is-layout-9d6595d7 wp-block-columns-is-layout-flex\">\n<div class=\"wp-block-column is-layout-flow wp-block-column-is-layout-flow\" style=\"flex-basis:66.66%\">\n<p><\/p>\n<div id=\"toc_container\">\n<ul class=\"toc_list\">\n  <li><a href=\"#1\">1\u00b0 quadro: A orienta\u00e7\u00e3o fondamental<\/a><\/li>\n  <li><a href=\"#2\">2\u00b0 quadro: O lugar da purifica\u00e7\u00e3o<\/a><\/li>\n  <li><a href=\"#3\">3\u00b0 quadro: A obra da gra\u00e7a<\/a><\/li>\n<\/ul>\n<\/div>\n<\/div>\n\n\n\n<div class=\"wp-block-column is-layout-flow wp-block-column-is-layout-flow\" style=\"flex-basis:33.33%\"><\/div>\n<\/div>\n\n\n\n<h3 class=\"has-text-align-center wp-block-heading\" id=\"1\">Tr\u00edptico<br><br>1\u00b0 quadro: A orienta\u00e7\u00e3o fundamental<\/h3>\n\n\n\n<p>A base da vida crist\u00e3 \u00e9 o amor, o amor de Deus e o amor dos homens, unidos a Cristo e vivendo atrav\u00e9s dele. Alguns expressam a sua caridade em obras apost\u00f3licas. H\u00e1 tamb\u00e9m homens e mulheres que se dedicam exclusivamente a Deus na vida contemplativa. <\/p>\n\n\n\n<div class=\"wp-block-image\"><figure class=\"alignleft size-large is-resized\"><img decoding=\"async\" src=\"https:\/\/chartreux.org\/moines\/wp-content\/uploads\/2021\/01\/2-P1010039-768x1024.jpg\" alt=\"\" class=\"wp-image-1322\" width=\"416\" height=\"555\" srcset=\"https:\/\/chartreux.org\/moines\/wp-content\/uploads\/2021\/01\/2-P1010039-768x1024.jpg 768w, https:\/\/chartreux.org\/moines\/wp-content\/uploads\/2021\/01\/2-P1010039-225x300.jpg 225w, https:\/\/chartreux.org\/moines\/wp-content\/uploads\/2021\/01\/2-P1010039-1152x1536.jpg 1152w, https:\/\/chartreux.org\/moines\/wp-content\/uploads\/2021\/01\/2-P1010039.jpg 1536w\" sizes=\"(max-width: 416px) 100vw, 416px\" \/><\/figure><\/div>\n\n\n\n<p>E Deus chama livremente quem deseja. \u00c9 um convite \u00edntimo para partilhar com ele toda a sua vida, para o seguir de perto. Por vezes esta \u00e9 uma necessidade inevit\u00e1vel e radical: <em>\u00ab\u00a0Tu seduziste-me, Senhor, e eu fui seduzido; agarraste-me e dominaste-me\u00a0\u00bb <\/em>(Jer 20,7). Aqueles que experimentaram o amor de Deus, procurar\u00e3o responder ao seu amor.<\/p>\n\n\n\n<p>Um pequeno grupo que partilha a mesma voca\u00e7\u00e3o, e dentro do qual cada um vive em grande parte sozinho, estes monges est\u00e3o unidos sob um prior e re\u00fanem-se tr\u00eas vezes por dia para a Santa Eucaristia e o canto da Liturgia das Horas. Prosseguem incansavelmente a sua busca de Deus, quer na cela, quer nos ateliers ou campos. Esta \u00e9 a sua voca\u00e7\u00e3o, foi isto que os trouxe a este lugar. <\/p>\n\n\n\n<p>Atra\u00eddos pelos espa\u00e7os interiores livres, escolheram esta solid\u00e3o, onde voluntariamente imp\u00f5em importantes restri\u00e7\u00f5es a si pr\u00f3prios, com o \u00fanico objetivo de serem mais abertos ao Absoluto de Deus e \u00e0 caridade de Cristo. Estabilizados neste lugar, bem \u00e0 parte do mundo, levam uma vida pobre e simples, submissos em todas as coisas, no celibato como Cristo seu Mestre, para uma maior disponibilidade aos dons da salva\u00e7\u00e3o e \u00e0 comunh\u00e3o fraterna.<\/p>\n\n\n\n<p>Eles ouvem constantemente em ora\u00e7\u00e3o e medita\u00e7\u00e3o o apelo para fazer melhor, para ser mais. A Palavra de Deus preenche o seu sil\u00eancio. Atrav\u00e9s da sua abnega\u00e7\u00e3o e do seu trabalho, s\u00e3o solid\u00e1rios com todos aqueles que sofrem, onde quer que estejam. No fundo dos seus cora\u00e7\u00f5es s\u00e3o atra\u00eddos para horizontes cada vez mais distantes onde apenas a imagem de Deus em Cristo, crucificado mas vivo, a esperan\u00e7a da sua gl\u00f3ria, ainda pode ser vista.<\/p>\n\n\n\n<p>Assim eles s\u00e3o, no pr\u00f3prio cora\u00e7\u00e3o da humanidade, mas escondidos do mundo, a mem\u00f3ria inilud\u00edvel das suas origens divinas, a constante recorda\u00e7\u00e3o de um destino espiritual para todos os homens, a salvaguarda de uma liberdade pessoal cada vez mais amea\u00e7ada e sufocada, o desejo ardente do Eterno, a garantia de um progresso interior infinito, mas circunscrito num espa\u00e7o reduzido: confinado \u00e0 solid\u00e3o do eremit\u00e9rio e da cela, a fim de melhor desabrochar no Cora\u00e7\u00e3o de Deus.<\/p>\n\n\n\n<h3 class=\"has-text-align-center wp-block-heading\" id=\"2\"><br>2\u00b0 quadro: O lugar da purifica\u00e7\u00e3o<\/h3>\n\n\n\n<p><em>\u00ab\u00a0Deus resiste aos orgulhosos e d\u00e1 gra\u00e7a aos humildes\u00a0\u00bb<\/em> (1Pe 5,5). O deserto \u00e9 um fogo purificador.<\/p>\n\n\n\n<p>Na solid\u00e3o, tudo o que realmente somos vem \u00e0 superf\u00edcie. Toda a humildade que deix\u00e1mos entrar em n\u00f3s se torna manifesta, todo o mal que habita em n\u00f3s \u00e9 revelado. Descobrimos a nossa pr\u00f3pria mis\u00e9ria, a nossa profunda fraqueza, a nossa impot\u00eancia visceral.<\/p>\n\n\n\n<p><a href=\"#toc_container\" class=\"returnToTop\"> Voltar ao topo! \u2191 <\/a><\/p>\n\n\n\n<p>Aqui, n\u00e3o \u00e9 poss\u00edvel esconder os truques que usamos para esconder aqueles aspectos de n\u00f3s pr\u00f3prios que n\u00e3o nos agradam e que est\u00e3o especialmente longe do desejo d&rsquo;Aquele que v\u00ea tudo e penetra em tudo. Torna-se \u00f3bvio que nos justificamos demasiado facilmente, considerando os nossos defeitos como tra\u00e7os de car\u00e1cter.<\/p>\n\n\n\n<div class=\"wp-block-image\"><figure class=\"alignright size-large is-resized\"><img decoding=\"async\" src=\"https:\/\/chartreux.org\/moines\/wp-content\/uploads\/2020\/11\/Ser-Brun-c-1.jpg\" alt=\"\" class=\"wp-image-885\" width=\"322\" height=\"577\" srcset=\"https:\/\/chartreux.org\/moines\/wp-content\/uploads\/2020\/11\/Ser-Brun-c-1.jpg 481w, https:\/\/chartreux.org\/moines\/wp-content\/uploads\/2020\/11\/Ser-Brun-c-1-167x300.jpg 167w\" sizes=\"(max-width: 322px) 100vw, 322px\" \/><\/figure><\/div>\n\n\n\n<p>Aqui, ficamos vulner\u00e1veis; n\u00e3o h\u00e1 fuga poss\u00edvel. N\u00e3o h\u00e1 nenhuma distra\u00e7\u00e3o que amorte\u00e7a, nenhuma desculpa que dispensa. \u00c9 imposs\u00edvel evitar estar frente a frente com a realidade profunda de quem somos, olhar para o lado.<\/p>\n\n\n\n<p>Aqui, as falsas constru\u00e7\u00f5es racham, todas aquelas paredes que constru\u00edmos para nos protegermos. Quem sabe com que frequ\u00eancia procuramos enganar-nos a n\u00f3s pr\u00f3prios, tanto e mais do que os outros! Mas a pretens\u00e3o de conhecer as realidades divinas dissolve-se perante Aquele que permanece o Totalmente Outro.<\/p>\n\n\n\n<p>\u00c9 um caminho \u00edngreme, no escuro, tateando, guiado apenas pela f\u00e9, mas \u00e9 um caminho de verdade. Todas as nossas garantias pessoais permanecer\u00e3o agarradas aos espinhos do caminho e nos deixar\u00e3o com esta \u00fanica certeza: por n\u00f3s mesmos, n\u00e3o podemos fazer nada. <\/p>\n\n\n\n<p>\u00c9 aqui que Deus nos espera, pois s\u00f3 podemos encher um recipiente vazio, e se Ele quiser encher-nos com Ele pr\u00f3prio deve primeiro despojar-nos do que nos sobrecarrega. A fim de criar uma obra infinitamente delicada, o Artista divino precisa de um material sem resist\u00eancia. Ent\u00e3o a sua m\u00e3o ser\u00e1 capaz de criar a partir das nossas mis\u00e9rias as maravilhas que permanecer\u00e3o escondidas aos nossos olhos. Toda a nossa alegria ser\u00e1 deixarmo-nos transformar por Ele, cujo nome \u00e9 Amor.<\/p>\n\n\n\n<h3 class=\"has-text-align-center wp-block-heading\" id=\"3\"><br>3\u00b0 quadro: A obra da gra\u00e7a<\/h3>\n\n\n\n<p>A alma que foi dada para desprezar o mundo e para se desprezar at\u00e9 ao ponto do esquecimento de si mesma, que foi dada &#8211; por outras palavras &#8211; para considerar como nada o que n\u00e3o \u00e9, esta alma despojada de si mesma v\u00ea a Sabedoria divina tomar o lugar do seu eu. Toda a imagem criada e toda a vontade limitada tendo sido apagada pelas sucessivas provas que a purificaram, torna-se o espelho imaculado do qual Salom\u00e3o fala (Sb 7,26). O Pai contempla a si mesmo nele, inundando-o com a sua gl\u00f3ria e o ardor do seu amor.<\/p>\n\n\n\n<p>As \u00ab\u00a0devo\u00e7\u00f5es\u00a0\u00bb nas quais as pot\u00eancias da alma est\u00e3o mais ou menos dispersas no in\u00edcio de uma vida de ora\u00e7\u00e3o, assumem um significado \u00fanico. As \u00ab\u00a0pr\u00e1ticas\u00a0\u00bb s\u00e3o reduzidas a um \u00fanico ato, aceite em vez de produzido, de imenso pre\u00e7o, porque \u00e9 de uma ordem divina. Consiste em deixar que Deus esteja em n\u00f3s pr\u00f3prios. Pode chamar-se caridade, f\u00e9, confian\u00e7a, adora\u00e7\u00e3o, propicia\u00e7\u00e3o, a\u00e7\u00e3o de gra\u00e7as. Todas as palavras s\u00e3o sin\u00f3nimos e os seus conceitos parecem fundir-se como subst\u00e2ncias em chamas no cadinho do cora\u00e7\u00e3o deslumbrado onde o Amor muito subsistente arde.<\/p>\n\n\n\n<p>Quando um ser atinge a perfei\u00e7\u00e3o ao regressar ao seu princ\u00edpio, n\u00e3o s\u00f3 encontra para si a abund\u00e2ncia de vida, como tamb\u00e9m salva outros seres ao comunicar-lhes a vida que tira da sua fonte.<\/p>\n\n\n\n<p>Agindo unicamente em Deus e para Deus, o homem de ora\u00e7\u00e3o est\u00e1 no centro dos cora\u00e7\u00f5es e comunica a todos a plenitude de gra\u00e7a que recebeu. \u00ab\u00a0Aquele que acredita em mim, do seu seio correr\u00e1 rios de \u00e1gua viva\u00a0\u00bb, diz o nosso Senhor. Ele disse isto\u00a0\u00bb, acrescenta S\u00e3o Jo\u00e3o, \u00ab\u00a0do Esp\u00edrito que aqueles que acreditam nele devem receber\u00a0\u00bb (Jo 7,38-39). Sendo perfeitamente humano, ele v\u00ea realizado em si mesmo o desejo da humanidade: estar unido a Cristo. De certa forma, ele pr\u00f3prio se torna o Amado, o desejado das colinas eternas.<\/p>\n\n\n\n<p>Aquele que se perdeu no beijo da ess\u00eancia divina, que se permite ser gerado com Jesus segundo a vontade do Pai, participa na espira\u00e7\u00e3o do Esp\u00edrito consolador e torna-se ele pr\u00f3prio um consolador. Ele d\u00e1 \u00e0s almas, sem voltar atr\u00e1s, a alegria eterna em que est\u00e1 imerso, ele ilumina e aquece o mundo porque s\u00f3 est\u00e1 preocupado com Deus.<\/p>\n\n\n\n<p>Sem d\u00favida que estas coisas v\u00e3o parecer tolices \u00e0 sabedoria do mundo, porque o mundo vive de apar\u00eancias perec\u00edveis, e estamos a falar da realidade pura e eterna. Os seus caminhos n\u00e3o s\u00e3o os nossos caminhos, os nossos pensamentos n\u00e3o s\u00e3o os seus pensamentos. Mas um pouco mais de tempo e a expectativa de toda a natureza ser\u00e1 satisfeita pela glorifica\u00e7\u00e3o dos filhos de Deus.<\/p>\n\n\n\n<p>Para alcan\u00e7ar sem desvios a fonte de toda a fecundidade &#8211; que se encontra nas alturas da contempla\u00e7\u00e3o &#8211; o Cartuxo inclina-se para as profundezas do seu nada, onde se imp\u00f5e a si mesmo pela cont\u00ednua ren\u00fancia \u00e0 morte total para si e para o mundo, e assim realiza o seu espl\u00eandido ideal: viver de Deus na solid\u00e3o. <\/p>\n\n\n\n<p>O Bonitas!<\/p>\n\n\n\n<div class=\"wp-block-image\"><figure class=\"aligncenter size-large\"><img decoding=\"async\" width=\"1024\" height=\"430\" src=\"https:\/\/chartreux.org\/moines\/wp-content\/uploads\/2020\/11\/PL-spaci8rec-1024x430.jpg\" alt=\"\" class=\"wp-image-888\" srcset=\"https:\/\/chartreux.org\/moines\/wp-content\/uploads\/2020\/11\/PL-spaci8rec-1024x430.jpg 1024w, https:\/\/chartreux.org\/moines\/wp-content\/uploads\/2020\/11\/PL-spaci8rec-300x126.jpg 300w, https:\/\/chartreux.org\/moines\/wp-content\/uploads\/2020\/11\/PL-spaci8rec-768x323.jpg 768w, https:\/\/chartreux.org\/moines\/wp-content\/uploads\/2020\/11\/PL-spaci8rec-1536x645.jpg 1536w, https:\/\/chartreux.org\/moines\/wp-content\/uploads\/2020\/11\/PL-spaci8rec.jpg 1638w\" sizes=\"(max-width: 1024px) 100vw, 1024px\" \/><\/figure><\/div>\n\n\n\n<p><a href=\"#toc_container\" class=\"returnToTop\"> Voltar ao topo! \u2191 <\/a><\/p>\n","protected":false},"excerpt":{"rendered":"<p>1\u00b0 quadro: A orienta\u00e7\u00e3o fondamental 2\u00b0 quadro: O lugar da purifica\u00e7\u00e3o 3\u00b0 quadro: A obra da [&hellip;]<\/p>\n","protected":false},"author":1,"featured_media":0,"parent":0,"menu_order":0,"comment_status":"closed","ping_status":"closed","template":"template-full-width.php","meta":{"footnotes":""},"class_list":["post-2872","page","type-page","status-publish","hentry"],"_links":{"self":[{"href":"https:\/\/chartreux.org\/moines\/wp-json\/wp\/v2\/pages\/2872","targetHints":{"allow":["GET"]}}],"collection":[{"href":"https:\/\/chartreux.org\/moines\/wp-json\/wp\/v2\/pages"}],"about":[{"href":"https:\/\/chartreux.org\/moines\/wp-json\/wp\/v2\/types\/page"}],"author":[{"embeddable":true,"href":"https:\/\/chartreux.org\/moines\/wp-json\/wp\/v2\/users\/1"}],"replies":[{"embeddable":true,"href":"https:\/\/chartreux.org\/moines\/wp-json\/wp\/v2\/comments?post=2872"}],"version-history":[{"count":0,"href":"https:\/\/chartreux.org\/moines\/wp-json\/wp\/v2\/pages\/2872\/revisions"}],"wp:attachment":[{"href":"https:\/\/chartreux.org\/moines\/wp-json\/wp\/v2\/media?parent=2872"}],"curies":[{"name":"wp","href":"https:\/\/api.w.org\/{rel}","templated":true}]}}