{"id":2870,"date":"2021-05-04T02:26:04","date_gmt":"2021-05-04T00:26:04","guid":{"rendered":"https:\/\/chartreux.org\/moines\/?page_id=2870"},"modified":"2024-06-27T17:37:34","modified_gmt":"2024-06-27T15:37:34","slug":"a-liturgia","status":"publish","type":"page","link":"https:\/\/chartreux.org\/moines\/pt\/a-liturgia\/","title":{"rendered":"A Liturgia"},"content":{"rendered":"\n<div class=\"wp-block-columns is-layout-flex wp-container-core-columns-is-layout-9d6595d7 wp-block-columns-is-layout-flex\">\n<div class=\"wp-block-column is-layout-flow wp-block-column-is-layout-flow\">\n<p><\/p>\n<div id=\"toc_container\">\n<ul class=\"toc_list\">\n  <li><a href=\"#1\">1. Caracter\u00edsticas da liturgia cartusiana<\/a><\/li>\n  <li><a href=\"#2\">2. O Sacrif\u00edcio Eucar\u00edstico<\/a><\/li>\n  <li><a href=\"#3\">3. Os Of\u00edcios das Horas<\/a><\/li>\n  <li><a href=\"#4\">4. A Sant\u00edssima Virgem Maria<\/a><\/li>\n<li><a href=\"#5\">5. Escutar<\/a><\/li>\n<\/ul>\n<\/div>\n<\/div>\n\n\n\n<div class=\"wp-block-column is-layout-flow wp-block-column-is-layout-flow\">\n<figure class=\"wp-block-image size-large\"><img decoding=\"async\" width=\"1024\" height=\"753\" src=\"https:\/\/chartreux.org\/moines\/wp-content\/uploads\/2021\/01\/Off-nuit-03-1024x753.jpg\" alt=\"\" class=\"wp-image-1459\" srcset=\"https:\/\/chartreux.org\/moines\/wp-content\/uploads\/2021\/01\/Off-nuit-03-1024x753.jpg 1024w, https:\/\/chartreux.org\/moines\/wp-content\/uploads\/2021\/01\/Off-nuit-03-300x220.jpg 300w, https:\/\/chartreux.org\/moines\/wp-content\/uploads\/2021\/01\/Off-nuit-03-768x564.jpg 768w, https:\/\/chartreux.org\/moines\/wp-content\/uploads\/2021\/01\/Off-nuit-03.jpg 1464w\" sizes=\"(max-width: 1024px) 100vw, 1024px\" \/><\/figure>\n<\/div>\n<\/div>\n\n\n\n<h3 class=\"wp-block-heading\" id=\"1\">1. Caracter<strong>\u00ed<\/strong>sticas da liturgia cartusiana<\/h3>\n\n\n\n<p>De acordo com as palavras de Guigo I, o primeiro legislador da voca\u00e7\u00e3o cartusiana, a liturgia \u00e9 a parte mais nobre da nossa vida. A liturgia dos cartuxos \u00e9 marcada pela sua voca\u00e7\u00e3o erem\u00edtica. O canto gregoriano que lhes \u00e9 pr\u00f3prio \u00e9 um elemento do seu patrim\u00f3nio preservado desde o in\u00edcio; \u00e9 portador de interioridade e sobriedade espiritual. Assim que chegaram a Chartreuse, S\u00e3o Bruno e os seus companheiros criaram uma liturgia particular adaptada \u00e0 sua voca\u00e7\u00e3o erem\u00edtica e \u00e0 pequena dimens\u00e3o da sua comunidade. Ao longo dos s\u00e9culos, os nossos pais t\u00eam tido o cuidado de preservar esta liturgia, adaptada \u00e0 nossa vida solit\u00e1ria e contemplativa. Os textos e rubricas da liturgia cartusiana foram revistos seguindo as orienta\u00e7\u00f5es do Conc\u00edlio Vaticano II.<\/p>\n\n\n\n<p>Em compara\u00e7\u00e3o com a liturgia romana, o rito cartusiano \u00e9 caracterizado por uma grande simplicidade e sobriedade nas suas formas externas, o que favorece a uni\u00e3o da alma com Deus, para al\u00e9m das express\u00f5es vis\u00edveis e sens\u00edveis. Alguns dos elementos da nossa liturgia s\u00e3o: os numerosos per\u00edodos de sil\u00eancio, a proibi\u00e7\u00e3o de todos os instrumentos musicais, o canto s\u00f3brio gregoriano, a aus\u00eancia de polifonia. Por outro lado, quase todos os textos cantados s\u00e3o escritur\u00edsticos.<\/p>\n\n\n\n<h3 class=\"wp-block-heading\" id=\"2\">2. O Sacrif\u00edcio Eucar\u00edstico<\/h3>\n\n\n\n<p>A celebra\u00e7\u00e3o do sacrif\u00edcio eucar\u00edstico \u00e9 o centro e o cume da vida comunit\u00e1ria: todos os dias os monges re\u00fanem-se para celebrar a P\u00e1scoa do Senhor. A cartuxa conservou o seu pr\u00f3prio rito da Missa, que remonta aos s\u00e9culos XI-XII, e que tem uma origem mon\u00e1stica, mas \u00e9 um ramo do rito romano. Esta Eucaristia s\u00f3 pode ser concelebrada em dias em que a vida cartusiana reveste um car\u00e1cter comunit\u00e1rio: domingos e grandes festas. Noutros dias h\u00e1 apenas um celebrante no altar e a ora\u00e7\u00e3o eucar\u00edstica \u00e9 dita em voz baixa. A comunidade participa nesta liturgia eucar\u00edstica atrav\u00e9s do canto gregoriano, da ora\u00e7\u00e3o interior e da comunh\u00e3o. A comunidade prostra-se em adora\u00e7\u00e3o durante a consagra\u00e7\u00e3o. \u00c9 caracter\u00edstico do rito da Missa cartusiana que o sacerdote esteja quase sempre sozinho no santu\u00e1rio (os outros ministros retiram-se quando o seu servi\u00e7o \u00e9 conclu\u00eddo), que ele mantenha os bra\u00e7os em cruz durante a ora\u00e7\u00e3o eucar\u00edstica, e que n\u00e3o haja b\u00ean\u00e7\u00e3o final.<\/p>\n\n\n\n<div class=\"wp-block-columns is-layout-flex wp-container-core-columns-is-layout-9d6595d7 wp-block-columns-is-layout-flex\">\n<div class=\"wp-block-column is-layout-flow wp-block-column-is-layout-flow\" style=\"flex-basis:25%\">\n<figure class=\"wp-block-image size-large\"><img decoding=\"async\" width=\"679\" height=\"1024\" src=\"https:\/\/chartreux.org\/moines\/wp-content\/uploads\/2021\/02\/prost_priestTR-679x1024.jpg\" alt=\"\" class=\"wp-image-1741\" srcset=\"https:\/\/chartreux.org\/moines\/wp-content\/uploads\/2021\/02\/prost_priestTR-679x1024.jpg 679w, https:\/\/chartreux.org\/moines\/wp-content\/uploads\/2021\/02\/prost_priestTR-199x300.jpg 199w, https:\/\/chartreux.org\/moines\/wp-content\/uploads\/2021\/02\/prost_priestTR-768x1159.jpg 768w, https:\/\/chartreux.org\/moines\/wp-content\/uploads\/2021\/02\/prost_priestTR-1018x1536.jpg 1018w, https:\/\/chartreux.org\/moines\/wp-content\/uploads\/2021\/02\/prost_priestTR-1358x2048.jpg 1358w, https:\/\/chartreux.org\/moines\/wp-content\/uploads\/2021\/02\/prost_priestTR-scaled.jpg 1697w\" sizes=\"(max-width: 679px) 100vw, 679px\" \/><\/figure>\n<\/div>\n\n\n\n<div class=\"wp-block-column is-layout-flow wp-block-column-is-layout-flow\" style=\"flex-basis:50%\">\n<figure class=\"wp-block-image size-large\"><img decoding=\"async\" width=\"840\" height=\"633\" src=\"https:\/\/chartreux.org\/moines\/wp-content\/uploads\/2021\/05\/tamino230ret.jpg\" alt=\"\" class=\"wp-image-3124\" srcset=\"https:\/\/chartreux.org\/moines\/wp-content\/uploads\/2021\/05\/tamino230ret.jpg 840w, https:\/\/chartreux.org\/moines\/wp-content\/uploads\/2021\/05\/tamino230ret-300x226.jpg 300w, https:\/\/chartreux.org\/moines\/wp-content\/uploads\/2021\/05\/tamino230ret-768x579.jpg 768w\" sizes=\"(max-width: 840px) 100vw, 840px\" \/><\/figure>\n<\/div>\n\n\n\n<div class=\"wp-block-column is-layout-flow wp-block-column-is-layout-flow\" style=\"flex-basis:25%\">\n<figure class=\"wp-block-image size-large\"><img decoding=\"async\" width=\"683\" height=\"1024\" src=\"https:\/\/chartreux.org\/moines\/wp-content\/uploads\/2021\/05\/Montrieux-B-143.jpg\" alt=\"\" class=\"wp-image-3139\" srcset=\"https:\/\/chartreux.org\/moines\/wp-content\/uploads\/2021\/05\/Montrieux-B-143.jpg 683w, https:\/\/chartreux.org\/moines\/wp-content\/uploads\/2021\/05\/Montrieux-B-143-200x300.jpg 200w\" sizes=\"(max-width: 683px) 100vw, 683px\" \/><\/figure>\n<\/div>\n<\/div>\n\n\n\n<p>Numa outra altura do dia, cada padre monge celebra os Mist\u00e9rios Sagrados numa capela solit\u00e1ria, fazendo seu o significado universal do sacrif\u00edcio eucar\u00edstico. Momento de intensidade e de recolhimento.<\/p>\n\n\n\n<p><a href=\"#toc_container\" class=\"returnToTop\"> Voltar ao topo! \u2191 <\/a><\/p>\n\n\n\n<h3 class=\"wp-block-heading\" id=\"3\">3. Os Of\u00edcios das Horas<\/h3>\n\n\n\n<p>Outro momento importante do dia lit\u00fargico \u00e9 o of\u00edcio celebrado na igreja a meio da noite (Matinas e Laudes): durante duas ou tr\u00eas horas, dependendo do dia, h\u00e1 uma altern\u00e2ncia de c\u00e2nticos e leituras de salmo da Sagrada Escritura ou dos Padres da Igreja, um tempo de sil\u00eancio e ora\u00e7\u00f5es de intercess\u00e3o. Todos os monges cartuxos gostam particularmente deste longo servi\u00e7o noturno onde cada um, unido a todos os seus irm\u00e3os, mas ainda assim de forma pessoal, pode experimentar uma comunh\u00e3o intensa e profunda com Deus. <\/p>\n\n\n\n<p>O c\u00e2ntico anotado (ant\u00edfonas, respostas, hinos, pr\u00f3prio da Missa, <em>kyriale<\/em>) \u00e9 sempre em latim, segundo as melodias gregorianas pr\u00f3prias dos cartuxos. Algumas casas da Ordem cantam a salmodia em vern\u00e1culo, outras em latim. As leituras s\u00e3o, em princ\u00edpio, em vern\u00e1culo. Na cela, cada um pode escolher recitar o of\u00edcio em latim ou em vern\u00e1culo, de acordo com a sua pr\u00f3pria inclina\u00e7\u00e3o.<\/p>\n\n\n\n<div class=\"wp-block-columns is-layout-flex wp-container-core-columns-is-layout-9d6595d7 wp-block-columns-is-layout-flex\">\n<div class=\"wp-block-column is-layout-flow wp-block-column-is-layout-flow\">\n<figure class=\"wp-block-image size-large\"><img decoding=\"async\" width=\"489\" height=\"327\" src=\"https:\/\/chartreux.org\/moines\/wp-content\/uploads\/2021\/02\/XCopy-of-TR_MonkInCell-1.jpg\" alt=\"\" class=\"wp-image-1591\" srcset=\"https:\/\/chartreux.org\/moines\/wp-content\/uploads\/2021\/02\/XCopy-of-TR_MonkInCell-1.jpg 489w, https:\/\/chartreux.org\/moines\/wp-content\/uploads\/2021\/02\/XCopy-of-TR_MonkInCell-1-300x201.jpg 300w\" sizes=\"(max-width: 489px) 100vw, 489px\" \/><\/figure>\n<\/div>\n\n\n\n<div class=\"wp-block-column is-layout-flow wp-block-column-is-layout-flow\">\n<figure class=\"wp-block-image size-large\"><img decoding=\"async\" width=\"1024\" height=\"682\" src=\"https:\/\/chartreux.org\/moines\/wp-content\/uploads\/2021\/02\/PL-eglise-2-1024x682.jpg\" alt=\"\" class=\"wp-image-1587\" srcset=\"https:\/\/chartreux.org\/moines\/wp-content\/uploads\/2021\/02\/PL-eglise-2-1024x682.jpg 1024w, https:\/\/chartreux.org\/moines\/wp-content\/uploads\/2021\/02\/PL-eglise-2-300x200.jpg 300w, https:\/\/chartreux.org\/moines\/wp-content\/uploads\/2021\/02\/PL-eglise-2-768x512.jpg 768w, https:\/\/chartreux.org\/moines\/wp-content\/uploads\/2021\/02\/PL-eglise-2.jpg 1040w\" sizes=\"(max-width: 1024px) 100vw, 1024px\" \/><\/figure>\n<\/div>\n<\/div>\n\n\n\n<p>No final do dia, os monges re\u00fanem-se novamente na igreja para celebrar o of\u00edcio das V\u00e9speras. As outras partes do of\u00edcio s\u00e3o celebradas por cada monge na sua cela, exceto aos domingos e certos dias de festa, quando s\u00e3o cantadas na igreja. Para al\u00e9m do Of\u00edcio Divino, os monges cartuxos recitam diariamente o Of\u00edcio da Virgem Maria nas suas celas e, uma vez por semana, um Of\u00edcio especial pelos defuntos: intercedem junto de Deus para que Ele possa acolher no seu Reino eterno todos aqueles que deixaram esta vida. <\/p>\n\n\n\n<p>Voltar repetidamente ao longo do dia para recitar o Of\u00edcio Divino \u00e9 uma ajuda inestim\u00e1vel para alcan\u00e7ar o objetivo do monge de ora\u00e7\u00e3o cont\u00ednua.<\/p>\n\n\n\n<h3 class=\"wp-block-heading\" id=\"4\">4. La bienheureuse Vierge Marie<\/h3>\n\n\n<div class=\"wp-block-image\">\n<figure class=\"alignleft size-large is-resized\"><img decoding=\"async\" width=\"703\" height=\"1024\" src=\"https:\/\/chartreux.org\/moines\/wp-content\/uploads\/2021\/01\/Virgen-del-Rosario-001-1-703x1024.jpg\" alt=\"\" class=\"wp-image-1335\" style=\"width:360px;height:522px\" srcset=\"https:\/\/chartreux.org\/moines\/wp-content\/uploads\/2021\/01\/Virgen-del-Rosario-001-1-703x1024.jpg 703w, https:\/\/chartreux.org\/moines\/wp-content\/uploads\/2021\/01\/Virgen-del-Rosario-001-1-206x300.jpg 206w, https:\/\/chartreux.org\/moines\/wp-content\/uploads\/2021\/01\/Virgen-del-Rosario-001-1-768x1119.jpg 768w, https:\/\/chartreux.org\/moines\/wp-content\/uploads\/2021\/01\/Virgen-del-Rosario-001-1.jpg 1039w\" sizes=\"(max-width: 703px) 100vw, 703px\" \/><figcaption class=\"wp-element-caption\">Nossa-Senhora do Rosario, Cartuxa de Miraflores<\/figcaption><\/figure>\n<\/div>\n\n\n<p><em>\u00ab\u00a0Os nossos eremit\u00e9rios s\u00e3o principalmente dedicados \u00e0 Sant\u00edssima Virgem Maria e a S\u00e3o Jo\u00e3o Baptista, os nossos principais patronos no c\u00e9u&#8230; Al\u00e9m do Of\u00edcio Divino, os nossos pais entregaram-nos o Of\u00edcio da Sant\u00edssima Virgem Maria, cada uma das horas que normalmente antecedem a hora correspondente do Of\u00edcio Divino. Com esta ora\u00e7\u00e3o celebramos a eterna novidade do mist\u00e9rio de Maria gerando espiritualmente Cristo no nosso cora\u00e7\u00e3o\u00a0\u00bb<\/em> (Estatutos 10.10 e 21.12). Para al\u00e9m desta express\u00e3o da nossa devo\u00e7\u00e3o a Maria, a quem estamos habituados a chamar \u00ab\u00a0a M\u00e3e singular dos Cartuxos\u00a0\u00bb (<em>Mater singularis cartusiensium<\/em>), veneramo-la e honramo-la rezando o Angelus quatro vezes por dia (de manh\u00e3, ao meio-dia, \u00e0 noite e no final de Laudes). Tamb\u00e9m recitamos uma Ave Maria cada vez que regressamos do claustro e entramos no nosso eremit\u00e9rio numa sala reservada para este fim. Uma missa semanal \u00e9 celebrada conventualmente em honra de Nossa Senhora em todas as casas da Ordem, normalmente cada s\u00e1bado. Nomeamos Maria na nossa f\u00f3rmula de profiss\u00e3o&#8230; Para al\u00e9m destas tradi\u00e7\u00f5es, cada um \u00e9 encorajado a cultivar uma rela\u00e7\u00e3o viva, filial e terna com a M\u00e3e do Senhor, enquanto ela nos conduz a Jesus. <em>\u00ab\u00a0Maria, figura da Igreja, Esposa sem ruga nem mancha, que, imitando-te, &lsquo;conserva virginalmente uma f\u00e9 \u00edntegra, uma esperan\u00e7a firme uma caridade sincera&rsquo; (LG 64), sustenta as pessoas consagradas que tendem \u00e0 bem-aventuran\u00e7a \u00fanica e eterna\u00a0\u00bb<\/em> (<em>Vita Consecrata<\/em>, 112).<\/p>\n\n\n\n<p>Gra\u00e7as \u00e0 liturgia, o mosteiro cartuxo n\u00e3o permanece um grupo de pessoas solit\u00e1rias isoladas umas das outras. Pelo contr\u00e1rio, torna-se uma verdadeira comunidade mon\u00e1stica, manifestando assim o mist\u00e9rio da Igreja e encontrando o seu lugar atrav\u00e9s do culto p\u00fablico que ela presta a Deus.<\/p>\n\n\n\n<div class=\"wp-block-columns is-layout-flex wp-container-core-columns-is-layout-9d6595d7 wp-block-columns-is-layout-flex\">\n<div class=\"wp-block-column is-layout-flow wp-block-column-is-layout-flow\">\n<figure class=\"wp-block-image size-large\"><img decoding=\"async\" width=\"767\" height=\"1024\" src=\"https:\/\/chartreux.org\/moines\/wp-content\/uploads\/2021\/02\/EncensTR-767x1024.jpg\" alt=\"\" class=\"wp-image-1582\" srcset=\"https:\/\/chartreux.org\/moines\/wp-content\/uploads\/2021\/02\/EncensTR-767x1024.jpg 767w, https:\/\/chartreux.org\/moines\/wp-content\/uploads\/2021\/02\/EncensTR-225x300.jpg 225w, https:\/\/chartreux.org\/moines\/wp-content\/uploads\/2021\/02\/EncensTR-768x1025.jpg 768w, https:\/\/chartreux.org\/moines\/wp-content\/uploads\/2021\/02\/EncensTR-1151x1536.jpg 1151w, https:\/\/chartreux.org\/moines\/wp-content\/uploads\/2021\/02\/EncensTR-1535x2048.jpg 1535w, https:\/\/chartreux.org\/moines\/wp-content\/uploads\/2021\/02\/EncensTR-scaled.jpg 1919w\" sizes=\"(max-width: 767px) 100vw, 767px\" \/><figcaption class=\"wp-element-caption\"> <\/figcaption><\/figure>\n<\/div>\n\n\n\n<div class=\"wp-block-column is-layout-flow wp-block-column-is-layout-flow\">\n<figure class=\"wp-block-image size-large\"><img decoding=\"async\" width=\"554\" height=\"740\" src=\"https:\/\/chartreux.org\/moines\/wp-content\/uploads\/2021\/05\/missaconcelSJ-1.jpg\" alt=\"\" class=\"wp-image-3146\" srcset=\"https:\/\/chartreux.org\/moines\/wp-content\/uploads\/2021\/05\/missaconcelSJ-1.jpg 554w, https:\/\/chartreux.org\/moines\/wp-content\/uploads\/2021\/05\/missaconcelSJ-1-225x300.jpg 225w\" sizes=\"(max-width: 554px) 100vw, 554px\" \/><\/figure>\n<\/div>\n\n\n\n<div class=\"wp-block-column is-layout-flow wp-block-column-is-layout-flow\">\n<figure class=\"wp-block-image size-large\"><img decoding=\"async\" width=\"768\" height=\"1024\" src=\"https:\/\/chartreux.org\/moines\/wp-content\/uploads\/2021\/01\/2-Misa-y-otras-006-1-768x1024.jpg\" alt=\"\" class=\"wp-image-1420\" srcset=\"https:\/\/chartreux.org\/moines\/wp-content\/uploads\/2021\/01\/2-Misa-y-otras-006-1-768x1024.jpg 768w, https:\/\/chartreux.org\/moines\/wp-content\/uploads\/2021\/01\/2-Misa-y-otras-006-1-225x300.jpg 225w, https:\/\/chartreux.org\/moines\/wp-content\/uploads\/2021\/01\/2-Misa-y-otras-006-1-1152x1536.jpg 1152w, https:\/\/chartreux.org\/moines\/wp-content\/uploads\/2021\/01\/2-Misa-y-otras-006-1.jpg 1536w\" sizes=\"(max-width: 768px) 100vw, 768px\" \/><figcaption class=\"wp-element-caption\"> <\/figcaption><\/figure>\n<\/div>\n<\/div>\n\n\n\n<h3 class=\"wp-block-heading\" id=\"5\">5. Escutar<\/h3>\n\n\n\n<p>Algumas pe\u00e7as da Missa e leituras lit\u00fargicas na Grande Chartreuse.<\/p>\n\n\n\n<figure class=\"wp-block-audio\"><audio controls src=\"https:\/\/chartreux.org\/moines\/wp-content\/uploads\/2024\/06\/Liturgie-G-Chartreux.mp3\"><\/audio><\/figure>\n\n\n\n<figure class=\"wp-block-image size-large\"><img decoding=\"async\" width=\"1000\" height=\"392\" src=\"https:\/\/chartreux.org\/moines\/wp-content\/uploads\/2021\/05\/TP1_4144long.jpg\" alt=\"\" class=\"wp-image-3151\" srcset=\"https:\/\/chartreux.org\/moines\/wp-content\/uploads\/2021\/05\/TP1_4144long.jpg 1000w, https:\/\/chartreux.org\/moines\/wp-content\/uploads\/2021\/05\/TP1_4144long-300x118.jpg 300w, https:\/\/chartreux.org\/moines\/wp-content\/uploads\/2021\/05\/TP1_4144long-768x301.jpg 768w\" sizes=\"(max-width: 1000px) 100vw, 1000px\" \/><\/figure>\n\n\n\n<p><a href=\"#toc_container\" class=\"returnToTop\"> Voltar ao topo! \u2191 <\/a><\/p>\n","protected":false},"excerpt":{"rendered":"<p>1. Caracter\u00edsticas da liturgia cartusiana 2. O Sacrif\u00edcio Eucar\u00edstico 3. Os Of\u00edcios das Horas 4. A [&hellip;]<\/p>\n","protected":false},"author":1,"featured_media":0,"parent":0,"menu_order":0,"comment_status":"closed","ping_status":"closed","template":"template-full-width.php","meta":{"footnotes":""},"class_list":["post-2870","page","type-page","status-publish","hentry"],"_links":{"self":[{"href":"https:\/\/chartreux.org\/moines\/wp-json\/wp\/v2\/pages\/2870","targetHints":{"allow":["GET"]}}],"collection":[{"href":"https:\/\/chartreux.org\/moines\/wp-json\/wp\/v2\/pages"}],"about":[{"href":"https:\/\/chartreux.org\/moines\/wp-json\/wp\/v2\/types\/page"}],"author":[{"embeddable":true,"href":"https:\/\/chartreux.org\/moines\/wp-json\/wp\/v2\/users\/1"}],"replies":[{"embeddable":true,"href":"https:\/\/chartreux.org\/moines\/wp-json\/wp\/v2\/comments?post=2870"}],"version-history":[{"count":1,"href":"https:\/\/chartreux.org\/moines\/wp-json\/wp\/v2\/pages\/2870\/revisions"}],"predecessor-version":[{"id":7137,"href":"https:\/\/chartreux.org\/moines\/wp-json\/wp\/v2\/pages\/2870\/revisions\/7137"}],"wp:attachment":[{"href":"https:\/\/chartreux.org\/moines\/wp-json\/wp\/v2\/media?parent=2870"}],"curies":[{"name":"wp","href":"https:\/\/api.w.org\/{rel}","templated":true}]}}