{"id":2222,"date":"2021-03-10T19:02:57","date_gmt":"2021-03-10T18:02:57","guid":{"rendered":"https:\/\/chartreux.org\/moines\/?page_id=2222"},"modified":"2024-08-26T14:53:37","modified_gmt":"2024-08-26T12:53:37","slug":"livres","status":"publish","type":"page","link":"https:\/\/chartreux.org\/moines\/ressources\/livres\/","title":{"rendered":"Livres"},"content":{"rendered":"\n<h4 class=\"wp-block-heading titre\">Bibliographie cartusienne essentielle en fran\u00e7ais<\/h4>\n\n\n\n<h3 class=\"wp-block-heading librairie\">Livres<\/h3>\n\n\n\n<p><em>Saint Bruno et les Chartreux<\/em>, coll. Tradition Vivante, \u00c9d. AAVC <\/p>\n\n\n\n<p>CHARTREUX, <em>Chemins vers le silence int\u00e9rieur<\/em>, \u00c9d. Parole et Silence, 2010 <\/p>\n\n\n\n<p>CHARTREUX, <em>Des \u00e9tincelles sur la neige ; textes des premiers fr\u00e8res chartreux<\/em>, \u00c9d. Cerf, 1999 <\/p>\n\n\n\n<p>CHARTREUX, <em>Paroles de Chartreux<\/em>, collection cartusienne, \u00c9d. AAVC, 1997<\/p>\n\n\n\n<p>CHARTREUX, <em>Cent pri\u00e8res de Chartreux<\/em>, textes r\u00e9unis par Nathalie Nabert, \u00c9d. Salvator 2006 &#8211; ou bien \u00c9d. Albin Michel, 2009<\/p>\n\n\n\n<p>Un CHARTREUX [D. Jean-Baptiste Porion], <em>Amour et Silence<\/em>, \u00c9d. du Seuil &#8211; ou bien \u00c9d. Ad Solem <\/p>\n\n\n\n<p>Un CHARTREUX [D. Jean-Baptiste Porion], <em>\u00c9coles du Silence<\/em>, \u00c9d. Parole et Silence, 2001 <\/p>\n\n\n\n<p>Un CHARTREUX [D. Jean-Baptiste Porion], <em>Trinit\u00e9 et Vie Surnaturelle<\/em>, \u00c9d. Descl\u00e9e, 1980 &#8211; ou bien \u00c9d. AAVC <\/p>\n\n\n\n<p>Un CHARTREUX [D. Andr\u00e9 Poisson], <em>Pri\u00e8re du C\u0153ur et Pri\u00e8re Th\u00e9ologale<\/em>, \u00c9d. AAVC, 1989<\/p>\n\n\n\n<p>Un CHARTREUX, <em>Le chemin du vrai bonheur<\/em>, \u00c9d. Presses de la Renaissance, 2002<\/p>\n\n\n\n<p>GUIGUES [II] le CHARTREUX, <em>L&rsquo;\u00c9chelle du Paradis<\/em>, pr\u00e9sentation et traduction de Philippe Baud, \u00c9d. Parole &amp; Silence, 1999 <\/p>\n\n\n\n<p>GUILLERAND, D. Augustin, <em>Face \u00e0 Dieu<\/em>, \u00c9d. Parole &amp; Silence &#8211; ou bien  \u00c9d. AAVC, 2006 <\/p>\n\n\n\n<p>GUILLERAND, D. Augustin, <em>Ma\u00eetre&nbsp;: O\u00f9 demeurez-vous&nbsp;?<\/em>, \u00c9d. AAVC, 1997<\/p>\n\n\n\n<p>GUILLERAND, D. Augustin, <em>Silence Cartusien<\/em>, \u00c9d. AAVC, 2006<\/p>\n\n\n\n<p>GUILLERAND, D. Augustin, <em>Vivantes clart\u00e9s, m\u00e9ditations cartusiennes<\/em>,  \u00c9d. Parole et Silence, 2007<\/p>\n\n\n\n<p><em>La Grande Chartreuse<\/em>, par un chartreux, \u00c9d. AAVC <\/p>\n\n\n\n<p><em>Au del\u00e0 du silence : Histoire de la Grande Chartreuse<\/em> (album grand format),  \u00c9d. Gl\u00e9nat \/ Mus\u00e9e Dauphinois, 2002 <\/p>\n\n\n\n<p><em>L&rsquo;Ordre des Chartreux<\/em>, \u00c9d. AAVC, 2007<\/p>\n\n\n\n<p>Une moniale CHARTREUSE, <em>Prier 15 jours avec Saint Bruno<\/em>, \u00c9d. Nouvelle Cit\u00e9, 2001 <\/p>\n\n\n\n<p>LANSPERGE le CHARTREUX,  <em>\u00c9p\u00eetre de J\u00e9sus Christ et autres lettres<\/em>,  \u00c9d. Parole et Silence, 2013<\/p>\n\n\n\n<p>GOZIER, Andr\u00e9, O.S.B., <em>Le Regard Int\u00e9rieur<\/em>, \u00c9d. AAVC, 1990 <\/p>\n\n\n\n<p>LOCKHART, Robin Bruce, <em>La vie cach\u00e9e des Chartreux<\/em>,  \u00c9d. Nouvelle Cit\u00e9, 1990<\/p>\n\n\n\n<p>NABERT, Nathalie, <em>Les moniales chartreuses<\/em>, \u00c9d. Ad Solem, 2009<\/p>\n\n\n\n<p>NABERT, Nathalie, <em>Seuls avec le Seul ; la solitude chez les Chartreux<\/em>. Collection : Carmel vivant, n\u00b0 s\u00e9rie Eremos, 14. Toulouse, \u00c9ditions du Carmel, 2018.<\/p>\n\n\n\n<p>PEETERS, Tim, <em>La voie spirituelle des chartreux<\/em> ; traduit du n\u00e9erlandais par s\u0153ur Gertrude-Marie Charlier, O.S.B., \u00c9d. Cerf, 2010<\/p>\n\n\n\n<p>RAVIER, Andr\u00e9, S.J., <em>L&rsquo;approche de Dieu par le silence de solitude<\/em>, \u00c9d. AAVC, 1996 <\/p>\n\n\n\n<p>RAVIER, Andr\u00e9, S.J., <em>Contemplatif, que cherches-tu&nbsp;?<\/em>, \u00c9d. AAVC, 1990 <\/p>\n\n\n\n<p>RAVIER, Andr\u00e9, S.J., <em>Le premier ermitage des moines de Chartreuse<\/em>, \u00c9d. AAVC, 2001<\/p>\n\n\n\n<p>RAVIER, Andr\u00e9, S.J., <em>Saint Bruno le Chartreux<\/em>, Andr\u00e9 Ravier, s.j. \u00c9d. Lethielleux, 1981.<\/p>\n\n\n\n<p>SERROU, Robert-VALS, Pierre, <em>Au d\u00e9sert de Chartreuse, la vie solitaire des fils de saint Bruno<\/em>,  \u00c9d. La Martini\u00e8re, 2008<\/p>\n\n\n\n<p class=\"gras\">\u00c9ditions du Cerf, Sources Chr\u00e9tiennes :<\/p>\n\n\n\n<dl class=\"librairie\">\n<dt><em>Coutumes de Chartreuse<\/em>, de Guigues I (S.C. n\u00b0 313), 2001<\/dt>\n<dt><em>Lettres des premiers Chartreux<\/em> (Vol. 1) (S.C. n\u00b0 88), 1988<\/dt>\n<dt><em>Lettres des premiers Chartreux<\/em> (Vol. 2) (S.C. n\u00b0 274), 1980<\/dt>\n<dt><em>M\u00e9ditations<\/em>, de Guigues I (S.C. n\u00b0 308), 2001<\/dt>\n<dt><em>Lettre sur la vie contemplative (L&rsquo;\u00e9chelle des moines) &amp; Douze m\u00e9ditations<\/em>, de Guigues II (S.C. n\u00b0 163), 2001<\/dt>\n<dt><em>Lettre aux Fr\u00e8res du Mont-Dieu<\/em>, Guillaume de Saint-Thierry (S.C. n\u00b0 223), 1975<\/dt>\n<\/dl>\n\n\n\n<h3 class=\"wp-block-heading\">&nbsp;<\/h3>\n\n\n\n<h3 class=\"wp-block-heading librairie\">Compacts disques<\/h3>\n\n\n\n<dl class=\"librairie\">\n<dt>Jubilate Deo<\/dt>\n<dd>Chants n\u00b02 des moines de la Grande Chartreuse.<\/dd>\n<dt>In Principio<\/dt>\n<dd>Chants Cartusiens n\u00b04 : \u00c9vangile de Saint Jean.<\/dd>\n<dt>Cantate Deo<\/dt>\n<dd>Chants des moniales d&rsquo;Espagne.<\/dd>\n<dt>In The Silence of the Word<\/dt>\n<dd>Chants des moines d&rsquo;Angleterre.<\/dd>\n<\/dl>\n\n\n\n<div class=\"wp-block-columns is-layout-flex wp-container-core-columns-is-layout-9d6595d7 wp-block-columns-is-layout-flex\">\n<div class=\"wp-block-column is-layout-flow wp-block-column-is-layout-flow\">\n<p>Au Mus\u00e9e de la Correrie :<\/p>\n\n\n\n<p>Chartreuse Diffusion<br>Magasin de la Correrie<br>38380 Saint Pierre de Chartreuse<br>France&nbsp;<\/p>\n\n\n\n<p><a rel=\"noreferrer noopener\" href=\"http:\/\/www.musee-grande-chartreuse.fr\/fr\/vente-en-ligne\" target=\"_blank\">www.musee-grande-chartreuse.fr\/fr\/vente-en-ligne<\/a><\/p>\n<\/div>\n\n\n\n<div class=\"wp-block-column is-layout-flow wp-block-column-is-layout-flow\">\n<p>Distributeur de livres cartusiens et DVD :<\/p>\n\n\n\n<p><br>Librairie Abbaye Sainte-Marie-Madeleine du Barroux :<\/p>\n\n\n\n<p><a href=\"https:\/\/boutique.barroux.org\/1466-la-vie-des-chartreux\">https:\/\/boutique.barroux.org\/1466-la-vie-des-chartreux<\/a><\/p>\n<\/div>\n<\/div>\n\n\n\n<h3 class=\"wp-block-heading has-text-align-left\">DVD&rsquo;s<\/h3>\n\n\n\n<iframe loading=\"lazy\" src=\"https:\/\/player.vimeo.com\/video\/660673696?h=7abffed6bb\" width=\"640\" height=\"360\" frameborder=\"0\" allow=\"autoplay; fullscreen; picture-in-picture\" allowfullscreen><\/iframe>\n\n\n\n<div class=\"wp-block-columns is-layout-flex wp-container-core-columns-is-layout-9d6595d7 wp-block-columns-is-layout-flex\">\n<div class=\"wp-block-column is-layout-flow wp-block-column-is-layout-flow\">\n<figure class=\"wp-block-image size-large\"><a href=\"https:\/\/dcx-films.fr\/stbruno\/\" target=\"_blank\" rel=\"noreferrer noopener\"><img decoding=\"async\" src=\"https:\/\/chartreux.org\/moniales\/wp-content\/uploads\/2020\/09\/DVD-annonce.jpg\" alt=\"\" class=\"wp-image-1071\"\/><\/a><\/figure>\n<\/div>\n\n\n\n<div class=\"wp-block-column is-layout-flow wp-block-column-is-layout-flow\">\n<div style=\"height:40px\" aria-hidden=\"true\" class=\"wp-block-spacer\"><\/div>\n\n\n\n<p>DVD  <strong>Saint Bruno, P\u00e8re des Chartreux<\/strong><br>Un film de Marc Jeanson.  50 min.<br>Commandes :<br><a rel=\"noreferrer noopener\" href=\"http:\/\/www.musee-grande-chartreuse.fr\/fr\/vente-en-ligne\" target=\"_blank\">www.musee-grande-chartreuse.fr\/fr\/vente-en-ligne<\/a><br>ou bien :<br><a rel=\"noreferrer noopener\" href=\"http:\/\/www.dcx.fr\" target=\"_blank\">www.dcx.fr<\/a><br>ou encore :<br><a href=\"https:\/\/boutique.barroux.org\/1466-la-vie-des-chartreux\">https:\/\/boutique.barroux.org\/1466-la-vie-des-chartreux<\/a><\/p>\n\n\n\n<p>Version italienne disponible : <br>DVD  <strong>San Bruno, Padre dei certosini<\/strong><br>Commandes :<br>Museo della Certosa, Serra San Bruno, Italia<\/p>\n\n\n\n<p><a href=\"http:\/\/www.museocertosa.org\/serra-gift.html\">http:\/\/www.museocertosa.org\/serra-gift.html<\/a><\/p>\n<\/div>\n<\/div>\n\n\n\n<iframe src=\"https:\/\/player.vimeo.com\/video\/244650113\" allow=\"autoplay; fullscreen\" allowfullscreen=\"\" width=\"640\" height=\"360\" frameborder=\"0\"><\/iframe>\n\n\n\n<div class=\"wp-block-columns is-layout-flex wp-container-core-columns-is-layout-9d6595d7 wp-block-columns-is-layout-flex\">\n<div class=\"wp-block-column is-layout-flow wp-block-column-is-layout-flow\">\n<figure class=\"wp-block-image size-large\"><img decoding=\"async\" src=\"https:\/\/chartreux.org\/moniales\/wp-content\/uploads\/2020\/10\/DSCN0041b-997x1024.jpg\" alt=\"\" class=\"wp-image-1745\"\/><\/figure>\n<\/div>\n\n\n\n<div class=\"wp-block-column is-layout-flow wp-block-column-is-layout-flow\">\n<div style=\"height:40px\" aria-hidden=\"true\" class=\"wp-block-spacer\"><\/div>\n\n\n\n<p>DVD  <strong>Une vie en Chartreuse: de la nuit du monde \u00e0 la Nuit Pascale.<\/strong><br>R\u00e9alisation: Les Ateliers des Forges. 49 min.<br>Commandes :<\/p>\n\n\n\n<p>Mus\u00e9e de la Grande Chartreuse<br><br><a rel=\"noreferrer noopener\" href=\"http:\/\/www.musee-grande-chartreuse.fr\/fr\/vente-en-ligne\" target=\"_blank\">www.musee-grande-chartreuse.fr\/fr\/vente-en-ligne<\/a><\/p>\n<\/div>\n<\/div>\n\n\n\n<p><\/p>\n","protected":false},"excerpt":{"rendered":"<p>Bibliographie cartusienne essentielle en fran\u00e7ais Livres Saint Bruno et les Chartreux, coll. Tradition Vivante, \u00c9d. AAVC [&hellip;]<\/p>\n","protected":false},"author":1,"featured_media":0,"parent":770,"menu_order":1,"comment_status":"closed","ping_status":"closed","template":"template-full-width.php","meta":{"footnotes":""},"class_list":["post-2222","page","type-page","status-publish","hentry"],"_links":{"self":[{"href":"https:\/\/chartreux.org\/moines\/wp-json\/wp\/v2\/pages\/2222","targetHints":{"allow":["GET"]}}],"collection":[{"href":"https:\/\/chartreux.org\/moines\/wp-json\/wp\/v2\/pages"}],"about":[{"href":"https:\/\/chartreux.org\/moines\/wp-json\/wp\/v2\/types\/page"}],"author":[{"embeddable":true,"href":"https:\/\/chartreux.org\/moines\/wp-json\/wp\/v2\/users\/1"}],"replies":[{"embeddable":true,"href":"https:\/\/chartreux.org\/moines\/wp-json\/wp\/v2\/comments?post=2222"}],"version-history":[{"count":1,"href":"https:\/\/chartreux.org\/moines\/wp-json\/wp\/v2\/pages\/2222\/revisions"}],"predecessor-version":[{"id":7148,"href":"https:\/\/chartreux.org\/moines\/wp-json\/wp\/v2\/pages\/2222\/revisions\/7148"}],"up":[{"embeddable":true,"href":"https:\/\/chartreux.org\/moines\/wp-json\/wp\/v2\/pages\/770"}],"wp:attachment":[{"href":"https:\/\/chartreux.org\/moines\/wp-json\/wp\/v2\/media?parent=2222"}],"curies":[{"name":"wp","href":"https:\/\/api.w.org\/{rel}","templated":true}]}}