{"id":2216,"date":"2021-03-10T18:41:38","date_gmt":"2021-03-10T17:41:38","guid":{"rendered":"https:\/\/chartreux.org\/moines\/?page_id=2216"},"modified":"2023-12-29T01:31:32","modified_gmt":"2023-12-29T00:31:32","slug":"contacts","status":"publish","type":"page","link":"https:\/\/chartreux.org\/moines\/ressources\/contacts\/","title":{"rendered":"Contacts"},"content":{"rendered":"\n<p class=\"t0 ecarteur3\">Les chartreux ayant choisi une vie solitaire vous seront reconnaissants de respecter leur solitude. Un courrier suivi est incompatible avec leur vie, et m\u00eame \u00e0 leurs parents proches ils n&rsquo;\u00e9crivent que rarement. Cependant si vous vous posez des questions sur une \u00e9ventuelle vocation \u00e0 leur vie, vous pouvez \u00e9crire \u00e0 l&rsquo;une des maisons dont vous trouverez l&rsquo;adresse dans la page&nbsp; \u00ab\u00a0Les Monast\u00e8res\u00a0\u00bb.<\/p>\n\n\n\n<p>Si vous pensez \u00e0 une vocation et que vous ayez du mal \u00e0 contacter une des maisons de l&rsquo;Ordre ou que vous ne sachiez au juste \u00e0 laquelle vous adresser, adressez votre courrier \u00e0\u00a0:<img decoding=\"async\" width=\"250\" height=\"21\" class=\"wp-image-6983\" style=\"width: 250px;\" src=\"https:\/\/chartreux.org\/moines\/wp-content\/uploads\/2023\/12\/vacations_new2.png\" alt=\"vacations new\"> <img decoding=\"async\" class=\"email\" src=\"\/$\/email\/vocations2chartreuseinfo.png\" alt=\"\"> (adresse exclusive pour les vocations; tout message sur un autre sujet ne sera pas r\u00e9pondu). L&rsquo;information sera transmise \u00e0 la maison la plus appropri\u00e9e.<\/p>\n\n\n\n<p>Pour toute autre affaire ou commentaire, vous pouvez \u00e9crire \u00e0 l&rsquo;adresse : <img decoding=\"async\" class=\"email\" src=\"\/$\/email\/contact2chartreuseinfo.png\" alt=\"\"><img decoding=\"async\" width=\"250\" height=\"21\" class=\"wp-image-6985\" style=\"width: 250px;\" src=\"https:\/\/chartreux.org\/moines\/wp-content\/uploads\/2023\/12\/contact_new2.png\" alt=\"contact_new\"> Il sera pas r\u00e9pondu o non en fonction de la pertinence, ou bien le message sera redirig\u00e9 (merci de votre compr\u00e9hension).<\/p>\n\n\n\n<p class=\"t0\">Pour les questions historiques et scientifiques, on peut contacter&nbsp;:<\/p>\n\n\n\n<div class=\"adresses\">\n<div class=\"bloc2\">\n<p class=\"t0 gras\">Centre de Recherches Cartusiennes<br>Mus\u00e9e<br>30130 Pont-Saint-Esprit<br>France<\/p>\n<\/div>\n<p>ou bien :<\/p>\n<div class=\"bloc2\">\n<p class=\"t0 gras\">Alain Girard<br>Maison des chevaliers<br>30130 Pont-Saint-Esprit<br>France<\/p>\n<p>ou encore :<\/p>\n<p>Sylvain Excoffon<br>Universit\u00e9 de Saint-\u00c9tienne<br>France<br>sylvain.excoffon@univ-st-etienne<\/p>\n<\/div>\n<\/div>\n\n\n\n<h3 class=\"wp-block-heading\">Intentions de pri\u00e8re particuli\u00e8res ?<\/h3>\n\n\n\n<p>Nous sommes d\u00e9sol\u00e9s de ne pas pouvoir vous offrir la possibilit\u00e9 d&rsquo;une bo\u00eete d&rsquo;intentions de pri\u00e8res. Notre site re\u00e7oit en moyenne de 25.000 consultations par mois. Ce serait ing\u00e9rable. Mais sachez que les chartreux prient pour tous, toujours, ainsi que pour les grandes intentions de l\u2019\u00c9glise et les n\u00e9cessit\u00e9s du monde. Ils n&rsquo;ont pas besoin de conna\u00eetre les d\u00e9tails, qui sont connus de Dieu, P\u00e8re de mis\u00e9ricorde.<\/p>\n\n\n\n<p class=\"has-text-align-center\"><strong>STAT CRUX DUM VOLVITUR ORBIS<\/strong><\/p>\n","protected":false},"excerpt":{"rendered":"<p>Les chartreux ayant choisi une vie solitaire vous seront reconnaissants de respecter leur solitude. Un courrier [&hellip;]<\/p>\n","protected":false},"author":1,"featured_media":0,"parent":770,"menu_order":0,"comment_status":"closed","ping_status":"closed","template":"template-full-width.php","meta":{"footnotes":""},"class_list":["post-2216","page","type-page","status-publish","hentry"],"_links":{"self":[{"href":"https:\/\/chartreux.org\/moines\/wp-json\/wp\/v2\/pages\/2216","targetHints":{"allow":["GET"]}}],"collection":[{"href":"https:\/\/chartreux.org\/moines\/wp-json\/wp\/v2\/pages"}],"about":[{"href":"https:\/\/chartreux.org\/moines\/wp-json\/wp\/v2\/types\/page"}],"author":[{"embeddable":true,"href":"https:\/\/chartreux.org\/moines\/wp-json\/wp\/v2\/users\/1"}],"replies":[{"embeddable":true,"href":"https:\/\/chartreux.org\/moines\/wp-json\/wp\/v2\/comments?post=2216"}],"version-history":[{"count":0,"href":"https:\/\/chartreux.org\/moines\/wp-json\/wp\/v2\/pages\/2216\/revisions"}],"up":[{"embeddable":true,"href":"https:\/\/chartreux.org\/moines\/wp-json\/wp\/v2\/pages\/770"}],"wp:attachment":[{"href":"https:\/\/chartreux.org\/moines\/wp-json\/wp\/v2\/media?parent=2216"}],"curies":[{"name":"wp","href":"https:\/\/api.w.org\/{rel}","templated":true}]}}