{"id":2033,"date":"2021-03-09T14:07:45","date_gmt":"2021-03-09T13:07:45","guid":{"rendered":"https:\/\/chartreux.org\/moines\/?page_id=2033"},"modified":"2022-01-03T20:54:23","modified_gmt":"2022-01-03T19:54:23","slug":"heiliger-bruno","status":"publish","type":"page","link":"https:\/\/chartreux.org\/moines\/de\/heiliger-bruno\/","title":{"rendered":"Der heilige Bruno"},"content":{"rendered":"\n<div class=\"wp-block-columns is-layout-flex wp-container-core-columns-is-layout-9d6595d7 wp-block-columns-is-layout-flex\">\n<div class=\"wp-block-column is-layout-flow wp-block-column-is-layout-flow\">\n<p><\/p>\n<div id=\"toc_container\">\n<ul class=\"toc_list\">\n  <li><a href=\"#bruno_cologne\">1. K\u00f6ln und Reims<\/a><\/li>\n  <li><a href=\"#bruno_chartreuse\">2. La Chartreuse<\/a><\/li>\n  <li><a href=\"#vie_en_chartreuse\">3. Leben in der Kartause<\/a><\/li>\n  <li><a href=\"#bruno_rome\">4. Rom<\/a><\/li>\n  <li><a href=\"#bruno_calabre\">5. Kalabrien<\/a><\/li>\n  <li><a href=\"#bruno_mort\">6. Tod und Verherrlichung<\/a><\/li>\n<\/ul>\n<\/div>\n<\/div>\n\n\n\n<div class=\"wp-block-column is-layout-flow wp-block-column-is-layout-flow\">\n<div class=\"wp-block-image is-style-default\"><figure class=\"aligncenter size-large\"><img decoding=\"async\" width=\"603\" height=\"678\" src=\"https:\/\/chartreux.org\/moines\/wp-content\/uploads\/2021\/04\/Bruno_Pereira-MF.jpg\" alt=\"\" class=\"wp-image-2774\" srcset=\"https:\/\/chartreux.org\/moines\/wp-content\/uploads\/2021\/04\/Bruno_Pereira-MF.jpg 603w, https:\/\/chartreux.org\/moines\/wp-content\/uploads\/2021\/04\/Bruno_Pereira-MF-267x300.jpg 267w\" sizes=\"(max-width: 603px) 100vw, 603px\" \/><figcaption><em>Der heilige Bruno<\/em>, von M. Pereira (gegen 1650)<br>Kartause Miraflores, Spanien<\/figcaption><\/figure><\/div>\n<\/div>\n<\/div>\n\n\n\n<h2 class=\"wp-block-heading\" id=\"bruno_cologne\">K\u00f6ln und Reims<\/h2>\n\n\n\n<p id=\"_2\">Magister Bruno war deutscher Abstammung<span id='easy-footnote-1-2033' class='easy-footnote-margin-adjust'><\/span><span class='easy-footnote'><a href='https:\/\/chartreux.org\/moines\/de\/heiliger-bruno\/#easy-footnote-bottom-1-2033' title='Magister-Chronik.'><sup>1<\/sup><\/a><\/span>. Er wurde um 1030 in K\u00f6ln als Sohn weitl\u00e4ufig bekannter Eltern geboren<span id='easy-footnote-2-2033' class='easy-footnote-margin-adjust'><\/span><span class='easy-footnote'><a href='https:\/\/chartreux.org\/moines\/de\/heiliger-bruno\/#easy-footnote-bottom-2-2033' title='Idem.'><sup>2<\/sup><\/a><\/span>. Als junger Mann wurde er zum Kanoniker der Kirche von St. Kunibert ernannt. Schon sehr fr\u00fch kam er nach Reims, um an der ber\u00fchmten Kathedralschule zu studieren, an der einst der gro\u00dfe Gelehrte Gerbert d&rsquo;Aurillac (der sp\u00e4tere Papst Silvester II.) unterrichtete. Dort erhielt er eine solide Ausbildung sowohl in den <em>artes liberales<\/em> als auch in Theologie<span id='easy-footnote-3-2033' class='easy-footnote-margin-adjust'><\/span><span class='easy-footnote'><a href='https:\/\/chartreux.org\/moines\/de\/heiliger-bruno\/#easy-footnote-bottom-3-2033' title='Idem.'><sup>3<\/sup><\/a><\/span>.<\/p>\n\n\n\n<p>Bruno wurde Kanoniker der Kathedrale von Reims, die eine der wichtigsten Kirchen Galliens war<span id='easy-footnote-4-2033' class='easy-footnote-margin-adjust'><\/span><span class='easy-footnote'><a href='https:\/\/chartreux.org\/moines\/de\/heiliger-bruno\/#easy-footnote-bottom-4-2033' title='Idem.'><sup>4<\/sup><\/a><\/span>. Im Jahr 1056 wurde er zum Rektor der Studien seiner Schule ernannt, einer der angesehensten seiner Zeit. Er leitete dort mehr als zwanzig Jahre lang den Unterricht und zeichnete sich durch seine Bildung, seine p\u00e4dagogischen Qualit\u00e4ten und die Zuneigung zu seinen Sch\u00fclern aus.<\/p>\n\n\n\n<p> Im Jahr 1069 wurde ein unw\u00fcrdiger Erzbischof gew\u00e4hlt, der sein Amt erkauft hatte, Manass\u00e8s de Gournay. Dieser zeigte eine uners\u00e4ttliche Gier nach weltlichen G\u00fctern, besonders nach solchen, die ihm nicht zustanden. So begann ein langer Streit zwischen einigen integren Kanonikern \u2013 unter ihnen Bruno \u2013 und Manass\u00e8s. Papst Gregor VII. machte dieser Unordnung im Dezember 1080 ein Ende und setzte den Erzbischof ab, indem er den Befehl gab, ihn zu vertreiben und einen anderen an seiner Stelle zu w\u00e4hlen.<\/p>\n\n\n\n<p>Bruno war durch seine makellose Rechtschaffenheit in der Di\u00f6zese Reims, <span id='easy-footnote-5-2033' class='easy-footnote-margin-adjust'><\/span><span class='easy-footnote'><a href='https:\/\/chartreux.org\/moines\/de\/heiliger-bruno\/#easy-footnote-bottom-5-2033' title='Hugo von Die, Epistola Hugonis Diensis ad papam, PL 148, 745.'><sup>5<\/sup><\/a><\/span> ein vielversprechender Kandidat f\u00fcr seine Nachfolge, zumal er bereits f\u00fcr den Namen des Herrn verfolgt worden war<span id='easy-footnote-6-2033' class='easy-footnote-margin-adjust'><\/span><span class='easy-footnote'><a href='https:\/\/chartreux.org\/moines\/de\/heiliger-bruno\/#easy-footnote-bottom-6-2033' title='Idem.'><sup>6<\/sup><\/a><\/span>. Doch f\u00fcr ihn war die Zeit gekommen, einer h\u00f6heren Berufung zu folgen und die Welt zu verlassen.<\/p>\n\n\n\n<h2 class=\"wp-block-heading\" id=\"bruno_chartreuse\">La Chartreuse<\/h2>\n\n\n\n<p>Bruno gab nun all seinen Besitz, alle mit seinem Amt verbundenen Ehren, die falschen Lockungen und den verg\u00e4nglichen Reichtum dieser Welt auf. Von g\u00f6ttlicher Liebe brennend, verlie\u00df er die fl\u00fcchtigen Schatten seiner Zeit, um die ewigen G\u00fcter zu suchen und das M\u00f6nchsgewand zu empfangen<span id='easy-footnote-7-2033' class='easy-footnote-margin-adjust'><\/span><span class='easy-footnote'><a href='https:\/\/chartreux.org\/moines\/de\/heiliger-bruno\/#easy-footnote-bottom-7-2033' title='Heiliger Bruno, Brief an Raul den Gr\u00fcnen, \u00a7 13.'><sup>7<\/sup><\/a><\/span>.<\/p>\n\n\n\n<p>Im Juni 1084 stellte sich Magister Bruno dem jungen Bischof Hugo von Grenoble vor, der f\u00fcr seine Fr\u00f6mmigkeit und Kultur ber\u00fchmt war und sich durch seinen Seelenadel, seine Ernsthaftigkeit und gro\u00dfe Vollkommenheit auszeichnete.<\/p>\n\n\n\n<p>Seine Begleiter waren Magister Landuin (der nach ihm Prior der Chartreuse wurde), die beiden Stefan von Bourg und Stefan von Die (sie waren Kanoniker von Saint-Ruf gewesen, hatten sich aber mit Erlaubnis ihres Abtes aus Sehnsucht nach einem einsamen Leben Bruno angeschlossen); Hugo, den sie den Kaplan nannten, weil er als einziger von ihnen priesterliche Funktionen aus\u00fcbte; sowie zwei Laien, Andreas und Quirin (die wir Konversen nennen). Sie waren auf der Suche nach einem geeigneten Ort f\u00fcr ein eremitisches Leben, hatten aber noch keinen gefunden.<\/p>\n\n\n\n<p>Voll Hoffnung kamen sie nun zum Bischof, angezogen vom s\u00fc\u00dfen Duft seines heiligen Lebenswandels. Er empfing sie mit Freude und sogar mit Ehrfurcht, tauschte sich mit ihnen aus und erf\u00fcllte ihre W\u00fcnsche. Auf seinen Rat, mit seiner Hilfe und in seiner Begleitung gingen sie in die Ein\u00f6de der Chartreuse und bauten dort ein Kloster.<\/p>\n\n\n\n<p>Nicht lange zuvor hatte Hugo in einem Traum gesehen, wie Gott in der Ein\u00f6de eine Wohnst\u00e4tte f\u00fcr seine Herrlichkeit baute; er hatte auch sieben Sterne gesehen, die ihm den Weg zeigten. Nun kamen genau sieben M\u00e4nner zu ihm, weshalb er sich bereitwillig auf ihr Projekt einlie\u00df<span id='easy-footnote-8-2033' class='easy-footnote-margin-adjust'><\/span><span class='easy-footnote'><a href='https:\/\/chartreux.org\/moines\/de\/heiliger-bruno\/#easy-footnote-bottom-8-2033' title='Guigo I, Leben des Heiligen Hugo, \u00a7 16.'><sup>8<\/sup><\/a><\/span>.<\/p>\n\n\n\n<h2 class=\"wp-block-heading\" id=\"vie_en_chartreuse\">Leben in der Kartause<\/h2>\n\n\n\n<p>In seiner unendlichen G\u00fcte, die nie aufh\u00f6rt, f\u00fcr die Bed\u00fcrfnisse und Interessen seiner Kirche zu sorgen, hatte Gott daher Bruno, einen Mann von herausragender Heiligkeit, auserw\u00e4hlt, um dem kontemplativen Leben den Glanz seiner urspr\u00fcnglichen Reinheit zur\u00fcckzugeben<span id='easy-footnote-9-2033' class='easy-footnote-margin-adjust'><\/span><span class='easy-footnote'><a href='https:\/\/chartreux.org\/moines\/de\/heiliger-bruno\/#easy-footnote-bottom-9-2033' title='S.H. Pius XI., Apostolische Konstitution Umbratilem.'><sup>9<\/sup><\/a><\/span>. In dieser Absicht gr\u00fcndete und leitete dieser sechs Jahre lang die Einsiedelei der Chartreuse<span id='easy-footnote-10-2033' class='easy-footnote-margin-adjust'><\/span><span class='easy-footnote'><a href='https:\/\/chartreux.org\/moines\/de\/heiliger-bruno\/#easy-footnote-bottom-10-2033' title='Magister-Chronik.'><sup>10<\/sup><\/a><\/span>, durchdrang sie tief mit seinem Geist<span id='easy-footnote-11-2033' class='easy-footnote-margin-adjust'><\/span><span class='easy-footnote'><a href='https:\/\/chartreux.org\/moines\/de\/heiliger-bruno\/#easy-footnote-bottom-11-2033' title='S.H. Pius XI., Apostolische Konstitution Umbratilem.'><sup>11<\/sup><\/a><\/span>und gab seinen geistlichen S\u00f6hnen in seiner eigenen Person eine lebendige Regel.<\/p>\n\n\n\n<p>Der heilige Petrus der Ehrw\u00fcrdige, der ber\u00fchmte Abt von Cluny, war ein gro\u00dfer Freund der Kart\u00e4userm\u00f6nche. Er beschreibt diese Lebensweise, die man mit jener der W\u00fcstenv\u00e4ter vergleichen kann, folgenderma\u00dfen: \u201eDort h\u00f6ren sie nie auf, sich der Stille, der Lekt\u00fcre, dem Gebet und auch der Handarbeit zu widmen, vor allem dem Abschreiben von B\u00fcchern. In ihren Zellen verrichten sie auf das Zeichen der Kirchenglocke hin einen Teil des kanonischen Offiziums. Zur Vesper und Matutin versammeln sich alle in der Kirche. Von diesem Lebensrhythmus weichen sie an bestimmten Festtagen ab &#8230; Sie nehmen dann zwei Mahlzeiten ein, singen alle Horen des kanonischen Offiziums in der Kirche und alle ohne Ausnahme nehmen ihre Mahlzeit im Refektorium ein.\u201c<span id='easy-footnote-12-2033' class='easy-footnote-margin-adjust'><\/span><span class='easy-footnote'><a href='https:\/\/chartreux.org\/moines\/de\/heiliger-bruno\/#easy-footnote-bottom-12-2033' title='Petrus der Ehrw\u00fcrdige, Liber de Miraculis, Lib. II, ch. 27, PL 189, 943.'><sup>12<\/sup><\/a><\/span>.<\/p>\n\n\n\n<p>Von diesem ganz Gott geweihten Leben, in seinem R\u00fcckzug aus der Welt, hat der heilige Bruno einige feurige Eindr\u00fccke hinterlassen:<\/p>\n\n\n\n<p>\u201eWelchen Nutzen und welch g\u00f6ttlichen Genuss die Einsamkeit und stille Abgeschiedenheit denen schenkt, die sie lieben, wissen nur diejenigen, welche sie erfahren haben. [&#8230;] Hier l\u00e4sst sich jener klare Blick finden, der den g\u00f6ttlichen Br\u00e4utigam aus Liebe verwundet und dessen Reinheit Gott schauen l\u00e4sst.\u201c <span id='easy-footnote-13-2033' class='easy-footnote-margin-adjust'><\/span><span class='easy-footnote'><a href='https:\/\/chartreux.org\/moines\/de\/heiliger-bruno\/#easy-footnote-bottom-13-2033' title='Heiliger Bruno, Brief an Raul den Gr\u00fcnen , \u00a7 6.'><sup>13<\/sup><\/a><\/span>.<\/p>\n\n\n\n<p><a href=\"#toc_container\" class=\"returnToTop\"> zur\u00fcck nach oben \u2191 <\/a><\/p>\n\n\n\n<h2 class=\"wp-block-heading\" id=\"bruno_rome\">Rom<\/h2>\n\n\n\n<p>Sechs Jahre nach Brunos Ankunft in der Chartreuse, im Jahr 1090, rief ihn Papst Urban II., sein ehemaliger Sch\u00fcler, ganz unerwartet zu sich. Der Papst ben\u00f6tigte seine Hilfe und seinen Rat bei der Verwaltung der kirchlichen Angelegenheiten <span id='easy-footnote-14-2033' class='easy-footnote-margin-adjust'><\/span><span class='easy-footnote'><a href='https:\/\/chartreux.org\/moines\/de\/heiliger-bruno\/#easy-footnote-bottom-14-2033' title='Magister-Chronik.'><sup>14<\/sup><\/a><\/span>. Bruno gehorchte schmerzhaften Herzens, verlie\u00df seine Mitbr\u00fcder und begab sich zur r\u00f6mischen Kurie<span id='easy-footnote-15-2033' class='easy-footnote-margin-adjust'><\/span><span class='easy-footnote'><a href='https:\/\/chartreux.org\/moines\/de\/heiliger-bruno\/#easy-footnote-bottom-15-2033' title='Idem.'><sup>15<\/sup><\/a><\/span>.<\/p>\n\n\n\n<p>Seine Mitbr\u00fcder, die nicht glaubten, dass sie ohne ihn weitermachen k\u00f6nnten, verlie\u00dfen die Einsiedelei, aber Bruno ermutigte sie und konnte sie schlie\u00dflich dazu bewegen, zur\u00fcckzukehren. Die Aufregungen und die Sitten an der Kurie waren f\u00fcr Bruno jedoch unertr\u00e4glich<span id='easy-footnote-16-2033' class='easy-footnote-margin-adjust'><\/span><span class='easy-footnote'><a href='https:\/\/chartreux.org\/moines\/de\/heiliger-bruno\/#easy-footnote-bottom-16-2033' title='Idem.'><sup>16<\/sup><\/a><\/span>.<\/p>\n\n\n\n<p>Sehnlich danach verlangend, die verlorene Einsamkeit und Ruhe zur\u00fcckzugewinnen, verlie\u00df er den p\u00e4pstlichen Hof. Nachdem er es abgelehnt hatte, Erzbischof von Reggio zu werden, wie es der Papst gew\u00fcnscht h\u00e4tte, zog er sich in eine Ein\u00f6de in Kalabrien namens La Torre zur\u00fcck<span id='easy-footnote-17-2033' class='easy-footnote-margin-adjust'><\/span><span class='easy-footnote'><a href='https:\/\/chartreux.org\/moines\/de\/heiliger-bruno\/#easy-footnote-bottom-17-2033' title='Idem.'><sup>17<\/sup><\/a><\/span>.<\/p>\n\n\n\n<h2 class=\"wp-block-heading\" id=\"bruno_calabre\">Kalabrien<\/h2>\n\n\n\n<p>Dank der gro\u00dfz\u00fcgigen Unterst\u00fctzung des Grafen Roger, des Normannenf\u00fcrsten von Kalabrien und Sizilien, konnte Bruno seinen Plan eines Lebens in der Einsamkeit verwirklichen und verbrachte den Rest seines Lebens umgeben von einer gro\u00dfen Anzahl von Laien und Klerikern<span id='easy-footnote-18-2033' class='easy-footnote-margin-adjust'><\/span><span class='easy-footnote'><a href='https:\/\/chartreux.org\/moines\/de\/heiliger-bruno\/#easy-footnote-bottom-18-2033' title='Magister-Chronik.'><sup>18<\/sup><\/a><\/span>.<\/p>\n\n\n\n<p>Bruno schrieb einen bemerkenswerten Brief an seinen Freund Radolf, Propst des Kapitels von Reims, in dem er die neue Einsiedelei, genannt Santa Maria de la Torre, erw\u00e4hnte:<\/p>\n\n\n\n<p>\u201eIch halte mich in einer Einsiedelei in Kalabrien auf. Sie liegt in hinreichender Entfernung abseits von sonstigen menschlichen Ansiedelungen; dort lebe ich mit meinen Ordensbr\u00fcdern, von denen einige sehr gebildet sind, zusammen; sie halten eine heilige und ausdauernde Wache und warten auf die R\u00fcckkehr ihres Meisters, um ihm zu \u00f6ffnen, sobald er anklopft.\u201c <span id='easy-footnote-19-2033' class='easy-footnote-margin-adjust'><\/span><span class='easy-footnote'><a href='https:\/\/chartreux.org\/moines\/de\/heiliger-bruno\/#easy-footnote-bottom-19-2033' title='Heiliger Bruno, Brief an Raul den Gr\u00fcnen, \u00a7 4.'><sup>19<\/sup><\/a><\/span>.<\/p>\n\n\n\n<p>Landuin, Prior der Chartreuse, besuchte ihn, um mit ihm Fragen bez\u00fcglich der Anf\u00e4nge der kartusianischen Berufung zu besprechen. Bei dieser Gelegenheit richtete Bruno mit v\u00e4terlichem Wohlwollen einen Brief an seine geliebten S\u00f6hne in der Chartreuse:<\/p>\n\n\n\n<p>\u201eSeinen in Christus \u00fcber alles geliebten Br\u00fcdern w\u00fcnscht Bruder Bruno das Heil im Herrn. Aus den ausf\u00fchrlichen und so tr\u00f6stlichen Berichten unseres lieben Bruders Landuin habe ich von der unbeugsamen Strenge Eurer klugen und wahrhaft lobenswerten Observanz erfahren und von Eurer heiligen Liebe und Eurem unerm\u00fcdlichen Eifer f\u00fcr alles, was die Reinheit des Herzens und die Tugend betrifft: mein Geist frohlockt im Herrn. Freut euch also, meine viel geliebten Br\u00fcder, \u00fcber euer gesegnetes Los und \u00fcber die Gro\u00dfz\u00fcgigkeit der g\u00f6ttlichen Gnade, die \u00fcber euch ausgegossen wurde. Freut Euch, dass Ihr dem aufw\u00fchlenden Treiben dieser Welt entkommen seid, in der sich die Gefahren und Schiffsbr\u00fcche h\u00e4ufen. Freut Euch, dass Ihr die Ruhe und Sicherheit eines verborgenen Hafens erreicht habt.\u201c <span id='easy-footnote-20-2033' class='easy-footnote-margin-adjust'><\/span><span class='easy-footnote'><a href='https:\/\/chartreux.org\/moines\/de\/heiliger-bruno\/#easy-footnote-bottom-20-2033' title='Heiliger Bruno, Brief an seine Kart\u00e4users\u00f6hne, \u00a7 1-2.'><sup>20<\/sup><\/a><\/span>.<\/p>\n\n\n\n<p>Der treue Landuin starb auf dem R\u00fcckweg in die Chartreuse, aber der Brief kam dennoch bei seinen Empf\u00e4ngern an.<\/p>\n\n\n\n<h2 class=\"wp-block-heading\" id=\"bruno_mort\">Tod und Verherrlichung<\/h2>\n\n\n\n<p>In Kalabrien widmete sich Bruno, so lange er lebte, seiner Berufung zu einem einsamen Leben. Dort starb er, etwa elf Jahre nachdem er die Chartreuse verlassen hatte<sup>21<\/sup>, umgeben von der Liebe und Verehrung seiner Mitbr\u00fcder. Sie schickten ein Rundschreiben (Totenrotel) durch ganz Europa, in dem sie den Kirchen und Kl\u00f6stern den Tod Brunos mitteilten und um F\u00fcrbittgebete f\u00fcr ihn baten.<\/p>\n\n\n\n<p>\u201eDa er wusste, dass seine Stunde gekommen war, um aus dieser Welt zum Vater hin\u00fcberzugehen, rief er seine Mitbr\u00fcder zusammen, erz\u00e4hlte ihnen von allen Stationen seines Lebens von Kindheit an und erinnerte sich geistreich an die bemerkenswerten Ereignisse seiner Zeit. Dann legte er seinen Glauben an die Dreifaltigkeit in einer langen und tiefgr\u00fcndigen Rede dar. Und so verlie\u00df am folgenden Sonntag, dem 6. Oktober des Jahres 1101 unseres Herrn, seine heilige Seele sein sterbliches Fleisch.\u201c<span id='easy-footnote-21-2033' class='easy-footnote-margin-adjust'><\/span><span class='easy-footnote'><a href='https:\/\/chartreux.org\/moines\/de\/heiliger-bruno\/#easy-footnote-bottom-21-2033' title='Enzyklika der Eremiten von Kalabrien.'><sup>21<\/sup><\/a><\/span>.<\/p>\n\n\n\n<p>F\u00fcr ihn, den nach Gott D\u00fcrstenden, vom Absoluten Verf\u00fchrten, doch immer Ma\u00dfvollen, zeichnet sein Epitaph ein sch\u00f6nes Portr\u00e4t seiner Ausgeglichenheit und seiner strahlenden Pers\u00f6nlichkeit:<\/p>\n\n\n\n<p>\u201e<em>In vielen Dingen war Bruno des Lobes w\u00fcrdig, aber besonders in diesem:<\/em><br><em>Die ungemeine Ausgeglichenheit seines Lebens war einzigartig.<\/em><br><em>Sein Gesicht war stets fr\u00f6hlich, seine Rede bedacht.<\/em><br><em>Hinter der Strenge eines Vaters offenbarte er das Herz einer Mutter.<\/em><br><em>Niemand fand ihn hochm\u00fctig, sondern stets sanft wie ein Lamm.<\/em><br><em>Mit einem Wort, er war in diesem Leben ein wahrer Israelit [ein Mann ohne Falschheit].\u201c<\/em> <span id='easy-footnote-22-2033' class='easy-footnote-margin-adjust'><\/span><span class='easy-footnote'><a href='https:\/\/chartreux.org\/moines\/de\/heiliger-bruno\/#easy-footnote-bottom-22-2033' title='Tituli funebres, \u00a7 1.'><sup>22<\/sup><\/a><\/span>.<\/p>\n\n\n\n<div class=\"wp-block-image is-style-default\"><figure class=\"aligncenter size-large\"><img decoding=\"async\" width=\"586\" height=\"666\" src=\"https:\/\/chartreux.org\/moines\/wp-content\/uploads\/2021\/04\/Carducho_cor_ret.jpg\" alt=\"\" class=\"wp-image-2775\" srcset=\"https:\/\/chartreux.org\/moines\/wp-content\/uploads\/2021\/04\/Carducho_cor_ret.jpg 586w, https:\/\/chartreux.org\/moines\/wp-content\/uploads\/2021\/04\/Carducho_cor_ret-264x300.jpg 264w\" sizes=\"(max-width: 586px) 100vw, 586px\" \/><figcaption><em>Der Heilige Bruno betet in der Ein\u00f6de von Kalabrien<\/em>, von V. Carducho (gegen 1630)<br>Kartause Paular, Spanien<\/figcaption><\/figure><\/div>\n\n\n\n<p class=\"has-text-align-center\">*<\/p>\n\n\n\n<p>Der Ruf der Heiligkeit von Magister Bruno war weithin verbreitet. Der Laienbruder, der das Rundschreiben zu den Kirchen und Kl\u00f6stern brachte, konnte feststellen, dass \u00fcberall in Frankreich, Italien und England der ehemalige Magister und Gr\u00fcnder der Kart\u00e4user bekannt war und verehrt wurde. Er sammelte 178 Lobreden oder Trauerworte, die meisten davon in Versen, die eine bemerkenswerte W\u00fcrdigung darstellen und zeigen, welchen Platz er unter seinen Zeitgenossen eingenommen hatte.<\/p>\n\n\n\n<p>Mehrere Jahrhunderte vergingen, der Orden breitete sich aus und die christliche Welt war zu Recht erstaunt, dass die Kart\u00e4userm\u00f6nche den Heiligen Stuhl nicht um die Heiligsprechung ihres Gr\u00fcnders baten. In der Tat hatten sich die Kart\u00e4userm\u00f6nche damit begn\u00fcgt, in seine Fu\u00dfstapfen zu treten, und entsprechend ihrer Berufung zu einem verborgenen Leben den Heiligen Stuhl nie um die Heiligsprechung eines der ihren gebeten &#8230; Doch eine Ausnahme war nun angebracht.<\/p>\n\n\n\n<p>Das Generalkapitel des Ordens von 1514 beschloss unter der Leitung des hochw\u00fcrdigen Pater Generals Dom Fran\u00e7ois du Puy, eines brillanten und kultivierten Mannes, die notwendigen Schritte zu unternehmen. Der Orden der Kart\u00e4user war damals zahlenm\u00e4\u00dfig auf seinem H\u00f6hepunkt; er z\u00e4hlte etwa 5600 Ordensleute, M\u00f6nche und Nonnen, verteilt auf 198 Kl\u00f6ster in ganz Europa. Leo X. nahm die Bitte der Kart\u00e4userm\u00f6nche wohlwollend auf, best\u00e4tigte ihre Rechtm\u00e4\u00dfigkeit und genehmigte am 19. Juli 1514 das liturgische Fest des Bruno von K\u00f6ln durch eine sogenannte \u201e\u00e4quipollente Heiligsprechung\u201c, d.h. durch ein von ihm selbst erlassenes Dekret, ohne den \u00fcblichen Heiligsprechungsprozess zu durchlaufen. Diese Aufnahme Brunos in das Martyrologium und sp\u00e4ter, 1623, die Ausdehnung seines Festtages auf die Weltkirche, weckten ein neues Interesse an seiner geistlichen Gestalt.<\/p>\n\n\n\n<p>Seine Vaterschaft bleibt lebendig.<\/p>\n\n\n\n<iframe src=\"https:\/\/player.vimeo.com\/video\/660673696?h=7abffed6bb\" width=\"640\" height=\"360\" frameborder=\"0\" allow=\"autoplay; fullscreen; picture-in-picture\" allowfullscreen><\/iframe>\n\n\n\n<p>DVD <strong>Saint Bruno, P\u00e8re des Chartreux<\/strong> (Ausz\u00fcge)<\/p>\n\n\n\n<p><a href=\"#toc_container\" class=\"returnToTop\"> zur\u00fcck nach oben \u2191 <\/a><\/p>\n","protected":false},"excerpt":{"rendered":"<p>1. K\u00f6ln und Reims 2. La Chartreuse 3. Leben in der Kartause 4. Rom 5. Kalabrien [&hellip;]<\/p>\n","protected":false},"author":1,"featured_media":0,"parent":0,"menu_order":0,"comment_status":"closed","ping_status":"closed","template":"template-full-width.php","meta":{"footnotes":""},"class_list":["post-2033","page","type-page","status-publish","hentry"],"_links":{"self":[{"href":"https:\/\/chartreux.org\/moines\/wp-json\/wp\/v2\/pages\/2033","targetHints":{"allow":["GET"]}}],"collection":[{"href":"https:\/\/chartreux.org\/moines\/wp-json\/wp\/v2\/pages"}],"about":[{"href":"https:\/\/chartreux.org\/moines\/wp-json\/wp\/v2\/types\/page"}],"author":[{"embeddable":true,"href":"https:\/\/chartreux.org\/moines\/wp-json\/wp\/v2\/users\/1"}],"replies":[{"embeddable":true,"href":"https:\/\/chartreux.org\/moines\/wp-json\/wp\/v2\/comments?post=2033"}],"version-history":[{"count":0,"href":"https:\/\/chartreux.org\/moines\/wp-json\/wp\/v2\/pages\/2033\/revisions"}],"wp:attachment":[{"href":"https:\/\/chartreux.org\/moines\/wp-json\/wp\/v2\/media?parent=2033"}],"curies":[{"name":"wp","href":"https:\/\/api.w.org\/{rel}","templated":true}]}}