{"id":2029,"date":"2021-03-09T14:02:47","date_gmt":"2021-03-09T13:02:47","guid":{"rendered":"https:\/\/chartreux.org\/moines\/?page_id=2029"},"modified":"2026-01-20T22:41:57","modified_gmt":"2026-01-20T21:41:57","slug":"die-bestellung-von-chartreux","status":"publish","type":"page","link":"https:\/\/chartreux.org\/moines\/de\/","title":{"rendered":"DER  KART\u00c4USERORDEN"},"content":{"rendered":"\n<p>Zum Lob der Herrlichkeit Gottes hat Christus, das Wort des Vaters, durch den Heiligen Geist von Anfang an Menschen auserw\u00e4hlt, um sie in die Einsamkeit zu f\u00fchren und in inniger Liebe mit sich zu vereinigen. Diesem Ruf folgte der Magister Bruno, als er im Jahre des Herrn 1084 mit sechs Gef\u00e4hrten die Ein\u00f6de von La Chartreuse betrat und sich dort ansiedelte. An diesem Platz verharrten sie und ihre Nachfolger unter der Leitung des Heiligen Geistes und bildeten, durch die Erfahrung belehrt, nach und nach eine besondere Form des Einsiedlerlebens heraus, die ungeschrieben, nur durch das Beispiel, den kommenden Geschlechtern \u00fcberliefert wurde.<\/p>\n\n\n\n<p>Erst auf wiederholtes Dr\u00e4ngen anderer zur Nachahmung der Kartause gegr\u00fcndeter Einsiedeleien schrieb Guigo, f\u00fcnfter Prior der Kartause, einen Bericht \u00fcber unsere Lebensordnung. Diese Lebensweise wurde von allen zur Befolgung und Nachahmung als Regel ihres kl\u00f6sterlichen Wandels und Liebesband der entstehenden Familie \u00fcbernommen.<\/p>\n\n\n\n<p>Um 1145 beschlossen die Nonnen von Pr\u00e9bayon in der Provence, die Lebensregel der Kart\u00e4userm\u00f6nche zu \u00fcbernehmen. Dies war der Ursprung unseres Ordens.<\/p>\n\n\n\n<figure class=\"wp-block-image size-large\"><img decoding=\"async\" width=\"1024\" height=\"697\" src=\"https:\/\/chartreux.org\/moines\/wp-content\/uploads\/2020\/10\/17-Lordre-autour-de-St-Bruno_80-1024x697.jpg\" alt=\"\" class=\"wp-image-853\" srcset=\"https:\/\/chartreux.org\/moines\/wp-content\/uploads\/2020\/10\/17-Lordre-autour-de-St-Bruno_80-1024x697.jpg 1024w, https:\/\/chartreux.org\/moines\/wp-content\/uploads\/2020\/10\/17-Lordre-autour-de-St-Bruno_80-300x204.jpg 300w, https:\/\/chartreux.org\/moines\/wp-content\/uploads\/2020\/10\/17-Lordre-autour-de-St-Bruno_80-768x523.jpg 768w, https:\/\/chartreux.org\/moines\/wp-content\/uploads\/2020\/10\/17-Lordre-autour-de-St-Bruno_80-1536x1045.jpg 1536w, https:\/\/chartreux.org\/moines\/wp-content\/uploads\/2020\/10\/17-Lordre-autour-de-St-Bruno_80-2048x1394.jpg 2048w\" sizes=\"(max-width: 1024px) 100vw, 1024px\" \/><\/figure>\n\n\n\n<p>Gegenw\u00e4rtig hat der Kart\u00e4userorden einundzwanzig H\u00e4user, von denen sechzehn von M\u00f6nchen und f\u00fcnf von Nonnen bewohnt werden. Die M\u00e4nnerkl\u00f6ster befinden sich in Frankreich, Italien, Spanien, der Schweiz, Slowenien, Deutschland, England, den Vereinigten Staaten von Amerika, Brasilien, Argentinien und S\u00fcdkorea.<\/p>\n\n\n\n<p>Das ununterbrochene Bestehen unseres Ordens seit mehr als neun Jahrhunderten durch alle Wechself\u00e4lle der Geschichte hindurch, ist ein Zeichen der F\u00fcrsorge Gottes f\u00fcr ihn, seiner ausgeglichenen Lebensweise und seiner besonderen Stellung und Sendung in der Kirche.<\/p>\n\n\n\n<p>Wir versuchen hier einfach zu sagen, wer wir sind, f\u00fcr all jene, die sich f\u00fcr dieses von der Welt getrennte Leben interessieren. Aber das Geheimnis der kartusianischen Berufung l\u00e4sst sich nicht in wenigen Worten erfassen. Als kontemplative katholische M\u00f6nche, S\u00f6hne und T\u00f6chter des heiligen Bruno und wie er selbst Einsiedler, versuchen wir, dem Ruf Gottes treu zu sein, indem wir auf seinen Spuren wandeln.<\/p>\n\n\n\n<div class=\"wp-block-columns is-layout-flex wp-container-core-columns-is-layout-9d6595d7 wp-block-columns-is-layout-flex\">\n<div class=\"wp-block-column is-layout-flow wp-block-column-is-layout-flow\" style=\"flex-basis:45%\">\n<iframe src=\"https:\/\/player.vimeo.com\/video\/508417082\" allowfullscreen=\"allowfullscreen\" name=\"pFR\" width=\"640\" height=\"360\" frameborder=\"0\"><\/iframe>\n\n\n\n<a href=\"https:\/\/player.vimeo.com\/video\/442773955\" width=\"640\" height=\"360\" frameborder=\"0\" allowfullscreen=\"allowfullscreen\" \"=\"\" target=\"pFR\"><img decoding=\"async\" src=\"https:\/\/chartreux.org\/moines\/wp-content\/uploads\/2021\/05\/france-32x32-32967.png\" alt=\"Francais\"><\/a>\n<a href=\"https:\/\/player.vimeo.com\/video\/508369965\" width=\"640\" height=\"360\" frameborder=\"0\" allowfullscreen=\"allowfullscreen\" \"=\"\" target=\"pFR\"><img decoding=\"async\" src=\"https:\/\/chartreux.org\/moines\/wp-content\/uploads\/2021\/05\/united-32x32-33115.png\" alt=\"Anglais\"><\/a>\n<a href=\"https:\/\/player.vimeo.com\/video\/508324590\" width=\"640\" height=\"360\" frameborder=\"0\" allowfullscreen=\"allowfullscreen\" \"=\"\" target=\"pFR\"><img decoding=\"async\" src=\"https:\/\/chartreux.org\/moines\/wp-content\/uploads\/2021\/05\/italy-32x32-32999.png\" alt=\"Italien\"><\/a>\n<a href=\"https:\/\/player.vimeo.com\/video\/508153497\" width=\"640\" height=\"360\" frameborder=\"0\" allowfullscreen=\"allowfullscreen\" \"=\"\" target=\"pFR\"><img decoding=\"async\" src=\"https:\/\/chartreux.org\/moines\/wp-content\/uploads\/2021\/05\/spain-32x32-33105.png\" alt=\"Espagnol\"><\/a>\n<a href=\"https:\/\/player.vimeo.com\/video\/646114751\" width=\"640\" height=\"360\" frameborder=\"0\" allowfullscreen=\"allowfullscreen\" \"=\"\" target=\"pFR\"><img decoding=\"async\" src=\"https:\/\/chartreux.org\/moines\/wp-content\/uploads\/2021\/05\/russia-32x32-33064.png\" alt=\"Russian\"><a href=\"https:\/\/player.vimeo.com\/video\/581471087\" width=\"640\" height=\"360\" frameborder=\"0\" allowfullscreen=\"allowfullscreen\" \"=\"\" target=\"pFR\"><img decoding=\"async\" src=\"https:\/\/chartreux.org\/moines\/wp-content\/uploads\/2021\/05\/greece-32x32-32991.png\" alt=\"Greek\"><\/a>\n<a href=\"https:\/\/player.vimeo.com\/video\/1075793211\" width=\"640\" height=\"360\" frameborder=\"0\" allowfullscreen=\"allowfullscreen\" \"=\"\" target=\"pFR\"><img decoding=\"async\" src=\"https:\/\/chartreux.org\/moines\/wp-content\/uploads\/2025\/04\/brazil-32x32-32937.png\" alt=\"Brazil\"><\/a>\n<a href=\"https:\/\/player.vimeo.com\/video\/1156626790\" width=\"640\" height=\"360\" frameborder=\"0\" allowfullscreen=\"allowfullscreen\" \"=\"\" target=\"pFR\"><img decoding=\"async\" src=\"https:\/\/chartreux.org\/moines\/wp-content\/uploads\/2026\/01\/croatia-32x32-32995.png\" alt=\"Croate\"><\/a>\n<\/div>\n\n\n\n<div class=\"wp-block-column is-layout-flow wp-block-column-is-layout-flow\" style=\"flex-basis:5%\"><\/div>\n\n\n\n<div class=\"wp-block-column is-layout-flow wp-block-column-is-layout-flow\" style=\"flex-basis:45%\">\n<iframe src=\"https:\/\/player.vimeo.com\/video\/443198436\" allowfullscreen=\"allowfullscreen\" name=\"fFR\" width=\"640\" height=\"360\" frameborder=\"0\"><\/iframe>\n\n\n\n<a href=\"https:\/\/player.vimeo.com\/video\/442773847\" width=\"640\" height=\"360\" frameborder=\"0\" allowfullscreen=\"allowfullscreen\" \"=\"\" target=\"fFR\"><img decoding=\"async\" src=\"https:\/\/chartreux.org\/moines\/wp-content\/uploads\/2021\/05\/france-32x32-32967.png\" alt=\"Francais\"><\/a>\n<a href=\"https:\/\/player.vimeo.com\/video\/443163107\" width=\"640\" height=\"360\" frameborder=\"0\" allowfullscreen=\"allowfullscreen\" \"=\"\" target=\"fFR\"><img decoding=\"async\" src=\"https:\/\/chartreux.org\/moines\/wp-content\/uploads\/2021\/05\/united-32x32-33115.png\" alt=\"Anglais\"><\/a>\n<a href=\"https:\/\/player.vimeo.com\/video\/508068171\" width=\"640\" height=\"360\" frameborder=\"0\" allowfullscreen=\"allowfullscreen\" \"=\"\" target=\"fFR\"><img decoding=\"async\" src=\"https:\/\/chartreux.org\/moines\/wp-content\/uploads\/2021\/05\/italy-32x32-32999.png\" alt=\"Italien\"><\/a>\n<a href=\"https:\/\/player.vimeo.com\/video\/507965535\" width=\"640\" height=\"360\" frameborder=\"0\" allowfullscreen=\"allowfullscreen\" \"=\"\" target=\"fFR\"><img decoding=\"async\" src=\"https:\/\/chartreux.org\/moines\/wp-content\/uploads\/2021\/05\/spain-32x32-33105.png\" alt=\"Espagnol\"><\/a>\n<a href=\"https:\/\/player.vimeo.com\/video\/646049209\" width=\"640\" height=\"360\" frameborder=\"0\" allowfullscreen=\"allowfullscreen\" \"=\"\" target=\"fFR\"><img decoding=\"async\" src=\"https:\/\/chartreux.org\/moines\/wp-content\/uploads\/2021\/05\/russia-32x32-33064.png\" alt=\"Russian\"><a href=\"https:\/\/player.vimeo.com\/video\/581296317\" width=\"640\" height=\"360\" frameborder=\"0\" allowfullscreen=\"allowfullscreen\" \"=\"\" target=\"fFR\"><img decoding=\"async\" src=\"https:\/\/chartreux.org\/moines\/wp-content\/uploads\/2021\/05\/greece-32x32-32991.png\" alt=\"Greek\"><\/a>\n<a href=\"https:\/\/player.vimeo.com\/video\/1075791845\" width=\"640\" height=\"360\" frameborder=\"0\" allowfullscreen=\"allowfullscreen\" \"=\"\" target=\"fFR\"><img decoding=\"async\" src=\"https:\/\/chartreux.org\/moines\/wp-content\/uploads\/2025\/04\/brazil-32x32-32937.png\" alt=\"Brazil\"><\/a>\n<a href=\"https:\/\/player.vimeo.com\/video\/1156626536\" width=\"640\" height=\"360\" frameborder=\"0\" allowfullscreen=\"allowfullscreen\" \"=\"\" target=\"fFR\"><img decoding=\"async\" src=\"https:\/\/chartreux.org\/moines\/wp-content\/uploads\/2026\/01\/croatia-32x32-32995.png\" alt=\"Croate\"><\/a>\n<\/div>\n<\/div>\n\n\n\n<p><\/p>\n","protected":false},"excerpt":{"rendered":"<p>Zum Lob der Herrlichkeit Gottes hat Christus, das Wort des Vaters, durch den Heiligen Geist von [&hellip;]<\/p>\n","protected":false},"author":1,"featured_media":0,"parent":0,"menu_order":0,"comment_status":"closed","ping_status":"closed","template":"template-full-width.php","meta":{"footnotes":""},"class_list":["post-2029","page","type-page","status-publish","hentry"],"_links":{"self":[{"href":"https:\/\/chartreux.org\/moines\/wp-json\/wp\/v2\/pages\/2029","targetHints":{"allow":["GET"]}}],"collection":[{"href":"https:\/\/chartreux.org\/moines\/wp-json\/wp\/v2\/pages"}],"about":[{"href":"https:\/\/chartreux.org\/moines\/wp-json\/wp\/v2\/types\/page"}],"author":[{"embeddable":true,"href":"https:\/\/chartreux.org\/moines\/wp-json\/wp\/v2\/users\/1"}],"replies":[{"embeddable":true,"href":"https:\/\/chartreux.org\/moines\/wp-json\/wp\/v2\/comments?post=2029"}],"version-history":[{"count":3,"href":"https:\/\/chartreux.org\/moines\/wp-json\/wp\/v2\/pages\/2029\/revisions"}],"predecessor-version":[{"id":7282,"href":"https:\/\/chartreux.org\/moines\/wp-json\/wp\/v2\/pages\/2029\/revisions\/7282"}],"wp:attachment":[{"href":"https:\/\/chartreux.org\/moines\/wp-json\/wp\/v2\/media?parent=2029"}],"curies":[{"name":"wp","href":"https:\/\/api.w.org\/{rel}","templated":true}]}}