{"id":2025,"date":"2021-03-09T14:00:26","date_gmt":"2021-03-09T13:00:26","guid":{"rendered":"https:\/\/chartreux.org\/moines\/?page_id=2025"},"modified":"2026-01-20T22:41:36","modified_gmt":"2026-01-20T21:41:36","slug":"lordine-di-chartreux","status":"publish","type":"page","link":"https:\/\/chartreux.org\/moines\/it\/","title":{"rendered":"L&rsquo;ORDINE CERTOSINO"},"content":{"rendered":"\n<p>A lode della gloria di Dio, Cristo, Verbo del Padre, per mezzo dello Spirito Santo, si scelse fin dal principio degli uomini per condurli nella solitudine e per unirli a s\u00e9 in intimo amore. Seguendo tale chiamata, nell&rsquo;anno 1084, Maestro Bruno entr\u00f2 con sei compagni nel deserto di Certosa e vi si stabil\u00ec. Qui essi ed i loro successori, rimanendo sotto la guida dello Spirito Santo, formarono gradatamente, con l&rsquo;aiuto dell&rsquo;esperienza, una propria consuetudine di vita eremitica, che veniva tramandata ai posteri, non per mezzo di scritti, ma con l&rsquo;esempio.<\/p>\n\n\n\n<p>Per ripetuta richiesta di altri eremi, fondati ad imitazione della Certosa, Guigo, quinto priore di Certosa, mise per iscritto le consuetudini di quella vocazione, che tutti accettarono come regola delle loro osservanze e vincolo di carit\u00e0 della nascente famiglia.&nbsp;<\/p>\n\n\n\n<p>&nbsp;Verso il 1145 anche le monache di Pr\u00e9bayon abbracciarono di spontanea volont\u00e0 la vocazione certosina. Questa fu l&rsquo;origine del nostro Ordine.<\/p>\n\n\n\n<figure class=\"wp-block-image size-large\"><img decoding=\"async\" width=\"1024\" height=\"697\" src=\"https:\/\/chartreux.org\/moines\/wp-content\/uploads\/2020\/10\/17-Lordre-autour-de-St-Bruno_80-1024x697.jpg\" alt=\"\" class=\"wp-image-853\" srcset=\"https:\/\/chartreux.org\/moines\/wp-content\/uploads\/2020\/10\/17-Lordre-autour-de-St-Bruno_80-1024x697.jpg 1024w, https:\/\/chartreux.org\/moines\/wp-content\/uploads\/2020\/10\/17-Lordre-autour-de-St-Bruno_80-300x204.jpg 300w, https:\/\/chartreux.org\/moines\/wp-content\/uploads\/2020\/10\/17-Lordre-autour-de-St-Bruno_80-768x523.jpg 768w, https:\/\/chartreux.org\/moines\/wp-content\/uploads\/2020\/10\/17-Lordre-autour-de-St-Bruno_80-1536x1045.jpg 1536w, https:\/\/chartreux.org\/moines\/wp-content\/uploads\/2020\/10\/17-Lordre-autour-de-St-Bruno_80-2048x1394.jpg 2048w\" sizes=\"(max-width: 1024px) 100vw, 1024px\" \/><\/figure>\n\n\n\n<p>Attualmente l&rsquo;Ordine dei Certosini conta ventuno case, sedici di monaci e cinque di monache. I monasteri maschili si trovano in Francia, Italia, Spagna, Svizzera, Slovenia, Germania, Inghilterra, Stati Uniti d&rsquo;America, Brasile, Argentina e Corea del Sud.<\/p>\n\n\n\n<p>L&rsquo;esistenza ininterrotta del nostro Ordine per pi\u00f9 di nove secoli, attraverso le vicissitudini della storia, \u00e8 un segno della sollecitudine di Dio nei suoi confronti, del suo equilibrio di vita e del suo posto e missione speciale nella Chiesa.<\/p>\n\n\n\n<p>Cerchiamo di dire qui semplicemente chi siamo, per tutti coloro che sono desiderosi di conoscere qualcosa di questa vita nascosta agli occhi del mondo. Il mistero della vocazione certosina non si coglie, per\u00f2, in pochi istanti. Cattolici contemplativi, figli e figlie di san Bruno e come lui solitari, cerchiamo di essere fedeli alla chiamata di Dio seguendo le sue orme.<\/p>\n\n\n\n<div class=\"wp-block-columns is-layout-flex wp-container-core-columns-is-layout-9d6595d7 wp-block-columns-is-layout-flex\">\n<div class=\"wp-block-column is-layout-flow wp-block-column-is-layout-flow\" style=\"flex-basis:45%\">\n<iframe src=\"https:\/\/player.vimeo.com\/video\/508324590\" allowfullscreen=\"allowfullscreen\" name=\"pFR\" width=\"640\" height=\"360\" frameborder=\"0\"><\/iframe>\n\n\n\n<a href=\"https:\/\/player.vimeo.com\/video\/442773955\" width=\"640\" height=\"360\" frameborder=\"0\" allowfullscreen=\"allowfullscreen\" \"=\"\" target=\"pFR\"><img decoding=\"async\" src=\"https:\/\/chartreux.org\/moines\/wp-content\/uploads\/2021\/05\/france-32x32-32967.png\" alt=\"Francais\"><\/a>\n<a href=\"https:\/\/player.vimeo.com\/video\/508369965\" width=\"640\" height=\"360\" frameborder=\"0\" allowfullscreen=\"allowfullscreen\" \"=\"\" target=\"pFR\"><img decoding=\"async\" src=\"https:\/\/chartreux.org\/moines\/wp-content\/uploads\/2021\/05\/united-32x32-33115.png\" alt=\"Anglais\"><\/a>\n<a href=\"https:\/\/player.vimeo.com\/video\/508153497\" width=\"640\" height=\"360\" frameborder=\"0\" allowfullscreen=\"allowfullscreen\" \"=\"\" target=\"pFR\"><img decoding=\"async\" src=\"https:\/\/chartreux.org\/moines\/wp-content\/uploads\/2021\/05\/spain-32x32-33105.png\" alt=\"Espagnol\"> <\/a>\n<a href=\"https:\/\/player.vimeo.com\/video\/508417082\" width=\"640\" height=\"360\" frameborder=\"0\" allowfullscreen=\"allowfullscreen\" \"=\"\" target=\"pFR\"><img decoding=\"async\" src=\"https:\/\/chartreux.org\/moines\/wp-content\/uploads\/2021\/05\/germany-32x32-32989.png\" alt=\"Allemand\"><\/a>\n<a href=\"https:\/\/player.vimeo.com\/video\/646114751\" width=\"640\" height=\"360\" frameborder=\"0\" allowfullscreen=\"allowfullscreen\" \"=\"\" target=\"pFR\"><img decoding=\"async\" src=\"https:\/\/chartreux.org\/moines\/wp-content\/uploads\/2021\/05\/russia-32x32-33064.png\" alt=\"Russian\"><a href=\"https:\/\/player.vimeo.com\/video\/581471087\" width=\"640\" height=\"360\" frameborder=\"0\" allowfullscreen=\"allowfullscreen\" \"=\"\" target=\"pFR\"><img decoding=\"async\" src=\"https:\/\/chartreux.org\/moines\/wp-content\/uploads\/2021\/05\/greece-32x32-32991.png\" alt=\"Greek\"><\/a>\na href=\u00a0\u00bbhttps:\/\/player.vimeo.com\/video\/1075793211&Prime; width=\u00a0\u00bb640&Prime; height=\u00a0\u00bb360&Prime; frameborder=\u00a0\u00bb0&Prime; allowfullscreen=\u00a0\u00bballowfullscreen\u00a0\u00bb \u00ab\u00a0=\u00a0\u00bb\u00a0\u00bb target=\u00a0\u00bbpFR\u00a0\u00bb><img decoding=\"async\" src=\"https:\/\/chartreux.org\/moines\/wp-content\/uploads\/2025\/04\/brazil-32x32-32937.png\" alt=\"Brazil\"><\/a>\n<a href=\"https:\/\/player.vimeo.com\/video\/1156626790\" width=\"640\" height=\"360\" frameborder=\"0\" allowfullscreen=\"allowfullscreen\" \"=\"\" target=\"pFR\"><img decoding=\"async\" src=\"https:\/\/chartreux.org\/moines\/wp-content\/uploads\/2026\/01\/croatia-32x32-32995.png\" alt=\"Croate\"><\/a>\n<\/div>\n\n\n\n<div class=\"wp-block-column is-layout-flow wp-block-column-is-layout-flow\" style=\"flex-basis:5%\"><\/div>\n\n\n\n<div class=\"wp-block-column is-layout-flow wp-block-column-is-layout-flow\" style=\"flex-basis:45%\">\n<iframe src=\"https:\/\/player.vimeo.com\/video\/508068171\" allowfullscreen=\"allowfullscreen\" name=\"fFR\" width=\"640\" height=\"360\" frameborder=\"0\"><\/iframe>\n\n\n\n<a href=\"https:\/\/player.vimeo.com\/video\/442773847\" width=\"640\" height=\"360\" frameborder=\"0\" allowfullscreen=\"allowfullscreen\" \"=\"\" target=\"fFR\"><img decoding=\"async\" src=\"https:\/\/chartreux.org\/moines\/wp-content\/uploads\/2021\/05\/france-32x32-32967.png\" alt=\"Francais\"><\/a>\n<a href=\"https:\/\/player.vimeo.com\/video\/443163107\" width=\"640\" height=\"360\" frameborder=\"0\" allowfullscreen=\"allowfullscreen\" \"=\"\" target=\"fFR\"><img decoding=\"async\" src=\"https:\/\/chartreux.org\/moines\/wp-content\/uploads\/2021\/05\/united-32x32-33115.png\" alt=\"Anglais\"><\/a>\n<a href=\"https:\/\/player.vimeo.com\/video\/507965535\" width=\"640\" height=\"360\" frameborder=\"0\" allowfullscreen=\"allowfullscreen\" \"=\"\" target=\"fFR\"><img decoding=\"async\" src=\"https:\/\/chartreux.org\/moines\/wp-content\/uploads\/2021\/05\/spain-32x32-33105.png\" alt=\"Espagnol\"> <\/a>\n<a href=\"https:\/\/player.vimeo.com\/video\/443198436\" width=\"640\" height=\"360\" frameborder=\"0\" allowfullscreen=\"allowfullscreen\" \"=\"\" target=\"fFR\"><img decoding=\"async\" src=\"https:\/\/chartreux.org\/moines\/wp-content\/uploads\/2021\/05\/germany-32x32-32989.png\" alt=\"Allemand\"><\/a>\n<a href=\"https:\/\/player.vimeo.com\/video\/646049209\" width=\"640\" height=\"360\" frameborder=\"0\" allowfullscreen=\"allowfullscreen\" \"=\"\" target=\"fFR\"><img decoding=\"async\" src=\"https:\/\/chartreux.org\/moines\/wp-content\/uploads\/2021\/05\/russia-32x32-33064.png\" alt=\"Russian\"><a href=\"https:\/\/player.vimeo.com\/video\/581296317\" width=\"640\" height=\"360\" frameborder=\"0\" allowfullscreen=\"allowfullscreen\" \"=\"\" target=\"fFR\"><img decoding=\"async\" src=\"https:\/\/chartreux.org\/moines\/wp-content\/uploads\/2021\/05\/greece-32x32-32991.png\" alt=\"Greek\"><\/a>\n<a href=\"https:\/\/player.vimeo.com\/video\/1075791845\" width=\"640\" height=\"360\" frameborder=\"0\" allowfullscreen=\"allowfullscreen\" \"=\"\" target=\"fFR\"><img decoding=\"async\" src=\"https:\/\/chartreux.org\/moines\/wp-content\/uploads\/2025\/04\/brazil-32x32-32937.png\" alt=\"Brazil\"><\/a>\n<a href=\"https:\/\/player.vimeo.com\/video\/1156626536\" width=\"640\" height=\"360\" frameborder=\"0\" allowfullscreen=\"allowfullscreen\" \"=\"\" target=\"fFR\"><img decoding=\"async\" src=\"https:\/\/chartreux.org\/moines\/wp-content\/uploads\/2026\/01\/croatia-32x32-32995.png\" alt=\"Croate\"><\/a>\n<\/div>\n<\/div>\n","protected":false},"excerpt":{"rendered":"<p>A lode della gloria di Dio, Cristo, Verbo del Padre, per mezzo dello Spirito Santo, si [&hellip;]<\/p>\n","protected":false},"author":1,"featured_media":0,"parent":0,"menu_order":0,"comment_status":"closed","ping_status":"closed","template":"template-full-width.php","meta":{"footnotes":""},"class_list":["post-2025","page","type-page","status-publish","hentry"],"_links":{"self":[{"href":"https:\/\/chartreux.org\/moines\/wp-json\/wp\/v2\/pages\/2025","targetHints":{"allow":["GET"]}}],"collection":[{"href":"https:\/\/chartreux.org\/moines\/wp-json\/wp\/v2\/pages"}],"about":[{"href":"https:\/\/chartreux.org\/moines\/wp-json\/wp\/v2\/types\/page"}],"author":[{"embeddable":true,"href":"https:\/\/chartreux.org\/moines\/wp-json\/wp\/v2\/users\/1"}],"replies":[{"embeddable":true,"href":"https:\/\/chartreux.org\/moines\/wp-json\/wp\/v2\/comments?post=2025"}],"version-history":[{"count":3,"href":"https:\/\/chartreux.org\/moines\/wp-json\/wp\/v2\/pages\/2025\/revisions"}],"predecessor-version":[{"id":7281,"href":"https:\/\/chartreux.org\/moines\/wp-json\/wp\/v2\/pages\/2025\/revisions\/7281"}],"wp:attachment":[{"href":"https:\/\/chartreux.org\/moines\/wp-json\/wp\/v2\/media?parent=2025"}],"curies":[{"name":"wp","href":"https:\/\/api.w.org\/{rel}","templated":true}]}}