{"id":113,"date":"2020-08-08T00:46:33","date_gmt":"2020-08-07T22:46:33","guid":{"rendered":"http:\/\/cobaye.chartreux.org\/wordpress\/?page_id=113"},"modified":"2024-06-27T17:33:58","modified_gmt":"2024-06-27T15:33:58","slug":"la-liturgie","status":"publish","type":"page","link":"https:\/\/chartreux.org\/moines\/la-liturgie\/","title":{"rendered":"La Liturgie"},"content":{"rendered":"\n<div class=\"wp-block-columns is-layout-flex wp-container-core-columns-is-layout-9d6595d7 wp-block-columns-is-layout-flex\">\n<div class=\"wp-block-column is-layout-flow wp-block-column-is-layout-flow\">\n<p><\/p>\n<div id=\"toc_container\">\n<ul class=\"toc_list\">\n  <li><a href=\"#1\">1. Caract\u00e9ristiques de la liturgie cartusienne<\/a><\/li>\n  <li><a href=\"#2\">2. Le Sacrifice Eucharistique<\/a><\/li>\n  <li><a href=\"#3\">3. Les Offices des Heures<\/a><\/li>\n  <li><a href=\"#4\">4. La bienheureuse Vierge Marie<\/a><\/li>\n<li><a href=\"#5\">5. \u00c9couter<\/a><\/li>\n<\/ul>\n<\/div>\n<\/div>\n\n\n\n<div class=\"wp-block-column is-layout-flow wp-block-column-is-layout-flow\">\n<figure class=\"wp-block-image size-large\"><img decoding=\"async\" width=\"1024\" height=\"753\" src=\"https:\/\/chartreux.org\/moines\/wp-content\/uploads\/2021\/01\/Off-nuit-03-1024x753.jpg\" alt=\"\" class=\"wp-image-1459\" srcset=\"https:\/\/chartreux.org\/moines\/wp-content\/uploads\/2021\/01\/Off-nuit-03-1024x753.jpg 1024w, https:\/\/chartreux.org\/moines\/wp-content\/uploads\/2021\/01\/Off-nuit-03-300x220.jpg 300w, https:\/\/chartreux.org\/moines\/wp-content\/uploads\/2021\/01\/Off-nuit-03-768x564.jpg 768w, https:\/\/chartreux.org\/moines\/wp-content\/uploads\/2021\/01\/Off-nuit-03.jpg 1464w\" sizes=\"(max-width: 1024px) 100vw, 1024px\" \/><\/figure>\n<\/div>\n<\/div>\n\n\n\n<h3 class=\"wp-block-heading\" id=\"1\">1. Caract\u00e9ristiques de la liturgie cartusienne<\/h3>\n\n\n\n<p>Selon le mot de Guigues I, premier l\u00e9gislateur de la vocation cartusienne, la liturgie est la partie la plus noble de notre vie. La liturgie des chartreux est marqu\u00e9e par leur vocation \u00e9r\u00e9mitique. Le chant gr\u00e9gorien qui leur est propre est un \u00e9l\u00e9ment de leur patrimoine conserv\u00e9 depuis l&rsquo;origine&nbsp;; il est porteur d&rsquo;int\u00e9riorit\u00e9 et de sobri\u00e9t\u00e9 spirituelle. D\u00e8s leur arriv\u00e9e en Chartreuse, saint Bruno et ses compagnons constitu\u00e8rent une liturgie particuli\u00e8re adapt\u00e9e \u00e0 leur vocation \u00e9r\u00e9mitique et \u00e0 la dimension r\u00e9duite de leur communaut\u00e9. Au cours des si\u00e8cles, nos p\u00e8res ont veill\u00e9 \u00e0 conserver cette liturgie propre, accord\u00e9e \u00e0 notre vie solitaire et contemplative. Les textes et les rites de la liturgie cartusienne ont \u00e9t\u00e9 r\u00e9vis\u00e9s suivant les orientations du Concile Vatican II.<\/p>\n\n\n\n<p>En comparaison avec la liturgie romaine, le rite cartusien se caract\u00e9rise par une grande simplicit\u00e9 et une sobri\u00e9t\u00e9 au niveau des formes ext\u00e9rieures, qui favorisent l&rsquo;union de l&rsquo;\u00e2me avec Dieu, par del\u00e0 les expressions visibles et sensibles. Quelques \u00e9l\u00e9ments propres de notre liturgie sont&nbsp;: les nombreux temps de silence intercal\u00e9s, l&rsquo;interdiction de tout instrument de musique, le chant gr\u00e9gorien sobre, l&rsquo;absence de polyphonies. D&rsquo;autre part, la quasi-totalit\u00e9 des textes chant\u00e9s sont scripturaires.<\/p>\n\n\n\n<h3 class=\"wp-block-heading\" id=\"2\">2. Le Sacrifice Eucharistique<\/h3>\n\n\n\n<p>La c\u00e9l\u00e9bration du sacrifice eucharistique est le centre et le sommet de la vie communautaire&nbsp;: chaque jour les moines se rassemblent pour c\u00e9l\u00e9brer la P\u00e2que du Seigneur. La chartreuse a conserv\u00e9 jusqu\u2019\u00e0 nos jours un rite de la messe propre, dont l\u2019origine date du XI<sup>e<\/sup>-XII<sup>e<\/sup> si\u00e8cles, de souche monastique mais \u00e9tant une branche du rite romain. Cette eucharistie ne peut \u00eatre conc\u00e9l\u00e9br\u00e9e que les jours o\u00f9 la vie cartusienne rev\u00eat un caract\u00e8re communautaire&nbsp;: dimanches et grandes f\u00eates. Les autres jours il n&rsquo;y a qu&rsquo;un seul c\u00e9l\u00e9brant \u00e0 l&rsquo;autel et la pri\u00e8re eucharistique est dite \u00e0 voix basse. La communaut\u00e9 participe \u00e0 cette liturgie eucharistique par le chant gr\u00e9gorien, la pri\u00e8re int\u00e9rieure et la communion. La communaut\u00e9 se prosterne pour adorer lors de la cons\u00e9cration. Il est caract\u00e9ristique du rite cartusien de la messe que le pr\u00eatre soit presque toujours seul au sanctuaire (les autres ministres se retirant une fois leur service accompli), qu&rsquo;il garde les bras en croix pendant la pri\u00e8re eucharistique, et qu&rsquo;il n&rsquo;y a pas de b\u00e9n\u00e9diction finale. Le pr\u00eatre se prosterne aux marches de l&rsquo;autel avant (pour se pr\u00e9parer) et apr\u00e8s la messe (pour rendre gr\u00e2ces).<\/p>\n\n\n\n<div class=\"wp-block-columns is-layout-flex wp-container-core-columns-is-layout-9d6595d7 wp-block-columns-is-layout-flex\">\n<div class=\"wp-block-column is-layout-flow wp-block-column-is-layout-flow\" style=\"flex-basis:25%\">\n<figure class=\"wp-block-image size-large\"><img decoding=\"async\" width=\"679\" height=\"1024\" src=\"https:\/\/chartreux.org\/moines\/wp-content\/uploads\/2021\/02\/prost_priestTR-679x1024.jpg\" alt=\"\" class=\"wp-image-1741\" srcset=\"https:\/\/chartreux.org\/moines\/wp-content\/uploads\/2021\/02\/prost_priestTR-679x1024.jpg 679w, https:\/\/chartreux.org\/moines\/wp-content\/uploads\/2021\/02\/prost_priestTR-199x300.jpg 199w, https:\/\/chartreux.org\/moines\/wp-content\/uploads\/2021\/02\/prost_priestTR-768x1159.jpg 768w, https:\/\/chartreux.org\/moines\/wp-content\/uploads\/2021\/02\/prost_priestTR-1018x1536.jpg 1018w, https:\/\/chartreux.org\/moines\/wp-content\/uploads\/2021\/02\/prost_priestTR-1358x2048.jpg 1358w, https:\/\/chartreux.org\/moines\/wp-content\/uploads\/2021\/02\/prost_priestTR-scaled.jpg 1697w\" sizes=\"(max-width: 679px) 100vw, 679px\" \/><\/figure>\n<\/div>\n\n\n\n<div class=\"wp-block-column is-layout-flow wp-block-column-is-layout-flow\" style=\"flex-basis:50%\">\n<figure class=\"wp-block-image size-large\"><img decoding=\"async\" width=\"840\" height=\"633\" src=\"https:\/\/chartreux.org\/moines\/wp-content\/uploads\/2021\/05\/tamino230ret.jpg\" alt=\"\" class=\"wp-image-3124\" srcset=\"https:\/\/chartreux.org\/moines\/wp-content\/uploads\/2021\/05\/tamino230ret.jpg 840w, https:\/\/chartreux.org\/moines\/wp-content\/uploads\/2021\/05\/tamino230ret-300x226.jpg 300w, https:\/\/chartreux.org\/moines\/wp-content\/uploads\/2021\/05\/tamino230ret-768x579.jpg 768w\" sizes=\"(max-width: 840px) 100vw, 840px\" \/><\/figure>\n<\/div>\n\n\n\n<div class=\"wp-block-column is-layout-flow wp-block-column-is-layout-flow\" style=\"flex-basis:25%\">\n<figure class=\"wp-block-image size-large\"><img decoding=\"async\" width=\"683\" height=\"1024\" src=\"https:\/\/chartreux.org\/moines\/wp-content\/uploads\/2021\/05\/Montrieux-B-143.jpg\" alt=\"\" class=\"wp-image-3139\" srcset=\"https:\/\/chartreux.org\/moines\/wp-content\/uploads\/2021\/05\/Montrieux-B-143.jpg 683w, https:\/\/chartreux.org\/moines\/wp-content\/uploads\/2021\/05\/Montrieux-B-143-200x300.jpg 200w\" sizes=\"(max-width: 683px) 100vw, 683px\" \/><\/figure>\n<\/div>\n<\/div>\n\n\n\n<p><em>\u00ab Les temps de silence au cours de la messe permettent de prier et de m\u00e9diter sur l&rsquo;action liturgique accomplie par le c\u00e9l\u00e9brant, en sorte que tous participent au sacrifice qui se d\u00e9roule, aussi bien en l&rsquo;offrant qu&rsquo;en y communiant spirituellement. En effet, aucun lieu sur terre, aucun moment, ne se pr\u00eatent mieux \u00e0 la pri\u00e8re en Esprit, eu \u00e9gard \u00e0 la pr\u00e9sence toute particuli\u00e8re de la divine Majest\u00e9, que ceux o\u00f9 l&rsquo;on offre \u00e0 Dieu ce sacrifice saint et r\u00e9dempteur&nbsp;\u00bb<\/em> (Statuts 57,9).<\/p>\n\n\n\n<p>\u00c0 un autre moment de la journ\u00e9e, normalement apr\u00e8s la messe conventuelle, chaque moine pr\u00eatre c\u00e9l\u00e8bre les saints myst\u00e8res dans une chapelle solitaire, faisant sienne la port\u00e9e universelle propre au sacrifice eucharistique. Moment d\u2019intensit\u00e9 et de recueillement.<\/p>\n\n\n\n<p><a href=\"#toc_container\" class=\"returnToTop\"> Retourner en haut ! \u2191 <\/a><\/p>\n\n\n\n<h3 class=\"wp-block-heading\" id=\"3\">3. Les Offices des Heures<\/h3>\n\n\n\n<p>Un autre temps fort de la journ\u00e9e liturgique est celui de l&rsquo;office c\u00e9l\u00e9br\u00e9 \u00e0 l&rsquo;\u00e9glise au milieu de la nuit (Matines et Laudes)&nbsp;: durant deux ou trois heures, suivant les jours, alternent chant des psaumes et lectures de l\u2019\u00c9criture Sainte ou des P\u00e8res de l&rsquo;\u00c9glise, temps de silence et pri\u00e8res d&rsquo;intercession. Les chartreux aiment particuli\u00e8rement ce long office de nuit o\u00f9 chacun, uni \u00e0 tous ses fr\u00e8res, n\u00e9anmoins d&rsquo;une mani\u00e8re personnelle, peut vivre une intense et profonde communion avec Dieu.<\/p>\n\n\n\n<p>Le chant not\u00e9 (antiennes, r\u00e9pons, hymnes, propre de la messe, kyriale) est toujours en latin, selon les m\u00e9lodies gr\u00e9goriennes propres aux chartreux. Certaines maisons de l&rsquo;Ordre psalmodient en langue vernaculaire, d&rsquo;autres en latin. Les lectures sont en langue vernaculaire. En cellule, chacun peut choisir de r\u00e9citer l&rsquo;office en latin ou en langue vernaculaire, selon son inclination propre.<\/p>\n\n\n\n<div class=\"wp-block-columns is-layout-flex wp-container-core-columns-is-layout-9d6595d7 wp-block-columns-is-layout-flex\">\n<div class=\"wp-block-column is-layout-flow wp-block-column-is-layout-flow\">\n<figure class=\"wp-block-image size-large\"><img decoding=\"async\" width=\"489\" height=\"327\" src=\"https:\/\/chartreux.org\/moines\/wp-content\/uploads\/2021\/02\/XCopy-of-TR_MonkInCell-1.jpg\" alt=\"\" class=\"wp-image-1591\" srcset=\"https:\/\/chartreux.org\/moines\/wp-content\/uploads\/2021\/02\/XCopy-of-TR_MonkInCell-1.jpg 489w, https:\/\/chartreux.org\/moines\/wp-content\/uploads\/2021\/02\/XCopy-of-TR_MonkInCell-1-300x201.jpg 300w\" sizes=\"(max-width: 489px) 100vw, 489px\" \/><\/figure>\n<\/div>\n\n\n\n<div class=\"wp-block-column is-layout-flow wp-block-column-is-layout-flow\">\n<figure class=\"wp-block-image size-large\"><img decoding=\"async\" width=\"1024\" height=\"682\" src=\"https:\/\/chartreux.org\/moines\/wp-content\/uploads\/2021\/02\/PL-eglise-2-1024x682.jpg\" alt=\"\" class=\"wp-image-1587\" srcset=\"https:\/\/chartreux.org\/moines\/wp-content\/uploads\/2021\/02\/PL-eglise-2-1024x682.jpg 1024w, https:\/\/chartreux.org\/moines\/wp-content\/uploads\/2021\/02\/PL-eglise-2-300x200.jpg 300w, https:\/\/chartreux.org\/moines\/wp-content\/uploads\/2021\/02\/PL-eglise-2-768x512.jpg 768w, https:\/\/chartreux.org\/moines\/wp-content\/uploads\/2021\/02\/PL-eglise-2.jpg 1040w\" sizes=\"(max-width: 1024px) 100vw, 1024px\" \/><\/figure>\n<\/div>\n<\/div>\n\n\n\n<p>Vers la fin de la journ\u00e9e les moines se retrouvent de nouveau \u00e0 l&rsquo;\u00e9glise pour c\u00e9l\u00e9brer l&rsquo;office des V\u00eapres. Les autres parties de l&rsquo;office sont c\u00e9l\u00e9br\u00e9es par chaque moine dans sa cellule, except\u00e9 les dimanches et certains jours de f\u00eate o\u00f9 elles sont chant\u00e9es \u00e0 l&rsquo;\u00e9glise. En plus de l&rsquo;office divin, les Chartreux r\u00e9citent chaque jour en cellule l&rsquo;office de la Vierge Marie et, une fois par semaine, un office sp\u00e9cial \u00e0 l&rsquo;intention des d\u00e9funts&nbsp;: ils interc\u00e8dent alors aupr\u00e8s de Dieu pour qu&rsquo;il accueille dans son Royaume \u00e9ternel tous ceux qui ont quitt\u00e9 cette vie.<\/p>\n\n\n\n<p>Revenir sans cesse, tout \u00e0 long de la journ\u00e9e, pour s&rsquo;acquitter de l&rsquo;office divin constitue une aide inestimable pour parvenir au but du moine, qui est la pri\u00e8re continuelle.<\/p>\n\n\n\n<h3 class=\"wp-block-heading\" id=\"4\">4. La bienheureuse Vierge Marie<\/h3>\n\n\n<div class=\"wp-block-image\">\n<figure class=\"alignleft size-large is-resized\"><img decoding=\"async\" width=\"703\" height=\"1024\" src=\"https:\/\/chartreux.org\/moines\/wp-content\/uploads\/2021\/01\/Virgen-del-Rosario-001-1-703x1024.jpg\" alt=\"\" class=\"wp-image-1335\" style=\"width:360px;height:522px\" srcset=\"https:\/\/chartreux.org\/moines\/wp-content\/uploads\/2021\/01\/Virgen-del-Rosario-001-1-703x1024.jpg 703w, https:\/\/chartreux.org\/moines\/wp-content\/uploads\/2021\/01\/Virgen-del-Rosario-001-1-206x300.jpg 206w, https:\/\/chartreux.org\/moines\/wp-content\/uploads\/2021\/01\/Virgen-del-Rosario-001-1-768x1119.jpg 768w, https:\/\/chartreux.org\/moines\/wp-content\/uploads\/2021\/01\/Virgen-del-Rosario-001-1.jpg 1039w\" sizes=\"(max-width: 703px) 100vw, 703px\" \/><figcaption class=\"wp-element-caption\">Notre-Dame du Rosaire, Chartreuse de Miraflores<\/figcaption><\/figure>\n<\/div>\n\n\n<p><em>\u00ab&nbsp;Nos ermitages sont en premier lieu d\u00e9di\u00e9s \u00e0 la bienheureuse Vierge Marie et \u00e0 saint Jean Baptiste, nos principaux patrons au ciel\u2026 Outre l&rsquo;Office divin, nos p\u00e8res nous ont transmis l&rsquo;Office de la bienheureuse Vierge Marie, dont chacune des Heures pr\u00e9c\u00e8de ordinairement l&rsquo;Heure correspondante de l&rsquo;Office divin. Par cette pri\u00e8re, nous c\u00e9l\u00e9brons l&rsquo;\u00e9ternelle nouveaut\u00e9 du myst\u00e8re de Marie engendrant spirituellement le Christ dans nos c\u0153urs&nbsp;\u00bb<\/em> (Statuts 10,10 et 21,12). Outre cette expression de notre d\u00e9votion envers elle, que nous avons coutume d&rsquo;appeler \u2018M\u00e8re toute sp\u00e9ciale des Chartreux\u2019 (<em>Mater singularis cartusiensium<\/em>), nous la v\u00e9n\u00e9rons et l&rsquo;honorons en priant l&rsquo;Ang\u00e9lus quatre fois par jour (matin, midi, soir et \u00e0 la fin de Laudes). Nous r\u00e9citons aussi un \u2018Je vous salue, Marie\u2019 chaque fois qu&rsquo;au retour du clo\u00eetre nous entrons dans notre ermitage, dans une pi\u00e8ce destin\u00e9e \u00e0 cet usage. Une Messe hebdomadaire est c\u00e9l\u00e9br\u00e9e conventuellement en l&rsquo;honneur de la Vierge dans toutes les maisons de l&rsquo;Ordre, normalement chaque samedi. Nous nommons Marie dans notre formule de profession. Au-del\u00e0 de ces traditions, chacun est encourag\u00e9 \u00e0 cultiver une relation vivante, filiale et pleine de tendresse envers la M\u00e8re du Seigneur, car elle nous conduit \u00e0 J\u00e9sus. \u00ab&nbsp;Marie, figure de l&rsquo;\u00c9glise, \u00c9pouse sans ride et sans tache, qui, en t&rsquo;imitant \u2018conserve virginalement une foi enti\u00e8re, une esp\u00e9rance ferme, une charit\u00e9 sinc\u00e8re\u2019 (<em>LG<\/em> 64), soutiens les personnes consacr\u00e9es qui tendent vers la b\u00e9atitude unique et \u00e9ternelle&nbsp;\u00bb (<em>Vita Consecrata<\/em>,112).<\/p>\n\n\n\n<p class=\"has-text-align-center\">*<\/p>\n\n\n\n<p>Gr\u00e2ce \u00e0 la liturgie, la Chartreuse ne reste pas un groupement de solitaires isol\u00e9s entre eux. Elle devient plut\u00f4t une v\u00e9ritable communaut\u00e9 monastique, manifestant ainsi le myst\u00e8re de l&rsquo;\u00c9glise et trouvant sa place par le culte public qu&rsquo;elle rend \u00e0 Dieu.<\/p>\n\n\n\n<p><strong><span class=\"has-inline-color has-vivid-cyan-blue-color\"><\/span><\/strong><\/p>\n\n\n\n<div class=\"wp-block-columns is-layout-flex wp-container-core-columns-is-layout-9d6595d7 wp-block-columns-is-layout-flex\">\n<div class=\"wp-block-column is-layout-flow wp-block-column-is-layout-flow\">\n<figure class=\"wp-block-image size-large\"><img decoding=\"async\" width=\"767\" height=\"1024\" src=\"https:\/\/chartreux.org\/moines\/wp-content\/uploads\/2021\/02\/EncensTR-767x1024.jpg\" alt=\"\" class=\"wp-image-1582\" srcset=\"https:\/\/chartreux.org\/moines\/wp-content\/uploads\/2021\/02\/EncensTR-767x1024.jpg 767w, https:\/\/chartreux.org\/moines\/wp-content\/uploads\/2021\/02\/EncensTR-225x300.jpg 225w, https:\/\/chartreux.org\/moines\/wp-content\/uploads\/2021\/02\/EncensTR-768x1025.jpg 768w, https:\/\/chartreux.org\/moines\/wp-content\/uploads\/2021\/02\/EncensTR-1151x1536.jpg 1151w, https:\/\/chartreux.org\/moines\/wp-content\/uploads\/2021\/02\/EncensTR-1535x2048.jpg 1535w, https:\/\/chartreux.org\/moines\/wp-content\/uploads\/2021\/02\/EncensTR-scaled.jpg 1919w\" sizes=\"(max-width: 767px) 100vw, 767px\" \/><figcaption class=\"wp-element-caption\"> <\/figcaption><\/figure>\n<\/div>\n\n\n\n<div class=\"wp-block-column is-layout-flow wp-block-column-is-layout-flow\">\n<figure class=\"wp-block-image size-large\"><img decoding=\"async\" width=\"554\" height=\"740\" src=\"https:\/\/chartreux.org\/moines\/wp-content\/uploads\/2021\/05\/missaconcelSJ-1.jpg\" alt=\"\" class=\"wp-image-3146\" srcset=\"https:\/\/chartreux.org\/moines\/wp-content\/uploads\/2021\/05\/missaconcelSJ-1.jpg 554w, https:\/\/chartreux.org\/moines\/wp-content\/uploads\/2021\/05\/missaconcelSJ-1-225x300.jpg 225w\" sizes=\"(max-width: 554px) 100vw, 554px\" \/><\/figure>\n<\/div>\n\n\n\n<div class=\"wp-block-column is-layout-flow wp-block-column-is-layout-flow\">\n<figure class=\"wp-block-image size-large\"><img decoding=\"async\" width=\"768\" height=\"1024\" src=\"https:\/\/chartreux.org\/moines\/wp-content\/uploads\/2021\/01\/2-Misa-y-otras-006-1-768x1024.jpg\" alt=\"\" class=\"wp-image-1420\" srcset=\"https:\/\/chartreux.org\/moines\/wp-content\/uploads\/2021\/01\/2-Misa-y-otras-006-1-768x1024.jpg 768w, https:\/\/chartreux.org\/moines\/wp-content\/uploads\/2021\/01\/2-Misa-y-otras-006-1-225x300.jpg 225w, https:\/\/chartreux.org\/moines\/wp-content\/uploads\/2021\/01\/2-Misa-y-otras-006-1-1152x1536.jpg 1152w, https:\/\/chartreux.org\/moines\/wp-content\/uploads\/2021\/01\/2-Misa-y-otras-006-1.jpg 1536w\" sizes=\"(max-width: 768px) 100vw, 768px\" \/><figcaption class=\"wp-element-caption\"> <\/figcaption><\/figure>\n<\/div>\n<\/div>\n\n\n\n<p><\/p>\n\n\n\n<h3 class=\"wp-block-heading\" id=\"5\">5. \u00c9couter<\/h3>\n\n\n\n<p>Quelques pi\u00e8ces de la messe et lectures liturgiques \u00e0 la Grande Chartreuse.<\/p>\n\n\n\n<figure class=\"wp-block-audio\"><audio controls src=\"https:\/\/chartreux.org\/moines\/wp-content\/uploads\/2024\/06\/Liturgie-G-Chartreux.mp3\"><\/audio><\/figure>\n\n\n<div class=\"wp-block-image\">\n<figure class=\"aligncenter size-large\"><img decoding=\"async\" width=\"1000\" height=\"392\" src=\"https:\/\/chartreux.org\/moines\/wp-content\/uploads\/2021\/05\/TP1_4144long.jpg\" alt=\"\" class=\"wp-image-3151\" srcset=\"https:\/\/chartreux.org\/moines\/wp-content\/uploads\/2021\/05\/TP1_4144long.jpg 1000w, https:\/\/chartreux.org\/moines\/wp-content\/uploads\/2021\/05\/TP1_4144long-300x118.jpg 300w, https:\/\/chartreux.org\/moines\/wp-content\/uploads\/2021\/05\/TP1_4144long-768x301.jpg 768w\" sizes=\"(max-width: 1000px) 100vw, 1000px\" \/><\/figure>\n<\/div>\n\n\n<p><a href=\"#toc_container\" class=\"returnToTop\"> Retourner en haut ! \u2191 <\/a><\/p>\n","protected":false},"excerpt":{"rendered":"<p>1. Caract\u00e9ristiques de la liturgie cartusienne 2. Le Sacrifice Eucharistique 3. Les Offices des Heures 4. [&hellip;]<\/p>\n","protected":false},"author":1,"featured_media":0,"parent":0,"menu_order":0,"comment_status":"closed","ping_status":"closed","template":"template-full-width.php","meta":{"footnotes":""},"class_list":["post-113","page","type-page","status-publish","hentry"],"_links":{"self":[{"href":"https:\/\/chartreux.org\/moines\/wp-json\/wp\/v2\/pages\/113","targetHints":{"allow":["GET"]}}],"collection":[{"href":"https:\/\/chartreux.org\/moines\/wp-json\/wp\/v2\/pages"}],"about":[{"href":"https:\/\/chartreux.org\/moines\/wp-json\/wp\/v2\/types\/page"}],"author":[{"embeddable":true,"href":"https:\/\/chartreux.org\/moines\/wp-json\/wp\/v2\/users\/1"}],"replies":[{"embeddable":true,"href":"https:\/\/chartreux.org\/moines\/wp-json\/wp\/v2\/comments?post=113"}],"version-history":[{"count":3,"href":"https:\/\/chartreux.org\/moines\/wp-json\/wp\/v2\/pages\/113\/revisions"}],"predecessor-version":[{"id":7132,"href":"https:\/\/chartreux.org\/moines\/wp-json\/wp\/v2\/pages\/113\/revisions\/7132"}],"wp:attachment":[{"href":"https:\/\/chartreux.org\/moines\/wp-json\/wp\/v2\/media?parent=113"}],"curies":[{"name":"wp","href":"https:\/\/api.w.org\/{rel}","templated":true}]}}