{"id":111,"date":"2020-08-08T00:45:50","date_gmt":"2020-08-07T22:45:50","guid":{"rendered":"http:\/\/cobaye.chartreux.org\/wordpress\/?page_id=111"},"modified":"2024-09-11T11:05:00","modified_gmt":"2024-09-11T09:05:00","slug":"le-cadre-de-vie","status":"publish","type":"page","link":"https:\/\/chartreux.org\/moines\/le-cadre-de-vie\/","title":{"rendered":"Le cadre de vie"},"content":{"rendered":"\n<div class=\"wp-block-columns is-layout-flex wp-container-core-columns-is-layout-9d6595d7 wp-block-columns-is-layout-flex\">\n<div class=\"wp-block-column is-layout-flow wp-block-column-is-layout-flow\">\n<p><\/p>\n<div id=\"toc_container\">\n<ul class=\"toc_list\">\n  <li><a href=\"#1\">1. Le d\u00e9sert<\/a><\/li>\n  <li><a href=\"#2\">2. La cl\u00f4ture<\/a><\/li>\n  <li><a href=\"#3\">3. La cellule<\/a><\/li>\n<\/ul>\n<\/div>\n<\/div>\n\n\n\n<div class=\"wp-block-column is-layout-flow wp-block-column-is-layout-flow\" style=\"flex-basis:65.2%\">\n<blockquote class=\"wp-block-quote is-layout-flow wp-block-quote-is-layout-flow\">\n<p><strong><em>\u00ab\u00a0Songez aux choses d&rsquo;en haut, non \u00e0 celles de la terre. Car vous \u00eates morts, et votre vie est d\u00e9sormais cach\u00e9e avec le Christ en Dieu.\u00a0\u00bb <\/em><\/strong><br><strong>(Colossiens 3, 2-3)<em><br><\/em><\/strong><\/p>\n<\/blockquote>\n\n\n\n<p><\/p>\n<\/div>\n<\/div>\n\n\n\n<h3 class=\"wp-block-heading\" id=\"1\">1. Le d\u00e9sert<\/h3>\n\n\n\n<p>Le projet de Bruno et de ses compagnons \u00e9tait de retrouver la spiritualit\u00e9 du d\u00e9sert&nbsp;: tout quitter afin de vivre dans la solitude pour Dieu seul. Ils d\u00e9siraient la solitude comme moyen car elle favorise la pri\u00e8re, la rencontre seul \u00e0 seul avec Dieu, la pauvret\u00e9 d\u2019esprit, l\u2019authenticit\u00e9, l\u2019humilit\u00e9. Les ermites chartreux vivent aujourd&rsquo;hui encore dans des \u00ab&nbsp;d\u00e9serts&nbsp;\u00bb \u00e0 l\u2019image de celui des origines, o\u00f9 ils poursuivent leur vie de pri\u00e8re et de travail.<\/p>\n\n\n\n<p>La solitude du chartreux est assur\u00e9e et prot\u00e9g\u00e9e par trois cercles concentriques&nbsp;: le d\u00e9sert, la cl\u00f4ture et la cellule. Ils sont comme des remparts progressifs qui conduisent au \u00ab&nbsp;saint des saints&nbsp;\u00bb o\u00f9 le moine prie dans le secret&nbsp;: <em>\u00ab&nbsp;Lorsque tu pries, entre dans ta chambre, ferme la porte et prie ton P\u00e8re qui est dans le secret; ton P\u00e8re qui voit dans le secret te le rendra&nbsp;\u00bb<\/em> (Mt 6, 6).<\/p>\n\n\n\n<p>Nos monast\u00e8res sont normalement construits dans des lieux \u00e9loign\u00e9s de toute habitation, du bruit des routes, dans un cadre naturel. Nous appelons \u00ab&nbsp;d\u00e9sert&nbsp;\u00bb le territoire assez vaste qui entoure le monast\u00e8re et dont les limites sont d\u00e9termin\u00e9es. Nous ne sortons pas de ce d\u00e9sert sans permission sp\u00e9ciale, sauf pendant les promenades hebdomadaires mais alors nous restons dans les limites d\u00e9termin\u00e9es par le Chapitre G\u00e9n\u00e9ral pour chaque maison. <\/p>\n\n\n\n<div class=\"wp-block-columns is-layout-flex wp-container-core-columns-is-layout-9d6595d7 wp-block-columns-is-layout-flex\">\n<div class=\"wp-block-column is-layout-flow wp-block-column-is-layout-flow\">\n<figure class=\"wp-block-image size-large\"><img decoding=\"async\" width=\"1024\" height=\"768\" src=\"https:\/\/chartreux.org\/moines\/wp-content\/uploads\/2021\/02\/PA220026-1024x768.jpg\" alt=\"\" class=\"wp-image-1658\" srcset=\"https:\/\/chartreux.org\/moines\/wp-content\/uploads\/2021\/02\/PA220026-1024x768.jpg 1024w, https:\/\/chartreux.org\/moines\/wp-content\/uploads\/2021\/02\/PA220026-300x225.jpg 300w, https:\/\/chartreux.org\/moines\/wp-content\/uploads\/2021\/02\/PA220026-768x576.jpg 768w, https:\/\/chartreux.org\/moines\/wp-content\/uploads\/2021\/02\/PA220026-1536x1152.jpg 1536w, https:\/\/chartreux.org\/moines\/wp-content\/uploads\/2021\/02\/PA220026.jpg 1600w\" sizes=\"(max-width: 1024px) 100vw, 1024px\" \/><figcaption class=\"wp-element-caption\"> <\/figcaption><\/figure>\n<\/div>\n\n\n\n<div class=\"wp-block-column is-layout-flow wp-block-column-is-layout-flow\">\n<figure class=\"wp-block-image size-large\"><img decoding=\"async\" width=\"940\" height=\"705\" src=\"https:\/\/chartreux.org\/moines\/wp-content\/uploads\/2021\/02\/Valsainte-spaciement-2.jpg\" alt=\"\" class=\"wp-image-1656\" srcset=\"https:\/\/chartreux.org\/moines\/wp-content\/uploads\/2021\/02\/Valsainte-spaciement-2.jpg 940w, https:\/\/chartreux.org\/moines\/wp-content\/uploads\/2021\/02\/Valsainte-spaciement-2-300x225.jpg 300w, https:\/\/chartreux.org\/moines\/wp-content\/uploads\/2021\/02\/Valsainte-spaciement-2-768x576.jpg 768w\" sizes=\"(max-width: 940px) 100vw, 940px\" \/><\/figure>\n\n\n\n<p><\/p>\n<\/div>\n<\/div>\n\n\n\n<h3 class=\"wp-block-heading\" id=\"2\">2. La cl\u00f4ture<\/h3>\n\n\n\n<p>Chaque chartreuse est entour\u00e9e d\u2019un mur de cl\u00f4ture de sorte que le monast\u00e8re cartusien soit une enceinte ouverte vers le ciel pour mieux communier avec Dieu. Toute la vie du moine se d\u00e9roule \u00e0 l\u2019int\u00e9rieur de ce p\u00e9rim\u00e8tre et tout est agenc\u00e9 pour qu&rsquo;il n\u2019ait pas besoin de sortir.<\/p>\n\n\n\n<p>Le genre de vie des chartreux se refl\u00e8te dans leur habitat lui-m\u00eame, dans les b\u00e2timents visibles de l&rsquo;ext\u00e9rieur. Pour leur vie solitaire temp\u00e9r\u00e9e par une part de vie commune, les premiers chartreux se groupaient pr\u00e8s d\u2019une source et leurs cabanes ressemblaient \u00e0 celles des b\u00fbcherons&nbsp;par leur simplicit\u00e9 et leur solidit\u00e9. C&rsquo;\u00e9taient les premi\u00e8res \u00e9bauches de ce que deviendront les cellules de nos chartreuses. D\u00e8s le d\u00e9part ces habitations \u00e9taient bien distinctes les unes des autres et pourtant reli\u00e9es par une galerie couverte conduisant \u00e0 l\u2019\u00e9glise (seule construction en pierre). Elles pr\u00e9figuraient ainsi le mod\u00e8le typiquement cartusien d\u2019organisation de l\u2019espace monastique. Tout monast\u00e8re cartusien est compos\u00e9 en effet de trois grandes parties&nbsp;:<\/p>\n\n\n<div class=\"wp-block-image\">\n<figure class=\"alignright size-large is-resized\"><img decoding=\"async\" width=\"453\" height=\"722\" src=\"https:\/\/chartreux.org\/moines\/wp-content\/uploads\/2021\/05\/PSdrone13ebon.jpg\" alt=\"\" class=\"wp-image-3430\" style=\"width:286px;height:457px\" srcset=\"https:\/\/chartreux.org\/moines\/wp-content\/uploads\/2021\/05\/PSdrone13ebon.jpg 453w, https:\/\/chartreux.org\/moines\/wp-content\/uploads\/2021\/05\/PSdrone13ebon-188x300.jpg 188w\" sizes=\"(max-width: 453px) 100vw, 453px\" \/><\/figure>\n<\/div>\n\n\n<p><strong>A.<\/strong> <strong>Le grand clo\u00eetre<\/strong><br>Le grand clo\u00eetre regroupe toutes les cellules individuelles o\u00f9 les P\u00e8res &#8211; ou les moniales de ch\u0153ur &#8211; m\u00e8nent leur vie solitaire. On trouve parfois un deuxi\u00e8me clo\u00eetre pour les fr\u00e8res convers &#8211; ou s\u0153urs converses &#8211; (par exemple&nbsp;dans les chartreuses des moines de San Jos\u00e9 et des moniales de Trinit\u00e0).<\/p>\n\n\n\n<p><strong>B.<\/strong> <strong>Les lieux communautaires<\/strong><br>Puis il y a le petit clo\u00eetre autour duquel se trouvent les lieux de la vie commune&nbsp;: principalement l&rsquo;\u00e9glise, le chapitre et le r\u00e9fectoire. Dans cette partie du monast\u00e8re se trouvent aussi certains lieux de travail&nbsp;: cuisine, d\u00e9pense, sacristie, etc. Les chapelles individuelles sont souvent situ\u00e9es dans cette partie du monast\u00e8re.<\/p>\n\n\n\n<p><strong>C. Les ateliers ou ob\u00e9diences<\/strong><br>Les lieux de travail des fr\u00e8res sont appel\u00e9s \u00ab&nbsp;ob\u00e9diences&nbsp;\u00bb. Les ateliers plus bruyants (menuiserie, forge, ferme, etc.) se trouvent un peu \u00e9loign\u00e9s du reste du monast\u00e8re pour ne pas en troubler le silence. Les fr\u00e8res disposent du mat\u00e9riel n\u00e9cessaire pour remplir leur t\u00e2che.<\/p>\n\n\n\n<p>Il y a de \u2018grandes maisons\u2019 comme la Grande Chartreuse (avec plus de 30 cellules, dont la construction actuelle date du XVIIe si\u00e8cle) ou la Chartreuse de Parkminster (en Angleterre)&nbsp;; et des \u2018petites maisons\u2019 comme la Chartreuse de Portes (dans l\u2019Ain) ou la Chartreuse de Montrieux (en Provence). Ces derni\u00e8res ont gard\u00e9 l\u2019aspect des chartreuses primitives avec leurs 12 cellules pour les moines du clo\u00eetre, toutes group\u00e9es autour du cimeti\u00e8re.<\/p>\n\n\n<div class=\"wp-block-image\">\n<figure class=\"aligncenter size-large is-resized\"><img decoding=\"async\" width=\"980\" height=\"653\" src=\"https:\/\/chartreux.org\/moines\/wp-content\/uploads\/2021\/02\/GCGrand_cloitre.jpg\" alt=\"\" class=\"wp-image-1654\" style=\"width:532px;height:354px\" srcset=\"https:\/\/chartreux.org\/moines\/wp-content\/uploads\/2021\/02\/GCGrand_cloitre.jpg 980w, https:\/\/chartreux.org\/moines\/wp-content\/uploads\/2021\/02\/GCGrand_cloitre-300x200.jpg 300w, https:\/\/chartreux.org\/moines\/wp-content\/uploads\/2021\/02\/GCGrand_cloitre-768x512.jpg 768w\" sizes=\"(max-width: 980px) 100vw, 980px\" \/><figcaption class=\"wp-element-caption\"> <\/figcaption><\/figure>\n<\/div>\n\n\n<p><a href=\"#toc_container\" class=\"returnToTop\"> Retourner en haut ! \u2191 <\/a><\/p>\n\n\n\n<p>Pour le moine chartreux sa maison est le lieu d&rsquo;ancrage de sa vie int\u00e9rieure. C\u2019est pourquoi il y fait v\u0153u de stabilit\u00e9. \u00ab&nbsp;Par la profession, le moine prend place dans la communaut\u00e9, comme dans la famille que Dieu lui donne&nbsp;; il devra, de corps et d\u2019esprit, s\u2019y \u00e9tablir \u00e0 demeure&nbsp;\u00bb (Statuts 30.1). Pour le chartreux cette stabilit\u00e9 est le signe de sa parfaite oblation \u00e0 Dieu car il s\u2019engage \u00e0 pers\u00e9v\u00e9rer pendant toute sa vie dans sa vocation et dans ce lieu pr\u00e9cis. En effet \u00ab&nbsp;la patience et la pers\u00e9v\u00e9rance dans les circonstances voulues par Dieu favorisent grandement la contemplation, car il est impossible \u00e0 l\u2019homme de fixer son attention sur un m\u00eame objet s\u2019il n\u2019a pas au pr\u00e9alable fix\u00e9 son corps avec pers\u00e9v\u00e9rance en un lieu d\u00e9termin\u00e9&nbsp;\u00bb (Statuts 30.8).<\/p>\n\n\n<div class=\"wp-block-image\">\n<figure class=\"aligncenter size-large is-resized\"><img decoding=\"async\" width=\"1024\" height=\"576\" src=\"https:\/\/chartreux.org\/moines\/wp-content\/uploads\/2021\/02\/P32-1024x576.jpg\" alt=\"\" class=\"wp-image-1653\" style=\"width:534px;height:300px\" srcset=\"https:\/\/chartreux.org\/moines\/wp-content\/uploads\/2021\/02\/P32-1024x576.jpg 1024w, https:\/\/chartreux.org\/moines\/wp-content\/uploads\/2021\/02\/P32-300x169.jpg 300w, https:\/\/chartreux.org\/moines\/wp-content\/uploads\/2021\/02\/P32-768x432.jpg 768w, https:\/\/chartreux.org\/moines\/wp-content\/uploads\/2021\/02\/P32-1536x864.jpg 1536w, https:\/\/chartreux.org\/moines\/wp-content\/uploads\/2021\/02\/P32.jpg 1920w\" sizes=\"(max-width: 1024px) 100vw, 1024px\" \/><\/figure>\n<\/div>\n\n\n<h3 class=\"wp-block-heading\" id=\"3\">3. La cellule<\/h3>\n\n\n\n<p>La cellule est un d\u00e9sert \u00e0 l\u2019int\u00e9rieur du d\u00e9sert. C\u2019est le sanctuaire personnel o\u00f9 le moine vit particuli\u00e8rement sa relation avec le Seigneur. Chaque moine du clo\u00eetre passe la plus grande partie de sa vie dans une \u00ab&nbsp;cellule&nbsp;\u00bb. Mais ce mot ne doit pas induire en erreur : la cellule est en r\u00e9alit\u00e9 un petit ermitage ou maisonnette, avec une chambre, un atelier et un jardin. Dans cet ermitage, l&rsquo;absence des bruits du monde invite \u00e0 l&rsquo;int\u00e9riorit\u00e9 et \u00e0 la solitude, \u00e0 l&rsquo;\u00e9coute de la Parole de Dieu. Elle est le cadre habituel de ses occupations journali\u00e8res&nbsp;o\u00f9 le chartreux prie, travaille, mange et dort. Il ne sort que pour les activit\u00e9s communes pr\u00e9vues par la r\u00e8gle&nbsp;: la pri\u00e8re liturgique \u00e0 l\u2019\u00e9glise, la r\u00e9cr\u00e9ation et la promenade hebdomadaires. <\/p>\n\n\n<div class=\"wp-block-image\">\n<figure class=\"aligncenter size-large\"><img decoding=\"async\" width=\"1024\" height=\"485\" src=\"https:\/\/chartreux.org\/moines\/wp-content\/uploads\/2021\/02\/lectio-divina.jpg\" alt=\"\" class=\"wp-image-1725\" srcset=\"https:\/\/chartreux.org\/moines\/wp-content\/uploads\/2021\/02\/lectio-divina.jpg 1024w, https:\/\/chartreux.org\/moines\/wp-content\/uploads\/2021\/02\/lectio-divina-300x142.jpg 300w, https:\/\/chartreux.org\/moines\/wp-content\/uploads\/2021\/02\/lectio-divina-768x364.jpg 768w\" sizes=\"(max-width: 1024px) 100vw, 1024px\" \/><\/figure>\n<\/div>\n\n\n<div class=\"wp-block-columns is-layout-flex wp-container-core-columns-is-layout-9d6595d7 wp-block-columns-is-layout-flex\">\n<div class=\"wp-block-column is-layout-flow wp-block-column-is-layout-flow\">\n<figure class=\"wp-block-image size-large\"><img decoding=\"async\" width=\"683\" height=\"1024\" src=\"https:\/\/chartreux.org\/moines\/wp-content\/uploads\/2021\/02\/avemaria_novicio_c.jpg\" alt=\"\" class=\"wp-image-1735\" srcset=\"https:\/\/chartreux.org\/moines\/wp-content\/uploads\/2021\/02\/avemaria_novicio_c.jpg 683w, https:\/\/chartreux.org\/moines\/wp-content\/uploads\/2021\/02\/avemaria_novicio_c-200x300.jpg 200w\" sizes=\"(max-width: 683px) 100vw, 683px\" \/><\/figure>\n<\/div>\n\n\n\n<div class=\"wp-block-column is-layout-flow wp-block-column-is-layout-flow\">\n<figure class=\"wp-block-image size-large\"><img decoding=\"async\" width=\"627\" height=\"940\" src=\"https:\/\/chartreux.org\/moines\/wp-content\/uploads\/2021\/02\/0X4A7038.jpg\" alt=\"\" class=\"wp-image-1662\" srcset=\"https:\/\/chartreux.org\/moines\/wp-content\/uploads\/2021\/02\/0X4A7038.jpg 627w, https:\/\/chartreux.org\/moines\/wp-content\/uploads\/2021\/02\/0X4A7038-200x300.jpg 200w\" sizes=\"(max-width: 627px) 100vw, 627px\" \/><\/figure>\n<\/div>\n\n\n\n<div class=\"wp-block-column is-layout-flow wp-block-column-is-layout-flow\">\n<figure class=\"wp-block-image size-large\"><img decoding=\"async\" width=\"627\" height=\"940\" src=\"https:\/\/chartreux.org\/moines\/wp-content\/uploads\/2021\/02\/0X4A7210.jpg\" alt=\"\" class=\"wp-image-1661\" srcset=\"https:\/\/chartreux.org\/moines\/wp-content\/uploads\/2021\/02\/0X4A7210.jpg 627w, https:\/\/chartreux.org\/moines\/wp-content\/uploads\/2021\/02\/0X4A7210-200x300.jpg 200w\" sizes=\"(max-width: 627px) 100vw, 627px\" \/><\/figure>\n<\/div>\n<\/div>\n\n\n\n<p>Dans sa cellule, le moine trouve \u00e9galement son \u00e9quilibre gr\u00e2ce \u00e0 la possibilit\u00e9 d&rsquo;exercer diff\u00e9rents travaux manuels selon ses capacit\u00e9s et ses int\u00e9r\u00eats. Il peut apprendre la reliure, le tour \u00e0 bois, la menuiserie \u00e9l\u00e9mentaire, etc. Il doit rester disponible pour les travaux utiles au bien commun que le sup\u00e9rieur peut lui confier.<\/p>\n\n\n\n<p>Les fr\u00e8res convers ont aussi une cellule. Elle est souvent plus petite et d\u00e9pourvue de jardin et d&rsquo;atelier car les fr\u00e8res travaillent hors de leur cellule dans tout le monast\u00e8re.<\/p>\n\n\n\n<p class=\"has-text-align-center\">*<\/p>\n\n\n\n<p>Cette triple protection du d\u00e9sert, de la cl\u00f4ture et de la cellule pr\u00e9serve le moine des bruits qui dissipent la vie int\u00e9rieure. Elle permet au moine de parvenir au silence int\u00e9rieur dans la profondeur de son c\u0153ur, l\u00e0 o\u00f9 Dieu l\u2019attend discr\u00e8tement. Mais parvenir au silence int\u00e9rieur n\u2019est pas l\u2019\u0153uvre d\u2019un jour. Le chartreux combat contre ses pens\u00e9es, d\u00e9sirs, penchants mauvais, contre la recherche de l\u2019efficacit\u00e9 et contre tout ce qui le distrait de l\u2019essentiel. Le cadre de vie du chartreux est fait pour favoriser le \u00ab&nbsp;don des larmes&nbsp;\u00bb qui purifie l\u2019\u00e2me \u00e0 l&rsquo;image de la conversion continuelle. Dans sa cellule le moine doit \u00e9viter tout superflu, ne pas s\u2019encombrer pour parvenir \u00e0 la simplicit\u00e9 int\u00e9rieure et \u00e0 la d\u00e9sappropriation. Seul avec Dieu, il doit \u00e9carter tout ce qui l&#8217;emp\u00eache d\u2019\u00eatre enti\u00e8rement pr\u00e9sent \u00e0 Dieu. Sa vocation est l\u2019union \u00e0 Dieu.<\/p>\n\n\n<div class=\"wp-block-image\">\n<figure class=\"aligncenter size-large is-resized\"><img decoding=\"async\" width=\"680\" height=\"940\" src=\"https:\/\/chartreux.org\/moines\/wp-content\/uploads\/2021\/02\/0X4A6714.jpg\" alt=\"\" class=\"wp-image-1660\" style=\"width:419px;height:579px\" srcset=\"https:\/\/chartreux.org\/moines\/wp-content\/uploads\/2021\/02\/0X4A6714.jpg 680w, https:\/\/chartreux.org\/moines\/wp-content\/uploads\/2021\/02\/0X4A6714-217x300.jpg 217w\" sizes=\"(max-width: 680px) 100vw, 680px\" \/><\/figure>\n<\/div>\n\n\n<p><a href=\"#toc_container\" class=\"returnToTop\"> Retourner en haut ! \u2191 <\/a><\/p>\n","protected":false},"excerpt":{"rendered":"<p>1. Le d\u00e9sert 2. La cl\u00f4ture 3. La cellule \u00ab\u00a0Songez aux choses d&rsquo;en haut, non \u00e0 [&hellip;]<\/p>\n","protected":false},"author":1,"featured_media":0,"parent":0,"menu_order":0,"comment_status":"closed","ping_status":"closed","template":"template-full-width.php","meta":{"footnotes":""},"class_list":["post-111","page","type-page","status-publish","hentry"],"_links":{"self":[{"href":"https:\/\/chartreux.org\/moines\/wp-json\/wp\/v2\/pages\/111","targetHints":{"allow":["GET"]}}],"collection":[{"href":"https:\/\/chartreux.org\/moines\/wp-json\/wp\/v2\/pages"}],"about":[{"href":"https:\/\/chartreux.org\/moines\/wp-json\/wp\/v2\/types\/page"}],"author":[{"embeddable":true,"href":"https:\/\/chartreux.org\/moines\/wp-json\/wp\/v2\/users\/1"}],"replies":[{"embeddable":true,"href":"https:\/\/chartreux.org\/moines\/wp-json\/wp\/v2\/comments?post=111"}],"version-history":[{"count":2,"href":"https:\/\/chartreux.org\/moines\/wp-json\/wp\/v2\/pages\/111\/revisions"}],"predecessor-version":[{"id":7153,"href":"https:\/\/chartreux.org\/moines\/wp-json\/wp\/v2\/pages\/111\/revisions\/7153"}],"wp:attachment":[{"href":"https:\/\/chartreux.org\/moines\/wp-json\/wp\/v2\/media?parent=111"}],"curies":[{"name":"wp","href":"https:\/\/api.w.org\/{rel}","templated":true}]}}