{"id":1367,"date":"2021-08-27T21:02:04","date_gmt":"2021-08-27T19:02:04","guid":{"rendered":"https:\/\/chartreux.org\/moniales\/?page_id=1367"},"modified":"2021-11-24T19:37:56","modified_gmt":"2021-11-24T18:37:56","slug":"la-voie-cartusienne-es","status":"publish","type":"page","link":"https:\/\/chartreux.org\/moniales\/es\/la-voie-cartusienne-es\/","title":{"rendered":"La Senda Cartujana"},"content":{"rendered":"\n<div class=\"wp-block-columns is-layout-flex wp-container-core-columns-is-layout-9d6595d7 wp-block-columns-is-layout-flex\">\n<div class=\"wp-block-column is-layout-flow wp-block-column-is-layout-flow\">\n<div id=\"toc_container\">\n<ul class=\"toc_list\">\n   <li><a href=\"#A-la-louange-de-Dieu\">1. Para alabanza de Dios<\/a><\/li>\n   <li><a href=\"#Solitude\">2. Soledad<\/a><\/li>\n   <li><a href=\"#Communion-de-solitaires\">3. Comuni\u00f3n de solitarias<\/a><\/li>\n   <li><a href=\"#Au-c\u0153ur-de-l\u2019Eglise\">4. En el coraz\u00f3n de la Iglesia<\/a><\/li>   \n<\/ul>\n<\/div>\n<\/div>\n\n\n\n<div class=\"wp-block-column is-layout-flow wp-block-column-is-layout-flow\">\n<blockquote class=\"wp-block-quote is-layout-flow wp-block-quote-is-layout-flow\"><p><span class=\"has-inline-color has-black-color\"><em>En el retiro de los monasterios y en la soledad de las celdas, paciente y silenciosamente, los cartujos tejen el traje nupcial de la Iglesia.<\/em><br>(Juan Pablo II)<\/span><\/p><\/blockquote>\n<\/div>\n<\/div>\n\n\n\n<h3 class=\"wp-block-heading\" id=\"A-la-louange-de-Dieu\">1. Para alabanza de Dios<\/h3>\n\n\n\n<p>Cuando san Bruno deja Reims, sabe lo que busca, y el abandono de sus primeros compa\u00f1eros no le apartar\u00e1 de su proyecto. Junto con otros nuevos compa\u00f1eros llega a Grenoble, y all\u00ed se deja conducir al desierto de la Cartuja por san Hugo. Quien ha conocido el lugar en pleno invierno, no puede por menos que quedar  impresionado: el nombre de \u201cdesierto\u201d aplicado a la Cartuja no tiene nada de exagerado.<\/p>\n\n\n\n<p>\u00bfQu\u00e9 es lo que busca? Los Estatutos de la Orden siguen resumi\u00e9ndolo hoy en d\u00eda en una sola frase: \u201cPara alabanza de la gloria de Dios, Cristo, el Verbo del Padre, ha escogido desde siempre, por medio del Esp\u00edritu Santo, algunos hombres y mujeres para guiarlos a la soledad y un\u00edrselos en \u00edntimo amor\u201d. S\u00ed, desde siempre, los enamorados buscan encontrarse a solas&nbsp;; no busquemos en otro lado el sentido de la soledad en la Cartuja.<\/p>\n\n\n\n<p>Menos de un siglo m\u00e1s tarde, las monjas de Prebay\u00f3n, en la Provenza francesa, deciden abrazar la regla de vida de los monjes de Cartuja. Durante la jornada, en diversas ocasiones, los monjes cartujos y las monjas cartujas forman un solo cuerpo, cantan la alabanza de Dios. Por su participaci\u00f3n en el sacrificio eucar\u00edstico, por el Oficio divino y toda la liturgia, la familia cartujana est\u00e1 unida a Cristo, y al servicio de la adoraci\u00f3n de la Iglesia.<\/p>\n\n\n\n<figure class=\"wp-block-image size-large\"><img loading=\"lazy\" decoding=\"async\" width=\"1024\" height=\"512\" src=\"https:\/\/chartreux.org\/moniales\/wp-content\/uploads\/2020\/09\/a-IMG_9468rec-1024x512.jpg\" alt=\"\" class=\"wp-image-1128\" srcset=\"https:\/\/chartreux.org\/moniales\/wp-content\/uploads\/2020\/09\/a-IMG_9468rec-1024x512.jpg 1024w, https:\/\/chartreux.org\/moniales\/wp-content\/uploads\/2020\/09\/a-IMG_9468rec-300x150.jpg 300w, https:\/\/chartreux.org\/moniales\/wp-content\/uploads\/2020\/09\/a-IMG_9468rec-768x384.jpg 768w, https:\/\/chartreux.org\/moniales\/wp-content\/uploads\/2020\/09\/a-IMG_9468rec-1536x768.jpg 1536w, https:\/\/chartreux.org\/moniales\/wp-content\/uploads\/2020\/09\/a-IMG_9468rec.jpg 1600w\" sizes=\"auto, (max-width: 1024px) 100vw, 1024px\" \/><\/figure>\n\n\n\n<h3 class=\"wp-block-heading\" id=\"Solitude\">2. Soledad<\/h3>\n\n\n\n<p><em>\u00ab&nbsp;Sal de tu tierra nativa y de la casa de tu padre, y ve&nbsp;!&nbsp;\u00bb<\/em> (Gn 12, 1). Esta llamada de Dios a Abraham para hacerle depositario de una bendici\u00f3n se ha repetido muchas veces a lo largo de la historia sagrada. Es la llamada lanzada a Mois\u00e9s y a los hebreos a penetrar en el desierto, posteriormente dirigida tambi\u00e9n a los profetas. La misma llamada ha seguido resonando a lo largo de los siglos y hasta nuestros d\u00edas, y algunos hombres y mujeres han dejado todo para pertenecer s\u00f3lo a Dios.<\/p>\n\n\n\n<p>Nuestra vida de monjas cartujas es una vida contemplativa caracterizada por la soledad. Todo nuestro deseo es responder a la llamada de Dios, devolvi\u00e9ndole amor por Amor. Nuestros monasterios, alejados de lugares habitados, son \u00ab&nbsp;desiertos&nbsp;\u00bb para favorecer nuestro encuentro con Dios. En efecto, nuestro principal empe\u00f1o y nuestra vocaci\u00f3n son encontrar a Dios en el silencio y la soledad&nbsp;; <em>\u00ab En ella <\/em>(escribe san Bruno)<em>, Dios y su siervo conversan con frecuencia como amigos \u00bb.<\/em><\/p>\n\n\n\n<p>&nbsp;&nbsp;&nbsp;&nbsp;Dios hace al profeta Oseas la mejor de sus promesas&nbsp;: <em>\u00ab&nbsp;Voy a seducirla, llev\u00e1ndomela al desierto y habl\u00e1ndole al coraz\u00f3n&nbsp;\u00bb <\/em>(Os 2,16).&nbsp; Jes\u00fas es empujado por el Esp\u00edritu al desierto (Mc 1&nbsp;,12) y permanece all\u00ed, a solas, con su Padre. Jes\u00fas nos invita tambi\u00e9n a nosotras a entrar en la soledad para encontrar a su Padre&nbsp;<em>: \u00ab&nbsp;T\u00fa, cuando quieras rezar, entra en tu cuarto, cierra la puerta y reza a tu Padre, que est\u00e1 en lo escondido&nbsp;; tu Padre, que ve en lo escondido, te lo pagar\u00e1&nbsp;\u00bb<\/em> (Mt 6,6).<\/p>\n\n\n\n<p>Como lo ha hecho con Jes\u00fas, el Esp\u00edritu contin\u00faa empujando algunos hombres y mujeres al desierto. Los primeros monjes y las primeras monjas se han retirado a los desiertos de Egipto, y all\u00ed ha nacido la vida consagrada. A veces, Dios pide esta ruptura con nuestros v\u00ednculos naturales, pero a cambio ofrece una tierra nueva: ser llamado al desierto significa elegir caminar con el Se\u00f1or, sin saber d\u00f3nde nos conducir\u00e1. Es un modo de vida que permite una apertura particular a las cosas divinas, es permanecer junto a la Fuente. \u00ab&nbsp;Cu\u00e1nta utilidad y gozo divinos aportan la soledad y el silencio del desierto a sus enamorados, s\u00f3lo lo saben quienes lo han saboreado &nbsp;\u00bb (Carta de san Bruno a Ra\u00fal). Pero al mismo tiempo, es el lugar de la prueba y la purificaci\u00f3n que nos hacen capaces de ejercer mejor nuestra misi\u00f3n de alabanza, intercesi\u00f3n y representaci\u00f3n en la Iglesia.<\/p>\n\n\n\n<figure class=\"wp-block-image size-large\"><img loading=\"lazy\" decoding=\"async\" width=\"1024\" height=\"514\" src=\"https:\/\/chartreux.org\/moniales\/wp-content\/uploads\/2020\/09\/DSC04688nn-1024x514.jpg\" alt=\"\" class=\"wp-image-1106\" srcset=\"https:\/\/chartreux.org\/moniales\/wp-content\/uploads\/2020\/09\/DSC04688nn-1024x514.jpg 1024w, https:\/\/chartreux.org\/moniales\/wp-content\/uploads\/2020\/09\/DSC04688nn-300x150.jpg 300w, https:\/\/chartreux.org\/moniales\/wp-content\/uploads\/2020\/09\/DSC04688nn-768x385.jpg 768w, https:\/\/chartreux.org\/moniales\/wp-content\/uploads\/2020\/09\/DSC04688nn-1536x770.jpg 1536w, https:\/\/chartreux.org\/moniales\/wp-content\/uploads\/2020\/09\/DSC04688nn.jpg 2042w\" sizes=\"auto, (max-width: 1024px) 100vw, 1024px\" \/><\/figure>\n\n\n\n<p><a href=\"#toc_container\" class=\"returnToTop\"> Volver arriba! \u2191 <\/a><\/p>\n\n\n\n<h3 class=\"wp-block-heading\" id=\"Communion-de-solitaires\">3. Comuni\u00f3n de solitarias<\/h3>\n\n\n\n<p>Cuando Jes\u00fas se retiraba a un lugar des\u00e9rtico para rezar, segu\u00eda estando en comuni\u00f3n con sus disc\u00edpulos. San Bruno fue al \u00ab&nbsp;desierto&nbsp;\u00bb de la Cartuja  para vivir con Dios, pero lo hizo junto con seis compa\u00f1eros que hab\u00edan recibido la misma llamada que \u00e9l. Juntos construyeron los eremitorios, juntos se entregaban a la alabanza de Dios en su peque\u00f1a iglesia. En su eremitorio cada monje rezaba, le\u00eda trabajaba, com\u00eda, dorm\u00eda, pero su soledad no le alejaba de sus hermanos, que hac\u00edan lo mismo que \u00e9l en el mismo momento. La comuni\u00f3n entre los hermanos era intensa, como se puede ver en la carta de san Bruno a sus hermanos de la Gran Cartuja. Esta uni\u00f3n se enraizaba en Dios Amor, Padre, Hijo y Esp\u00edritu Santo, presente en todos y cada uno de ellos.<\/p>\n\n\n\n<p>&nbsp;&nbsp;&nbsp;&nbsp;Los cartujos y cartujas de hoy en d\u00eda aspiran a la misma armon\u00eda entre vida solitaria y comunitaria que sus predecesores. Ser\u00e1n una comuni\u00f3n de solitarios si se dejan invadir por el amor de Cristo. Gracias a su amor  le amar\u00e1n a \u00c9l y a sus hermanos, indisolublemente. La vida solitaria en las celdas o en las obediencias, aviva y alimenta en nuestros corazones el fuego del amor divino, que nos hace miembros los unos de los otros.<\/p>\n\n\n\n<p>Encontramos un s\u00edmbolo de esta comuni\u00f3n de solitarios en el plano de una cartuja: cada eremitorio o \u00ab&nbsp;celda&nbsp;\u00bb se compone de una peque\u00f1a casa y un jard\u00edn; esta \u00ab&nbsp;celda&nbsp;\u00bb se abre a un claustro que conduce a los lugares comunitarios, iglesia, cap\u00edtulo, refectorio, biblioteca.<\/p>\n\n\n\n<p>&nbsp;&nbsp;&nbsp;&nbsp;La vida de comuni\u00f3n se concretiza en la liturgia cotidiana, pero los domingos y los d\u00edas de fiesta, la manifestamos a\u00fan m\u00e1s: el domingo comemos juntas a mediod\u00eda en el refectorio y por la tarde tenemos un encuentro fraterno. Tercia, Sexta y Nona se cantan tambi\u00e9n en la iglesia. Gracias a estos encuentros se concede mayor espacio al consuelo que aporta la vida de familia.<\/p>\n\n\n\n<figure class=\"wp-block-image size-large\"><img loading=\"lazy\" decoding=\"async\" width=\"1024\" height=\"512\" src=\"https:\/\/chartreux.org\/moniales\/wp-content\/uploads\/2020\/09\/a-IMG_3974nn-1024x512.jpg\" alt=\"\" class=\"wp-image-1107\" srcset=\"https:\/\/chartreux.org\/moniales\/wp-content\/uploads\/2020\/09\/a-IMG_3974nn-1024x512.jpg 1024w, https:\/\/chartreux.org\/moniales\/wp-content\/uploads\/2020\/09\/a-IMG_3974nn-300x150.jpg 300w, https:\/\/chartreux.org\/moniales\/wp-content\/uploads\/2020\/09\/a-IMG_3974nn-768x384.jpg 768w, https:\/\/chartreux.org\/moniales\/wp-content\/uploads\/2020\/09\/a-IMG_3974nn-1536x768.jpg 1536w, https:\/\/chartreux.org\/moniales\/wp-content\/uploads\/2020\/09\/a-IMG_3974nn.jpg 1600w\" sizes=\"auto, (max-width: 1024px) 100vw, 1024px\" \/><\/figure>\n\n\n\n<figure class=\"wp-block-image size-large\"><img loading=\"lazy\" decoding=\"async\" width=\"1024\" height=\"512\" src=\"https:\/\/chartreux.org\/moniales\/wp-content\/uploads\/2020\/09\/a-IMG_7108nn-1024x512.jpg\" alt=\"\" class=\"wp-image-1108\" srcset=\"https:\/\/chartreux.org\/moniales\/wp-content\/uploads\/2020\/09\/a-IMG_7108nn-1024x512.jpg 1024w, https:\/\/chartreux.org\/moniales\/wp-content\/uploads\/2020\/09\/a-IMG_7108nn-300x150.jpg 300w, https:\/\/chartreux.org\/moniales\/wp-content\/uploads\/2020\/09\/a-IMG_7108nn-768x384.jpg 768w, https:\/\/chartreux.org\/moniales\/wp-content\/uploads\/2020\/09\/a-IMG_7108nn-1536x768.jpg 1536w, https:\/\/chartreux.org\/moniales\/wp-content\/uploads\/2020\/09\/a-IMG_7108nn.jpg 1600w\" sizes=\"auto, (max-width: 1024px) 100vw, 1024px\" \/><\/figure>\n\n\n\n<p> Este coloquio semanal nos une: es un encuentro de amistad donde nos comunicamos en profundidad a partir de la Palabra del Se\u00f1or, a la luz de la cual intentamos despu\u00e9s orientar nuestra vida.<\/p>\n\n\n\n<p>Adem\u00e1s, una vez a la semana, tenemos otro encuentro fraterno en el curso de un paseo llamado espaciamiento, que dura unas tres horas. Cada una puede encontrarse alternativamente con las dem\u00e1s, lo que favorece la uni\u00f3n de las almas y su expansi\u00f3n, alimenta el afecto mutuo, asegura un buen ejercicio f\u00edsico y nos ayuda a vivir en la soledad.<\/p>\n\n\n\n<figure class=\"wp-block-image size-large\"><img loading=\"lazy\" decoding=\"async\" width=\"1024\" height=\"512\" src=\"https:\/\/chartreux.org\/moniales\/wp-content\/uploads\/2020\/09\/DSC03809nn-1024x512.jpg\" alt=\"\" class=\"wp-image-1109\" srcset=\"https:\/\/chartreux.org\/moniales\/wp-content\/uploads\/2020\/09\/DSC03809nn-1024x512.jpg 1024w, https:\/\/chartreux.org\/moniales\/wp-content\/uploads\/2020\/09\/DSC03809nn-300x150.jpg 300w, https:\/\/chartreux.org\/moniales\/wp-content\/uploads\/2020\/09\/DSC03809nn-768x384.jpg 768w, https:\/\/chartreux.org\/moniales\/wp-content\/uploads\/2020\/09\/DSC03809nn-1536x768.jpg 1536w, https:\/\/chartreux.org\/moniales\/wp-content\/uploads\/2020\/09\/DSC03809nn.jpg 2048w\" sizes=\"auto, (max-width: 1024px) 100vw, 1024px\" \/><\/figure>\n\n\n\n<p>A poca distancia del monasterio, en un eremitorio propio, habitan uno o dos monjes cartujos que comparten nuestra vida lit\u00fargica y se encargan de celebrar la Eucarist\u00eda y los otros sacramentos.<\/p>\n\n\n\n<h3 class=\"wp-block-heading\" id=\"Au-c\u0153ur-de-l\u2019Eglise\">4. En el coraz\u00f3n de la Iglesia.<\/h3>\n\n\n\n<p>Nuestra comuni\u00f3n no se establece s\u00f3lo entre los miembros de una misma cartuja, ni entre todos los hijos e hijas de san Bruno. Se extiende a toda la Iglesia visible e invisible. Elegir la vida solitaria no nos hace desertar de la familia humana. La uni\u00f3n con Dios, si es verdadera, no nos encierra en nosotras mismas sino, muy al contrario, abre nuestro esp\u00edritu y dilata nuestro coraz\u00f3n hasta abarcar el mundo entero y el misterio de la Redenci\u00f3n de Cristo.<\/p>\n\n\n\n<p>Separadas de todos, estamos unidas a todos y as\u00ed, en nombre de todos, permanecemos en presencia del Dios vivo. La oraci\u00f3n solitaria es la parte que Dios y la Iglesia nos han confiado, nuestra cooperaci\u00f3n a la obra incesante de Cristo: <em>\u00ab Mi Padre sigue actuando y yo tambi\u00e9n act\u00fao \u00bb<\/em> (Jn 5,17).&nbsp; La monja cartuja, al mismo tiempo que permanece fiel a la llamada recibida de Dios, da tambi\u00e9n su vida por sus hermanos en el mundo, ya que la oraci\u00f3n de cada uno pertenece a todos, y la de todos es tambi\u00e9n de cada uno, tanto en el cielo como en la tierra. El Esp\u00edritu Santo suscita la oraci\u00f3n de Cristo en nosotras por la fe y el amor. Puesto que somos miembros de su cuerpo, nuestra oraci\u00f3n es suya, nuestro silencio anuncia su buena noticia y nuestra vigilancia, su venida.<\/p>\n\n\n\n<p>En el coraz\u00f3n de la Iglesia las monjas cartujas est\u00e1n llamadas por Dios a <em>\u00ab&nbsp;vivir en comuni\u00f3n con su Hijo, Jesucristo&nbsp;\u00bb<\/em> (1Co 1,9), imitando su vida oculta en Nazaret y rezando junto con \u00c9l en la monta\u00f1a. Estar orientadas \u00fanicamente hacia Aquel que es, dilata el coraz\u00f3n y lo hace capaz de presentar ante Dios las aspiraciones y los sufrimientos del mundo. Pero lo que la vida cartujana testimonia ante todo es el amor de Dios, que su amor es suficiente para colmar una vida, que \u00c9l debe ser amado gratuitamente, como \u00c9l mismo nos ha amado, simplemente porque \u00c9l lo merece, para alabanza de su gloria.<\/p>\n\n\n\n<div class=\"wp-block-image\"><figure class=\"aligncenter size-large\"><img loading=\"lazy\" decoding=\"async\" width=\"1024\" height=\"683\" src=\"https:\/\/chartreux.org\/moniales\/wp-content\/uploads\/2020\/09\/a-IMG_5047-1024x683.jpg\" alt=\"\" class=\"wp-image-1126\" srcset=\"https:\/\/chartreux.org\/moniales\/wp-content\/uploads\/2020\/09\/a-IMG_5047-1024x683.jpg 1024w, https:\/\/chartreux.org\/moniales\/wp-content\/uploads\/2020\/09\/a-IMG_5047-300x200.jpg 300w, https:\/\/chartreux.org\/moniales\/wp-content\/uploads\/2020\/09\/a-IMG_5047-768x512.jpg 768w, https:\/\/chartreux.org\/moniales\/wp-content\/uploads\/2020\/09\/a-IMG_5047-1536x1024.jpg 1536w, https:\/\/chartreux.org\/moniales\/wp-content\/uploads\/2020\/09\/a-IMG_5047.jpg 1600w\" sizes=\"auto, (max-width: 1024px) 100vw, 1024px\" \/><\/figure><\/div>\n\n\n\n<p><a href=\"#toc_container\" class=\"returnToTop\"> Volver arriba! \u2191 <\/a><\/p>\n","protected":false},"excerpt":{"rendered":"<p>1. Para alabanza de Dios 2. Soledad 3. Comuni\u00f3n de solitarias 4. En el coraz\u00f3n de [&hellip;]<\/p>\n","protected":false},"author":1,"featured_media":0,"parent":0,"menu_order":0,"comment_status":"closed","ping_status":"closed","template":"","meta":{"footnotes":""},"class_list":["post-1367","page","type-page","status-publish","hentry"],"_links":{"self":[{"href":"https:\/\/chartreux.org\/moniales\/wp-json\/wp\/v2\/pages\/1367","targetHints":{"allow":["GET"]}}],"collection":[{"href":"https:\/\/chartreux.org\/moniales\/wp-json\/wp\/v2\/pages"}],"about":[{"href":"https:\/\/chartreux.org\/moniales\/wp-json\/wp\/v2\/types\/page"}],"author":[{"embeddable":true,"href":"https:\/\/chartreux.org\/moniales\/wp-json\/wp\/v2\/users\/1"}],"replies":[{"embeddable":true,"href":"https:\/\/chartreux.org\/moniales\/wp-json\/wp\/v2\/comments?post=1367"}],"version-history":[{"count":13,"href":"https:\/\/chartreux.org\/moniales\/wp-json\/wp\/v2\/pages\/1367\/revisions"}],"predecessor-version":[{"id":3401,"href":"https:\/\/chartreux.org\/moniales\/wp-json\/wp\/v2\/pages\/1367\/revisions\/3401"}],"wp:attachment":[{"href":"https:\/\/chartreux.org\/moniales\/wp-json\/wp\/v2\/media?parent=1367"}],"curies":[{"name":"wp","href":"https:\/\/api.w.org\/{rel}","templated":true}]}}