{"id":2911,"date":"2021-05-04T03:19:50","date_gmt":"2021-05-04T01:19:50","guid":{"rendered":"https:\/\/chartreux.org\/moines\/?page_id=2911"},"modified":"2024-09-11T11:11:22","modified_gmt":"2024-09-11T09:11:22","slug":"el-marco-de-vida","status":"publish","type":"page","link":"https:\/\/chartreux.org\/moines\/es\/el-marco-de-vida\/","title":{"rendered":"El marco de vida"},"content":{"rendered":"\n<div class=\"wp-block-columns is-layout-flex wp-container-core-columns-is-layout-9d6595d7 wp-block-columns-is-layout-flex\">\n<div class=\"wp-block-column is-layout-flow wp-block-column-is-layout-flow\">\n<p><\/p>\n<div id=\"toc_container\">\n<ul class=\"toc_list\">\n  <li><a href=\"#1\">1. El desierto<\/a><\/li>\n  <li><a href=\"#2\">2. La clausura<\/a><\/li>\n  <li><a href=\"#3\">3. La celda<\/a><\/li>\n<\/ul>\n<\/div>\n<\/div>\n\n\n\n<div class=\"wp-block-column is-layout-flow wp-block-column-is-layout-flow\" style=\"flex-basis:65.2%\">\n<blockquote class=\"wp-block-quote is-layout-flow wp-block-quote-is-layout-flow\">\n<p><em><strong>\u00abAspirad a las cosas de arriba, no a las de la tierra. Porque hab\u00e9is muerto, y vuestra vida est\u00e1 escondida con Cristo en Dios\u00bb.<\/strong><\/em><br><strong>(Colosenses 3, 2-3)<\/strong><\/p>\n<\/blockquote>\n\n\n\n<p><\/p>\n<\/div>\n<\/div>\n\n\n\n<h3 class=\"wp-block-heading\" id=\"1\">1. El desierto<\/h3>\n\n\n\n<p>El proyecto de Bruno y sus compa\u00f1eros era revivir la espiritualidad del desierto: dejarlo todo para vivir s\u00f3lo para Dios en la soledad. Deseaban la soledad como medio, dado que favorece la oraci\u00f3n, el encuentro a solas con Dios, la pobreza de esp\u00edritu, la autenticidad, la humildad. Los eremitas cartujos viven todav\u00eda en \u00abdesiertos\u00bb a imagen de aquel de los or\u00edgenes, donde contin\u00faan su vida de oraci\u00f3n y de trabajo.<\/p>\n\n\n\n<p>La soledad del cartujo est\u00e1 asegurada y protegida por tres c\u00edrculos conc\u00e9ntricos: el desierto, la clausura y la celda. Son como baluartes progresivos que conducen al \u00absanto de los santos\u00bb, donde el monje reza en secreto: <em>\u00abCuando vayas a orar, entra en tu habitaci\u00f3n, cierra la puerta y ora a tu Padre que est\u00e1 en lo secreto; tu Padre que ve en lo secreto te recompensar\u00e1\u00bb<\/em> (Mt 6, 6).<\/p>\n\n\n\n<p>Nuestros monasterios se construyen normalmente en lugares alejados de toda habitaci\u00f3n, del ruido de las carreteras, en un entorno natural. Llamamos \u00abdesierto\u00bb al territorio bastante amplio que rodea el monasterio, cuyos l\u00edmites est\u00e1n bien definidos.  No podemos salir de los l\u00edmites del desierto salvo permiso especial. Los paseos semanales pueden ir m\u00e1s all\u00e1 de este desierto, pero no de los l\u00edmites determinados por el Cap\u00edtulo General para cada casa. <\/p>\n\n\n\n<div class=\"wp-block-columns is-layout-flex wp-container-core-columns-is-layout-9d6595d7 wp-block-columns-is-layout-flex\">\n<div class=\"wp-block-column is-layout-flow wp-block-column-is-layout-flow\">\n<figure class=\"wp-block-image size-large\"><img decoding=\"async\" width=\"1024\" height=\"768\" src=\"https:\/\/chartreux.org\/moines\/wp-content\/uploads\/2021\/02\/PA220026-1024x768.jpg\" alt=\"\" class=\"wp-image-1658\" srcset=\"https:\/\/chartreux.org\/moines\/wp-content\/uploads\/2021\/02\/PA220026-1024x768.jpg 1024w, https:\/\/chartreux.org\/moines\/wp-content\/uploads\/2021\/02\/PA220026-300x225.jpg 300w, https:\/\/chartreux.org\/moines\/wp-content\/uploads\/2021\/02\/PA220026-768x576.jpg 768w, https:\/\/chartreux.org\/moines\/wp-content\/uploads\/2021\/02\/PA220026-1536x1152.jpg 1536w, https:\/\/chartreux.org\/moines\/wp-content\/uploads\/2021\/02\/PA220026.jpg 1600w\" sizes=\"(max-width: 1024px) 100vw, 1024px\" \/><figcaption class=\"wp-element-caption\"> <\/figcaption><\/figure>\n<\/div>\n\n\n\n<div class=\"wp-block-column is-layout-flow wp-block-column-is-layout-flow\">\n<figure class=\"wp-block-image size-large\"><img decoding=\"async\" width=\"940\" height=\"705\" src=\"https:\/\/chartreux.org\/moines\/wp-content\/uploads\/2021\/02\/Valsainte-spaciement-2.jpg\" alt=\"\" class=\"wp-image-1656\" srcset=\"https:\/\/chartreux.org\/moines\/wp-content\/uploads\/2021\/02\/Valsainte-spaciement-2.jpg 940w, https:\/\/chartreux.org\/moines\/wp-content\/uploads\/2021\/02\/Valsainte-spaciement-2-300x225.jpg 300w, https:\/\/chartreux.org\/moines\/wp-content\/uploads\/2021\/02\/Valsainte-spaciement-2-768x576.jpg 768w\" sizes=\"(max-width: 940px) 100vw, 940px\" \/><\/figure>\n\n\n\n<p><\/p>\n<\/div>\n<\/div>\n\n\n\n<h3 class=\"wp-block-heading\" id=\"2\">2. La clausura<\/h3>\n\n\n\n<p>Cada cartuja est\u00e1 rodeada por un muro de clausura, de manera que el monasterio se convierte en un recinto abierto hacia el cielo para comunicar mejor con Dios. La vida entera del monje transcurre dentro de ese per\u00edmetro, en el cual todo est\u00e1 dispuesto para que el monje no tenga necesidad de salir.<\/p>\n\n\n\n<p>El g\u00e9nero de vida de los cartujos, es decir, una vida solitaria atemperada por una parte de vida comunitaria, se refleja en su propio h\u00e1bitat, en lo que se puede ver desde el exterior, es decir, los edificios. Las primeras ermitas de los cartujos, agrupadas cerca de una fuente, se asemejaban a las chozas de los le\u00f1adores: simples y s\u00f3lidas, primeros esbozos de lo que ser\u00edan las celdas cartujanas. Desde el inicio, esas ermitas se diferenciaban bien unas de otras, y estaban unidas por una galer\u00eda cubierta que conduc\u00eda a la iglesia (\u00fanica construcci\u00f3n de piedra). Eran la prefiguraci\u00f3n del modelo t\u00edpico cartujano de organizaci\u00f3n del espacio mon\u00e1stico. En cada monasterio cartujo se encuentran, pues, tres grandes partes:<\/p>\n\n\n<div class=\"wp-block-image\">\n<figure class=\"alignright size-large is-resized\"><img decoding=\"async\" width=\"453\" height=\"722\" src=\"https:\/\/chartreux.org\/moines\/wp-content\/uploads\/2021\/05\/PSdrone13ebon.jpg\" alt=\"\" class=\"wp-image-3430\" style=\"width:288px;height:459px\" srcset=\"https:\/\/chartreux.org\/moines\/wp-content\/uploads\/2021\/05\/PSdrone13ebon.jpg 453w, https:\/\/chartreux.org\/moines\/wp-content\/uploads\/2021\/05\/PSdrone13ebon-188x300.jpg 188w\" sizes=\"(max-width: 453px) 100vw, 453px\" \/><\/figure>\n<\/div>\n\n\n<p><strong>A.<\/strong> <strong>El gran claustro<\/strong><br>El gran claustro agrupa todas las celdas individuales donde los Padres \u2013o las monjas de coro- llevan su vida solitaria. A veces se encuentra un segundo claustro para los hermanos conversos \u2013o las hermanas conversas\u2013 (Por ejemplo las cartujas de San Jos\u00e9, de monjes, o la de la Trinidad, de monjas). <\/p>\n\n\n\n<p><strong>B.<\/strong> <strong>Los lugares comunitarios<\/strong><br>Luego est\u00e1 el claustrillo, alrededor del cual se encuentran los lugares de la vida com\u00fan: principalmente la iglesia, el cap\u00edtulo y el refectorio. En esta parte del monasterio se encuentran tambi\u00e9n algunos lugares de trabajo relacionados con esas dependencias: cocina, despensa, sacrist\u00eda, etc. Las capillas individuales se encuentran a menudo en esta parte del monasterio.<\/p>\n\n\n\n<p><strong>C.<\/strong> <strong>Los talleres u obediencias<\/strong><br>Los lugares de trabajo de los hermanos son llamados \u00abobediencias\u00bb. Los talleres m\u00e1s ruidosos (carpinter\u00eda, forja, granja, etc.) se encuentran un poco alejados del resto del monasterio para no perturbar el silencio. Los hermanos disponen de todo el material necesario para llevar a cabo su tarea.<\/p>\n\n\n\n<p>Hay \u2018casas grandes\u2019, como la Gran Cartuja (con m\u00e1s de 30 celdas, cuya construcci\u00f3n actual data del siglo XVII) o la Cartuja de Parkminster (en Inglaterra); y \u2018casas peque\u00f1as\u2019, como la Cartuja de Portes (en el departamento de Ain) o la Cartuja de Montrieux (en Provenza) que han conservado el aspecto de una cartuja primitiva, con sus 12 celdas de monjes de claustro agrupadas alrededor del cementerio.<\/p>\n\n\n<div class=\"wp-block-image\">\n<figure class=\"aligncenter size-large is-resized\"><img decoding=\"async\" width=\"980\" height=\"653\" src=\"https:\/\/chartreux.org\/moines\/wp-content\/uploads\/2021\/02\/GCGrand_cloitre.jpg\" alt=\"\" class=\"wp-image-1654\" style=\"width:532px;height:354px\" srcset=\"https:\/\/chartreux.org\/moines\/wp-content\/uploads\/2021\/02\/GCGrand_cloitre.jpg 980w, https:\/\/chartreux.org\/moines\/wp-content\/uploads\/2021\/02\/GCGrand_cloitre-300x200.jpg 300w, https:\/\/chartreux.org\/moines\/wp-content\/uploads\/2021\/02\/GCGrand_cloitre-768x512.jpg 768w\" sizes=\"(max-width: 980px) 100vw, 980px\" \/><figcaption class=\"wp-element-caption\"> <\/figcaption><\/figure>\n<\/div>\n\n\n<p><a href=\"#toc_container\" class=\"returnToTop\"> Volver arriba! \u2191 <\/a><\/p>\n\n\n\n<p>Para el monje cartujo su casa particular es el lugar de arraigo de su vida interior; la raz\u00f3n por la cual ha hecho voto de estabilidad. <em>\u00abPor la profesi\u00f3n, el monje toma lugar en la comunidad como en la familia que Dios le ha dado; en la que tiene que estabilizarse en cuerpo y alma\u00bb<\/em> (Estatutos 30.1). Para el monje esta estabilidad es el signo de su perfecta oblaci\u00f3n a Dios, porque se compromete a perseverar durante toda su vida en su prop\u00f3sito, en ese lugar preciso. En efecto, <em>\u00abla paciencia y la perseverancia en las condiciones de vida que el Se\u00f1or nos ha se\u00f1alado favorecen en gran medida la contemplaci\u00f3n de los divinos misterios, porque es imposible que el hombre centre su atenci\u00f3n en un mismo objeto si no ha fijado previamente su cuerpo con perseverancia en un lugar determinado\u00bb<\/em> (Estatutos 30.8).<\/p>\n\n\n<div class=\"wp-block-image\">\n<figure class=\"aligncenter size-large is-resized\"><img decoding=\"async\" width=\"1024\" height=\"576\" src=\"https:\/\/chartreux.org\/moines\/wp-content\/uploads\/2021\/02\/P32-1024x576.jpg\" alt=\"\" class=\"wp-image-1653\" style=\"width:534px;height:300px\" srcset=\"https:\/\/chartreux.org\/moines\/wp-content\/uploads\/2021\/02\/P32-1024x576.jpg 1024w, https:\/\/chartreux.org\/moines\/wp-content\/uploads\/2021\/02\/P32-300x169.jpg 300w, https:\/\/chartreux.org\/moines\/wp-content\/uploads\/2021\/02\/P32-768x432.jpg 768w, https:\/\/chartreux.org\/moines\/wp-content\/uploads\/2021\/02\/P32-1536x864.jpg 1536w, https:\/\/chartreux.org\/moines\/wp-content\/uploads\/2021\/02\/P32.jpg 1920w\" sizes=\"(max-width: 1024px) 100vw, 1024px\" \/><\/figure>\n<\/div>\n\n\n<h3 class=\"wp-block-heading\" id=\"3\">3. La celda<\/h3>\n\n\n\n<p>La celda es un desierto dentro del desierto. Es el santuario personal donde el monje vive su relaci\u00f3n con el Se\u00f1or de manera particular. Cada monje de claustro pasa la mayor parte de su vida en una \u00abcelda\u00bb, pero esta palabra no debe inducir a error, porque en realidad es una peque\u00f1a ermita o casita, con su habitaci\u00f3n, un taller y un jard\u00edn. En este eremitorio, la ausencia de ruidos del mundo exterior invita a la interioridad y a la soledad, a la escucha de la Palabra de Dios. Es el marco habitual de sus ocupaciones diarias: all\u00ed el monje reza, trabaja, come, duerme. S\u00f3lo sale para las actividades comunes previstas por la regla: la oraci\u00f3n lit\u00fargica en la iglesia, la recreaci\u00f3n y el paseo semanales.<\/p>\n\n\n<div class=\"wp-block-image\">\n<figure class=\"aligncenter size-large\"><img decoding=\"async\" width=\"1024\" height=\"485\" src=\"https:\/\/chartreux.org\/moines\/wp-content\/uploads\/2021\/02\/lectio-divina.jpg\" alt=\"\" class=\"wp-image-1725\" srcset=\"https:\/\/chartreux.org\/moines\/wp-content\/uploads\/2021\/02\/lectio-divina.jpg 1024w, https:\/\/chartreux.org\/moines\/wp-content\/uploads\/2021\/02\/lectio-divina-300x142.jpg 300w, https:\/\/chartreux.org\/moines\/wp-content\/uploads\/2021\/02\/lectio-divina-768x364.jpg 768w\" sizes=\"(max-width: 1024px) 100vw, 1024px\" \/><\/figure>\n<\/div>\n\n\n<div class=\"wp-block-columns is-layout-flex wp-container-core-columns-is-layout-9d6595d7 wp-block-columns-is-layout-flex\">\n<div class=\"wp-block-column is-layout-flow wp-block-column-is-layout-flow\">\n<figure class=\"wp-block-image size-large\"><img decoding=\"async\" width=\"683\" height=\"1024\" src=\"https:\/\/chartreux.org\/moines\/wp-content\/uploads\/2021\/02\/avemaria_novicio_c.jpg\" alt=\"\" class=\"wp-image-1735\" srcset=\"https:\/\/chartreux.org\/moines\/wp-content\/uploads\/2021\/02\/avemaria_novicio_c.jpg 683w, https:\/\/chartreux.org\/moines\/wp-content\/uploads\/2021\/02\/avemaria_novicio_c-200x300.jpg 200w\" sizes=\"(max-width: 683px) 100vw, 683px\" \/><\/figure>\n<\/div>\n\n\n\n<div class=\"wp-block-column is-layout-flow wp-block-column-is-layout-flow\">\n<figure class=\"wp-block-image size-large\"><img decoding=\"async\" width=\"627\" height=\"940\" src=\"https:\/\/chartreux.org\/moines\/wp-content\/uploads\/2021\/02\/0X4A7038.jpg\" alt=\"\" class=\"wp-image-1662\" srcset=\"https:\/\/chartreux.org\/moines\/wp-content\/uploads\/2021\/02\/0X4A7038.jpg 627w, https:\/\/chartreux.org\/moines\/wp-content\/uploads\/2021\/02\/0X4A7038-200x300.jpg 200w\" sizes=\"(max-width: 627px) 100vw, 627px\" \/><\/figure>\n<\/div>\n\n\n\n<div class=\"wp-block-column is-layout-flow wp-block-column-is-layout-flow\">\n<figure class=\"wp-block-image size-large\"><img decoding=\"async\" width=\"627\" height=\"940\" src=\"https:\/\/chartreux.org\/moines\/wp-content\/uploads\/2021\/02\/0X4A7210.jpg\" alt=\"\" class=\"wp-image-1661\" srcset=\"https:\/\/chartreux.org\/moines\/wp-content\/uploads\/2021\/02\/0X4A7210.jpg 627w, https:\/\/chartreux.org\/moines\/wp-content\/uploads\/2021\/02\/0X4A7210-200x300.jpg 200w\" sizes=\"(max-width: 627px) 100vw, 627px\" \/><\/figure>\n<\/div>\n<\/div>\n\n\n\n<p>En su celda, el monje debe encontrar su equilibrio, y para lograrlo puede realizar diferentes trabajos manuales, seg\u00fan sus capacidades e intereses. Puede aprender encuadernaci\u00f3n, tornear madera, nociones b\u00e1sicas de carpinter\u00eda, etc. Pero debe permanecer disponible para los trabajos \u00fatiles al bien com\u00fan que se le puedan pedir.<\/p>\n\n\n\n<p>Los hermanos conversos tambi\u00e9n tienen una celda, pero m\u00e1s peque\u00f1a y a menudo sin jard\u00edn ni taller, porque trabajan fuera de ella, en el monasterio.<\/p>\n\n\n\n<p class=\"has-text-align-center\">*<\/p>\n\n\n\n<p>Esta triple protecci\u00f3n del desierto, de la clausura y de la celda preserva al monje de los ruidos que disipan de la vida interior. Permite al monje alcanzar el silencio interior, para entrar profundamente en su coraz\u00f3n, donde Dios lo espera discretamente. Pero entrar en el silencio interior no es obra de un d\u00eda. El cartujo lucha contra sus pensamientos, contra sus deseos,  contra sus malas inclinaciones, contra la b\u00fasqueda de la eficacia, y contra todo lo que lo distrae de lo esencial. El marco de vida del cartujo est\u00e1 concebido para favorecer el \u00abdon de l\u00e1grimas\u00bb o purificaci\u00f3n del alma, imagen de la conversi\u00f3n continua. El monje debe rechazar de su celda todo lo superfluo, no sobrecargarse, para llegar a la sencillez interior, a la desapropiaci\u00f3n. Solo con Dios, debe hacer de lado todo lo que le impide estar totalmente presente en Dios, porque la vocaci\u00f3n del cartujo es la uni\u00f3n con Dios.<\/p>\n\n\n<div class=\"wp-block-image\">\n<figure class=\"aligncenter size-large is-resized\"><img decoding=\"async\" width=\"680\" height=\"940\" src=\"https:\/\/chartreux.org\/moines\/wp-content\/uploads\/2021\/02\/0X4A6714.jpg\" alt=\"\" class=\"wp-image-1660\" style=\"width:420px;height:580px\" srcset=\"https:\/\/chartreux.org\/moines\/wp-content\/uploads\/2021\/02\/0X4A6714.jpg 680w, https:\/\/chartreux.org\/moines\/wp-content\/uploads\/2021\/02\/0X4A6714-217x300.jpg 217w\" sizes=\"(max-width: 680px) 100vw, 680px\" \/><\/figure>\n<\/div>\n\n\n<p><a href=\"#toc_container\" class=\"returnToTop\"> Volver arriba! \u2191 <\/a><\/p>\n","protected":false},"excerpt":{"rendered":"<p>1. El desierto 2. La clausura 3. La celda \u00abAspirad a las cosas de arriba, no [&hellip;]<\/p>\n","protected":false},"author":1,"featured_media":0,"parent":0,"menu_order":0,"comment_status":"closed","ping_status":"closed","template":"template-full-width.php","meta":{"footnotes":""},"class_list":["post-2911","page","type-page","status-publish","hentry"],"_links":{"self":[{"href":"https:\/\/chartreux.org\/moines\/wp-json\/wp\/v2\/pages\/2911","targetHints":{"allow":["GET"]}}],"collection":[{"href":"https:\/\/chartreux.org\/moines\/wp-json\/wp\/v2\/pages"}],"about":[{"href":"https:\/\/chartreux.org\/moines\/wp-json\/wp\/v2\/types\/page"}],"author":[{"embeddable":true,"href":"https:\/\/chartreux.org\/moines\/wp-json\/wp\/v2\/users\/1"}],"replies":[{"embeddable":true,"href":"https:\/\/chartreux.org\/moines\/wp-json\/wp\/v2\/comments?post=2911"}],"version-history":[{"count":1,"href":"https:\/\/chartreux.org\/moines\/wp-json\/wp\/v2\/pages\/2911\/revisions"}],"predecessor-version":[{"id":7156,"href":"https:\/\/chartreux.org\/moines\/wp-json\/wp\/v2\/pages\/2911\/revisions\/7156"}],"wp:attachment":[{"href":"https:\/\/chartreux.org\/moines\/wp-json\/wp\/v2\/media?parent=2911"}],"curies":[{"name":"wp","href":"https:\/\/api.w.org\/{rel}","templated":true}]}}