{"id":117,"date":"2020-08-08T00:47:17","date_gmt":"2020-08-07T22:47:17","guid":{"rendered":"http:\/\/cobaye.chartreux.org\/wordpress\/?page_id=117"},"modified":"2021-11-24T20:30:40","modified_gmt":"2021-11-24T19:30:40","slug":"la-vie-spirituelle","status":"publish","type":"page","link":"https:\/\/chartreux.org\/moines\/la-vie-spirituelle\/","title":{"rendered":"La Vie Spirituelle"},"content":{"rendered":"\n<div class=\"wp-block-columns is-layout-flex wp-container-core-columns-is-layout-9d6595d7 wp-block-columns-is-layout-flex\">\n<div class=\"wp-block-column is-layout-flow wp-block-column-is-layout-flow\" style=\"flex-basis:66.66%\">\n<p><\/p>\n<div id=\"toc_container\">\n<ul class=\"toc_list\">\n  <li><a href=\"#1\">1\u00b0 volet : L&rsquo;orientation fondamentale<\/a><\/li>\n  <li><a href=\"#2\">2\u00b0 volet : Le lieu de la purification<\/a><\/li>\n  <li><a href=\"#3\">3\u00b0 volet : L&rsquo;\u0153uvre de la gr\u00e2ce<\/a><\/li>\n<\/ul>\n<\/div>\n<\/div>\n\n\n\n<div class=\"wp-block-column is-layout-flow wp-block-column-is-layout-flow\" style=\"flex-basis:33.33%\"><\/div>\n<\/div>\n\n\n\n<h3 class=\"has-text-align-center wp-block-heading\" id=\"1\">Triptyque<br><br>1\u00b0 volet : L&rsquo;orientation fondamentale<\/h3>\n\n\n\n<p>Le fond de la vie chr\u00e9tienne c\u2019est l\u2019amour, l&rsquo;amour de Dieu et celui des hommes, uni au Christ et vivant par lui. Certains expriment leur charit\u00e9 dans les \u0153uvres apostoliques. Il existe aussi des hommes et des femmes qui se consacrent uniquement \u00e0 Dieu dans la vie contemplative. <\/p>\n\n\n\n<div class=\"wp-block-image\"><figure class=\"alignleft size-large is-resized\"><img decoding=\"async\" src=\"https:\/\/chartreux.org\/moines\/wp-content\/uploads\/2021\/01\/2-P1010039-768x1024.jpg\" alt=\"\" class=\"wp-image-1322\" width=\"416\" height=\"555\" srcset=\"https:\/\/chartreux.org\/moines\/wp-content\/uploads\/2021\/01\/2-P1010039-768x1024.jpg 768w, https:\/\/chartreux.org\/moines\/wp-content\/uploads\/2021\/01\/2-P1010039-225x300.jpg 225w, https:\/\/chartreux.org\/moines\/wp-content\/uploads\/2021\/01\/2-P1010039-1152x1536.jpg 1152w, https:\/\/chartreux.org\/moines\/wp-content\/uploads\/2021\/01\/2-P1010039.jpg 1536w\" sizes=\"(max-width: 416px) 100vw, 416px\" \/><\/figure><\/div>\n\n\n\n<p>Et Dieu appelle librement qui il veut. C&rsquo;est une invitation intime, \u00e0 partager toute sa vie avec lui, \u00e0 le suivre de pr\u00e8s. Parfois cela s&rsquo;impose d&rsquo;une fa\u00e7on incontournable et radicale&nbsp;: <em>\u00ab&nbsp;Tu m&rsquo;as s\u00e9duit, Seigneur, et je me suis laiss\u00e9 s\u00e9duire, tu m&rsquo;as saisi et tu l&rsquo;as emport\u00e9&nbsp;\u00bb <\/em>(Jr 20,7). Celui qui a fait l&rsquo;exp\u00e9rience de l&rsquo;amour de Dieu, cherchera \u00e0 r\u00e9pondre \u00e0 son amour.<\/p>\n\n\n\n<p>Petit groupe partageant une m\u00eame vocation et \u00e0 l&rsquo;int\u00e9rieur duquel chacun vit en bonne partie solitairement, ces moines sont unis sous un prieur et se rassemblent trois fois par jour pour la sainte Eucharistie et le chant de la Liturgie des Heures. Ils poursuivent inlassablement leur qu\u00eate de Dieu, soit dans la cellule, soit dans les ateliers de travail ou les champs. C&rsquo;est leur vocation, c&rsquo;est ce qui les a conduits et r\u00e9unis en ce lieu.<\/p>\n\n\n\n<p>Attir\u00e9s par les libres espaces int\u00e9rieurs, ils ont choisi cette solitude, o\u00f9 ils s&rsquo;imposent volontairement des restrictions importantes, dans le but unique de se tenir mieux ouverts \u00e0 l&rsquo;Absolu de Dieu et \u00e0 la charit\u00e9 du Christ. Stabilis\u00e9s dans cet endroit, assez \u00e0 l&rsquo;\u00e9cart du monde, ils m\u00e8nent une vie pauvre et simple, soumis en tout, dans le c\u00e9libat comme le Christ leur Ma\u00eetre, pour une plus grande disponibilit\u00e9 aux dons du salut et \u00e0 la communion fraternelle.<\/p>\n\n\n\n<p>Constamment ils \u00e9coutent, dans la pri\u00e8re et la m\u00e9ditation, l&rsquo;appel \u00e0 mieux faire, \u00e0 plus \u00eatre. La Parole de Dieu remplit leur silence. Par le d\u00e9pouillement et le travail ils sont solidaires de tous ceux qui peinent, o\u00f9 que ce soit. Avec au fond du c\u0153ur cette attirance vers des horizons toujours plus recul\u00e9s o\u00f9, seule, se dessine encore l&rsquo;image de Dieu dans le Christ, crucifi\u00e9 mais vivant, esp\u00e9rance de leur gloire.<\/p>\n\n\n\n<p>Ainsi sont-ils, en plein c\u0153ur de l&rsquo;humanit\u00e9 mais cependant cach\u00e9s au monde, la m\u00e9moire ind\u00e9racinable de ses origines divines, le constant rappel d&rsquo;une destin\u00e9e spirituelle pour tous les hommes, la sauvegarde d&rsquo;une libert\u00e9 personnelle de plus en plus menac\u00e9e et \u00e9touff\u00e9e, le br\u00fblant d\u00e9sir de l\u2019\u00c9ternel, la garantie d&rsquo;un progr\u00e8s int\u00e9rieur infini, mais circonscrit dans un espace r\u00e9duit : astreints \u00e0 la solitude de l&rsquo;ermitage et de la cellule, pour mieux s&rsquo;\u00e9panouir dans le C\u0153ur de Dieu.<\/p>\n\n\n\n<p><a href=\"#toc_container\" class=\"returnToTop\"> Retourner en haut ! \u2191 <\/a><\/p>\n\n\n\n<h3 class=\"has-text-align-center wp-block-heading\" id=\"2\"><br>2\u00b0 volet : Le lieu de la purification<\/h3>\n\n\n\n<p><em>\u00ab Dieu r\u00e9siste aux orgueilleux et donne sa gr\u00e2ce aux humbles \u00bb<\/em> (1Pe 5,5). Le d\u00e9sert est un feu purificateur.<\/p>\n\n\n\n<p>Dans la solitude tout ce que nous sommes vraiment vient \u00e0 la surface. Toutes les bassesses que nous avons laiss\u00e9es s&rsquo;introduire en nous deviennent manifestes, tout le mal qui nous habite se d\u00e9voile. Nous d\u00e9couvrons notre propre mis\u00e8re, notre faiblesse profonde, notre impuissance visc\u00e9rale.<\/p>\n\n\n\n<p>Ici, il n&rsquo;est pas possible de dissimuler les artifices que nous employons pour cacher ces aspects de nous-m\u00eame qui nous d\u00e9plaisent et qui surtout sont si \u00e9loign\u00e9s du d\u00e9sir de Celui qui voit tout et p\u00e9n\u00e8tre tout. Il devient \u00e9vident que nous nous justifions trop facilement en consid\u00e9rant nos d\u00e9fauts comme des traits de caract\u00e8re.<\/p>\n\n\n\n<div class=\"wp-block-image\"><figure class=\"alignright size-large is-resized\"><img decoding=\"async\" src=\"https:\/\/chartreux.org\/moines\/wp-content\/uploads\/2020\/11\/Ser-Brun-c-1.jpg\" alt=\"\" class=\"wp-image-885\" width=\"322\" height=\"577\" srcset=\"https:\/\/chartreux.org\/moines\/wp-content\/uploads\/2020\/11\/Ser-Brun-c-1.jpg 481w, https:\/\/chartreux.org\/moines\/wp-content\/uploads\/2020\/11\/Ser-Brun-c-1-167x300.jpg 167w\" sizes=\"(max-width: 322px) 100vw, 322px\" \/><\/figure><\/div>\n\n\n\n<p>Ici, nous devenons vuln\u00e9rables; il n&rsquo;y a pas d&rsquo;\u00e9chappatoire. Il n&rsquo;y a pas de distraction qui amortisse, d&rsquo;excuse qui dispense. Il est impossible d&rsquo;\u00e9viter le face \u00e0 face avec la r\u00e9alit\u00e9 profonde de ce que nous sommes, de d\u00e9tourner les yeux.<\/p>\n\n\n\n<p>Ici, les fausses constructions se l\u00e9zardent, toutes ces murailles que nous avons \u00e9lev\u00e9es pour nous prot\u00e9ger. Qui sait combien nous cherchons souvent \u00e0 nous tromper nous-m\u00eames, autant et plus que les autres ! Mais la pr\u00e9tention de conna\u00eetre les r\u00e9alit\u00e9s divines se dissout devant Celui qui demeure le Tout Autre.<\/p>\n\n\n\n<p>C&rsquo;est un chemin abrupt, dans l&rsquo;obscurit\u00e9, \u00e0 t\u00e2tons, guid\u00e9 par la seule foi, mais c&rsquo;est un chemin de v\u00e9rit\u00e9. Toutes nos s\u00e9curit\u00e9s personnelles resteront accroch\u00e9es aux \u00e9pines du sentier et nous laisseront avec cette seule certitude : de nous-m\u00eame, nous ne pouvons rien.<\/p>\n\n\n\n<p>C&rsquo;est l\u00e0 que Dieu nous attend, car on ne peut remplir qu&rsquo;un vase vide et s&rsquo;Il veut nous combler de Lui-m\u00eame Il doit d&rsquo;abord nous d\u00e9pouiller de ce qui nous encombre. Pour r\u00e9aliser une \u0153uvre infiniment d\u00e9licate, l&rsquo;Artiste divin a besoin d&rsquo;un mat\u00e9riau sans r\u00e9sistance. Alors sa main saura susciter de notre mis\u00e8re des merveilles qui resteront cach\u00e9es \u00e0 nos yeux. Toute notre joie sera de nous laisser transformer par Celui qui a pour nom : Amour.<\/p>\n\n\n\n<h3 class=\"has-text-align-center wp-block-heading\" id=\"3\"><br>3\u00b0 volet : L&rsquo;\u0153uvre de la gr\u00e2ce<\/h3>\n\n\n\n<p>L\u2019\u00e2me \u00e0 qui il a \u00e9t\u00e9 donn\u00e9 de m\u00e9priser le monde et de se m\u00e9priser elle-m\u00eame jusqu\u2019\u00e0 l\u2019oubli de soi, \u00e0 qui il a \u00e9t\u00e9 donn\u00e9 \u2013 en d\u2019autres termes \u2013 de tenir pour rien ce qui n\u2019est pas, cette \u00e2me d\u00e9pouill\u00e9e d\u2019elle-m\u00eame voit la Sagesse divine prendre la place de son moi. Toute image cr\u00e9\u00e9e et tout vouloir limit\u00e9 ayant \u00e9t\u00e9 effac\u00e9s par les \u00e9preuves successives qui l\u2019ont \u00e9pur\u00e9e, elle devient ce miroir sans tache dont parle Salomon (Sg 7, 26). Le P\u00e8re s\u2019y contemple en l\u2019inondant de sa gloire et de l&rsquo;ardeur de son amour.<\/p>\n\n\n\n<p>Les \u00ab&nbsp;d\u00e9votions&nbsp;\u00bb o\u00f9 se dispersent plus ou moins les puissances de l\u2019\u00e2me au d\u00e9but d\u2019une vie d\u2019oraison, prennent un sens unique. Les \u00ab&nbsp;pratiques&nbsp;\u00bb se ram\u00e8nent \u00e0 un seul acte, <em>accept\u00e9<\/em> plut\u00f4t que produit, d\u2019un prix immense, car il est d\u2019ordre divin. Il consiste \u00e0 laisser Dieu \u00eatre en nous-m\u00eames. On peut l\u2019appeler charit\u00e9, foi, confiance, adoration, propitiation, action de gr\u00e2ces. Tous les mots sont synonymes et leurs concepts semblent entrer en fusion comme des substances en feu, dans le creuset du c\u0153ur \u00e9bloui o\u00f9 br\u00fble l\u2019Amour m\u00eame subsistant.<\/p>\n\n\n\n<p>Lorsqu\u2019un \u00eatre atteint sa perfection en retournant \u00e0 son principe, il ne trouve pas seulement pour lui-m\u00eame l\u2019abondance de vie mais il sauve les autres \u00eatres en leur communiquant cette vie qu\u2019il puise \u00e0 sa source.<\/p>\n\n\n\n<p>En agissant uniquement en Dieu et pour Dieu, l\u2019homme d\u2019oraison est au centre m\u00eame des c\u0153urs et communique \u00e0 tous de la pl\u00e9nitude de gr\u00e2ce qu&rsquo;il a re\u00e7ue. <em>\u00ab&nbsp;Celui qui croit en moi, de son sein couleront des fleuves d\u2019eau vive&nbsp;\u00bb, <\/em>dit notre Seigneur.<em> \u00ab&nbsp;Il disait cela, <\/em>ajoute saint Jean<em>, de l\u2019Esprit que devaient recevoir ceux qui croient en lui&nbsp;\u00bb<\/em> (Jn 7, 38-39). \u00c9tant parfaitement homme il voit s\u2019accomplir en lui-m\u00eame le d\u00e9sir de l\u2019humanit\u00e9&nbsp;: \u00eatre unis avec le Christ. Il devient en quelque sorte lui-m\u00eame le Bien-Aim\u00e9, le d\u00e9sir\u00e9 des collines \u00e9ternelles.<\/p>\n\n\n\n<p>Celui qui s\u2019est perdu dans le baiser de l\u2019essence divine, qui se laisse engendrer avec J\u00e9sus selon la volont\u00e9 du P\u00e8re, participe \u00e0 la spiration de l\u2019Esprit consolateur et devient lui-m\u00eame un consolateur. Il donne aux \u00e2mes, sans se retourner, la joie \u00e9ternelle dont il s\u2019enivre, il illumine et r\u00e9chauffe le monde parce qu\u2019il n\u2019a souci que de Dieu.<\/p>\n\n\n\n<p>Sans doute, ces choses para\u00eetront folles \u00e0 la sagesse du monde, parce que le monde vit sur les apparences p\u00e9rissables, et que nous parlons de la pure et \u00e9ternelle r\u00e9alit\u00e9. Ses voies ne sont pas les n\u00f4tres, nos pens\u00e9es ne sont pas les siennes (Is 55, 8). Mais encore un peu de temps et l\u2019attente de la nature tout enti\u00e8re sera combl\u00e9e par la glorification des fils de Dieu.<\/p>\n\n\n\n<p>Pour atteindre sans d\u00e9tour la source de toute f\u00e9condit\u00e9 \u2013 qui se trouve sur les hauteurs de la contemplation \u2013 le chartreux s\u2019abaisse jusqu\u2019au plus profond de son n\u00e9ant, o\u00f9 il s\u2019impose par le renoncement continuel la mort totale \u00e0 soi et au monde, et ainsi il r\u00e9alise son id\u00e9al splendide&nbsp;: vivre de Dieu dans la solitude.<\/p>\n\n\n\n<p>O Bonitas&nbsp;!<\/p>\n\n\n\n<div class=\"wp-block-image\"><figure class=\"aligncenter size-large\"><img decoding=\"async\" width=\"1024\" height=\"430\" src=\"https:\/\/chartreux.org\/moines\/wp-content\/uploads\/2020\/11\/PL-spaci8rec-1024x430.jpg\" alt=\"\" class=\"wp-image-888\" srcset=\"https:\/\/chartreux.org\/moines\/wp-content\/uploads\/2020\/11\/PL-spaci8rec-1024x430.jpg 1024w, https:\/\/chartreux.org\/moines\/wp-content\/uploads\/2020\/11\/PL-spaci8rec-300x126.jpg 300w, https:\/\/chartreux.org\/moines\/wp-content\/uploads\/2020\/11\/PL-spaci8rec-768x323.jpg 768w, https:\/\/chartreux.org\/moines\/wp-content\/uploads\/2020\/11\/PL-spaci8rec-1536x645.jpg 1536w, https:\/\/chartreux.org\/moines\/wp-content\/uploads\/2020\/11\/PL-spaci8rec.jpg 1638w\" sizes=\"(max-width: 1024px) 100vw, 1024px\" \/><\/figure><\/div>\n\n\n\n<p><a href=\"#toc_container\" class=\"returnToTop\"> Retourner en haut ! \u2191 <\/a><\/p>\n","protected":false},"excerpt":{"rendered":"<p>1\u00b0 volet : L&rsquo;orientation fondamentale 2\u00b0 volet : Le lieu de la purification 3\u00b0 volet : [&hellip;]<\/p>\n","protected":false},"author":1,"featured_media":0,"parent":0,"menu_order":0,"comment_status":"closed","ping_status":"closed","template":"template-full-width.php","meta":{"footnotes":""},"class_list":["post-117","page","type-page","status-publish","hentry"],"_links":{"self":[{"href":"https:\/\/chartreux.org\/moines\/wp-json\/wp\/v2\/pages\/117","targetHints":{"allow":["GET"]}}],"collection":[{"href":"https:\/\/chartreux.org\/moines\/wp-json\/wp\/v2\/pages"}],"about":[{"href":"https:\/\/chartreux.org\/moines\/wp-json\/wp\/v2\/types\/page"}],"author":[{"embeddable":true,"href":"https:\/\/chartreux.org\/moines\/wp-json\/wp\/v2\/users\/1"}],"replies":[{"embeddable":true,"href":"https:\/\/chartreux.org\/moines\/wp-json\/wp\/v2\/comments?post=117"}],"version-history":[{"count":0,"href":"https:\/\/chartreux.org\/moines\/wp-json\/wp\/v2\/pages\/117\/revisions"}],"wp:attachment":[{"href":"https:\/\/chartreux.org\/moines\/wp-json\/wp\/v2\/media?parent=117"}],"curies":[{"name":"wp","href":"https:\/\/api.w.org\/{rel}","templated":true}]}}